{"id":120143,"date":"2025-07-21T00:00:00","date_gmt":"2025-07-20T22:00:00","guid":{"rendered":"https:\/\/gpl-love.com\/fr\/produit\/wp-sheet-editor-woocommerce-products\/"},"modified":"2026-03-20T23:50:52","modified_gmt":"2026-03-20T22:50:52","slug":"wp-sheet-editor-woocommerce-products","status":"publish","type":"product","link":"https:\/\/gpl-love.com\/fr\/produit\/wp-sheet-editor-woocommerce-products\/","title":{"rendered":"WP Sheet Editor WooCommerce Products 1.8.19"},"content":{"rendered":"<h3>WP Sheet Editor WooCommerce Products Traits<\/h3>\n<p>WP Sheet Editor WooCommerce Products est un plugin tr\u00e8s robuste et efficace qui offre une pl\u00e9thore de fonctionnalit\u00e9s pratiques pour \u00e9diter et superviser de mani\u00e8re transparente vos produits WooCommerce en vrac. En tirant parti de ce plugin, vous avez la possibilit\u00e9 de modifier sans effort les d\u00e9tails cruciaux du produit tels que les titres, les descriptions, les prix et les niveaux d&rsquo;inventaire via une interface de feuille de calcul conviviale. Cette fonctionnalit\u00e9 avantageuse vous permet de mettre en \u0153uvre des changements \u00e0 travers un nombre important de produits simultan\u00e9ment, r\u00e9duisant ainsi consid\u00e9rablement le temps et l&rsquo;\u00e9nergie investis dans le processus. De plus, le plugin est \u00e9quip\u00e9 de capacit\u00e9s de filtrage et de tri avanc\u00e9es, vous permettant de localiser rapidement les produits sp\u00e9cifiques qui n\u00e9cessitent des mises \u00e0 jour. En conclusion, WP Sheet Editor WooCommerce Products sert d&rsquo;outil indispensable pour les propri\u00e9taires de magasins WooCommerce qui aspirent \u00e0 optimiser et \u00e0 rationaliser leurs efforts de gestion de produits.<\/p>\n<ul>\n<li>Modifiez et g\u00e9rez facilement vos donn\u00e9es de produit WooCommerce directement dans votre tableau de bord WordPress<\/li>\n<li>Gagnez du temps et augmentez l&rsquo;efficacit\u00e9 avec l&rsquo;\u00e9dition et la mise \u00e0 jour des produits en vrac<\/li>\n<li>Personnalisez et filtrez votre vue de liste de produits pour vous concentrer sur des types ou des attributs de produits sp\u00e9cifiques<\/li>\n<li>Aper\u00e7u et tester les modifications avant de les publier sur votre site en direct<\/li>\n<li>Importer et exporter les donn\u00e9es du produit en vrac, y compris les images et les variations<\/li>\n<li>Collaborez avec votre \u00e9quipe en \u00e9tablissant des autorisations d&rsquo;\u00e9dition bas\u00e9es sur les r\u00f4les<\/li>\n<li>Int\u00e9grez de mani\u00e8re transparente avec d&rsquo;autres extensions et plugins WooCommerce<\/li>\n<li>Acc\u00e9dez \u00e0 un support technique et \u00e0 une documentation d\u00e9di\u00e9s pour une impl\u00e9mentation et une utilisation en douceur.<\/li>\n<\/ul>\n","protected":false},"excerpt":{"rendered":"<p>WP Sheet Editor WooCommerce Products est un plugin robuste et innovant qui vise \u00e0 am\u00e9liorer et \u00e0 simplifier le processus de gestion des produits WooCommerce. En utilisant cet outil, les utilisateurs ont la possibilit\u00e9 d&rsquo;\u00e9diter, d&rsquo;importer et d&rsquo;exporter sans effort des quantit\u00e9s substantielles de donn\u00e9es de produit via une interface de feuille de calcul tr\u00e8s intuitive et conviviale. L&rsquo;int\u00e9gration transparente de ce plugin avec toutes les fonctionnalit\u00e9s de WooCommerce facilite la gestion efficace des mises \u00e0 jour de produits en vrac et permet aux utilisateurs de filtrer facilement et de rechercher des produits sp\u00e9cifiques en fonction de crit\u00e8res personnalis\u00e9s. En outre, WP Sheet Editor WooCommerce Products offre une pl\u00e9thore de fonctionnalit\u00e9s suppl\u00e9mentaires telles que la gestion des prix des produits et des actions, ainsi que des cat\u00e9gories et des \u00e9tiquettes. En cons\u00e9quence, la gestion des produits devient une entreprise sans tracas. Destin\u00e9 aux propri\u00e9taires de magasins en ligne et aux professionnels du commerce \u00e9lectronique, ce plugin sert de ressource inestimable pour rationaliser la gestion des produits WooCommerce et augmenter par la suite la productivit\u00e9 commerciale \u00e0 des niveaux sans pr\u00e9c\u00e9dent.<\/p>\n","protected":false},"featured_media":146220,"comment_status":"open","ping_status":"open","template":"","meta":[],"product_brand":[2733],"product_cat":[1189,1181,1186],"product_tag":[1545],"class_list":{"0":"post-120143","1":"product","2":"type-product","3":"status-publish","4":"has-post-thumbnail","6":"product_brand-wp-sheet-editor","7":"product_cat-personnalisation","8":"product_cat-plugins","9":"product_cat-wordpress-plugins","10":"product_tag-wp-sheet-editor","11":"member-discount","12":"discount-restricted","14":"first","15":"instock","16":"sale","17":"downloadable","18":"virtual","19":"sold-individually","20":"purchasable","21":"product-type-simple"},"_links":{"self":[{"href":"https:\/\/gpl-love.com\/fr\/wp-json\/wp\/v2\/product\/120143","targetHints":{"allow":["GET"]}}],"collection":[{"href":"https:\/\/gpl-love.com\/fr\/wp-json\/wp\/v2\/product"}],"about":[{"href":"https:\/\/gpl-love.com\/fr\/wp-json\/wp\/v2\/types\/product"}],"replies":[{"embeddable":true,"href":"https:\/\/gpl-love.com\/fr\/wp-json\/wp\/v2\/comments?post=120143"}],"wp:featuredmedia":[{"embeddable":true,"href":"https:\/\/gpl-love.com\/fr\/wp-json\/wp\/v2\/media\/146220"}],"wp:attachment":[{"href":"https:\/\/gpl-love.com\/fr\/wp-json\/wp\/v2\/media?parent=120143"}],"wp:term":[{"taxonomy":"product_brand","embeddable":true,"href":"https:\/\/gpl-love.com\/fr\/wp-json\/wp\/v2\/product_brand?post=120143"},{"taxonomy":"product_cat","embeddable":true,"href":"https:\/\/gpl-love.com\/fr\/wp-json\/wp\/v2\/product_cat?post=120143"},{"taxonomy":"product_tag","embeddable":true,"href":"https:\/\/gpl-love.com\/fr\/wp-json\/wp\/v2\/product_tag?post=120143"}],"curies":[{"name":"wp","href":"https:\/\/api.w.org\/{rel}","templated":true}]}}