{"id":120141,"date":"2026-01-10T00:00:00","date_gmt":"2026-01-09T23:00:00","guid":{"rendered":"https:\/\/gpl-love.com\/fr\/produit\/wp-sheet-editor-editable-frontend-tables\/"},"modified":"2026-03-20T23:50:45","modified_gmt":"2026-03-20T22:50:45","slug":"wp-sheet-editor-editable-frontend-tables","status":"publish","type":"product","link":"https:\/\/gpl-love.com\/fr\/produit\/wp-sheet-editor-editable-frontend-tables\/","title":{"rendered":"WP Sheet Editor Editable Frontend Tables 2.4.44"},"content":{"rendered":"<h3>WP Sheet Editor Editable Frontend Tables Traits<\/h3>\n<p>WP Sheet Editor Editable Frontend Tables est un plugin WordPress incroyablement robuste et riche en fonctionnalit\u00e9s qui sert d&rsquo;une excellente solution pour les propri\u00e9taires de sites Web cherchant \u00e0 cr\u00e9er et \u00e0 g\u00e9rer efficacement les tables. Ce plugin offre une multitude de fonctionnalit\u00e9s avanc\u00e9es, y compris la possibilit\u00e9 de g\u00e9n\u00e9rer sans effort des tables enti\u00e8rement modifiables sur le frontage de votre site. En impl\u00e9mentant ce plugin, vous pouvez fournir \u00e0 vos utilisateurs la commodit\u00e9 et la flexibilit\u00e9 pour modifier les donn\u00e9es dans le tableau sans avoir besoin d&rsquo;acc\u00e9der au backend de votre site WordPress. De plus, WP Sheet Editor Editor Frontend Tables poss\u00e8de une vaste gamme d&rsquo;options de personnalisation, vous permettant de s\u00e9lectionner parmi une gamme de styles de table visuellement attrayants, de sch\u00e9mas de couleurs captivants et de fonctionnalit\u00e9s de table impressionnantes. De plus, les capacit\u00e9s d&rsquo;importation et d&rsquo;exportation transparentes de ce plugin permettent un transfert de donn\u00e9es facile \u00e0 partir des fichiers Excel et CSV. En r\u00e9sum\u00e9, le r\u00e9dacteur en chef de WP Editor Editable Frontend Tables est un outil indispensable pour les personnes cherchant \u00e0 pr\u00e9senter leurs donn\u00e9es de mani\u00e8re professionnelle et sans effort g\u00e9rable sur leur site Web.<\/p>\n<ul>\n<li>Concevez et personnalisez sans effort les tables sur le frontend de votre site Web<\/li>\n<li>Augmenter l&rsquo;engagement des utilisateurs en affichant des donn\u00e9es interactives dans un format facile \u00e0 utiliser<\/li>\n<li>Int\u00e9grez de mani\u00e8re transparente avec des constructeurs de pages populaires comme Elementor et Beaver Builder<\/li>\n<li>Modifiez les donn\u00e9es directement sur le frontend sans avoir \u00e0 naviguer vers le backend<\/li>\n<li>Choisissez parmi une vari\u00e9t\u00e9 de mod\u00e8les pr\u00e9-con\u00e7us ou cr\u00e9ez vos propres styles personnalis\u00e9s<\/li>\n<li>Filtre et trier les donn\u00e9es pour une exp\u00e9rience utilisateur am\u00e9lior\u00e9e<\/li>\n<li>Permettre aux fonctionnalit\u00e9s de recherche instantan\u00e9e de trouver rapidement des informations sp\u00e9cifiques dans un grand ensemble de donn\u00e9es<\/li>\n<li>Collaborer avec les membres de l&rsquo;\u00e9quipe ou les clients en leur permettant de fournir des commentaires et de modifier des donn\u00e9es en temps r\u00e9el<\/li>\n<li>Compatibilit\u00e9 \u00e9tablie avec d&rsquo;autres plugins WordPress populaires pour des fonctionnalit\u00e9s suppl\u00e9mentaires<\/li>\n<li>Panneau d&rsquo;options organis\u00e9 intuitivement pour une configuration et une gestion de table rapides et faciles.<\/li>\n<\/ul>\n","protected":false},"excerpt":{"rendered":"<p>Les tables de frontend modifiables propos\u00e9es par WP Sheet Editor sont une solution r\u00e9volutionnaire pour les d\u00e9veloppeurs de sites Web et les administrateurs. Ce produit r\u00e9volutionnaire leur permet de g\u00e9n\u00e9rer et de modifier sans effort des tables directement sur le frontage de leur site WordPress. Il est r\u00e9volu le temps de grappling avec du codage complexe ou de s&rsquo;appuyer sur des plugins qui exigent une configuration et une configuration approfondies. En installant simplement ce plugin, les utilisateurs peuvent commencer rapidement \u00e0 personnaliser leurs tables via une interface conviviale. Cette interface poss\u00e8de une pl\u00e9thore de fonctionnalit\u00e9s d&rsquo;\u00e9dition telles que les fonctionnalit\u00e9s de glisser-d\u00e9poser, les capacit\u00e9s d&rsquo;\u00e9dition en vrac et la possibilit\u00e9 de trier les donn\u00e9es. Avec l&rsquo;int\u00e9gration des tables de frontend modifiables, les visiteurs du site Web peuvent acc\u00e9der et interagir de mani\u00e8re transparente avec les informations affich\u00e9es, favorisant ainsi un niveau d&rsquo;engagement et de fonctionnalit\u00e9 accrus au sein de leur exp\u00e9rience utilisateur.<\/p>\n","protected":false},"featured_media":146213,"comment_status":"open","ping_status":"open","template":"","meta":[],"product_brand":[2733],"product_cat":[1189,1181,1186],"product_tag":[1545],"class_list":{"0":"post-120141","1":"product","2":"type-product","3":"status-publish","4":"has-post-thumbnail","6":"product_brand-wp-sheet-editor","7":"product_cat-personnalisation","8":"product_cat-plugins","9":"product_cat-wordpress-plugins","10":"product_tag-wp-sheet-editor","11":"member-discount","12":"discount-restricted","14":"first","15":"instock","16":"sale","17":"downloadable","18":"virtual","19":"sold-individually","20":"purchasable","21":"product-type-simple"},"_links":{"self":[{"href":"https:\/\/gpl-love.com\/fr\/wp-json\/wp\/v2\/product\/120141","targetHints":{"allow":["GET"]}}],"collection":[{"href":"https:\/\/gpl-love.com\/fr\/wp-json\/wp\/v2\/product"}],"about":[{"href":"https:\/\/gpl-love.com\/fr\/wp-json\/wp\/v2\/types\/product"}],"replies":[{"embeddable":true,"href":"https:\/\/gpl-love.com\/fr\/wp-json\/wp\/v2\/comments?post=120141"}],"wp:featuredmedia":[{"embeddable":true,"href":"https:\/\/gpl-love.com\/fr\/wp-json\/wp\/v2\/media\/146213"}],"wp:attachment":[{"href":"https:\/\/gpl-love.com\/fr\/wp-json\/wp\/v2\/media?parent=120141"}],"wp:term":[{"taxonomy":"product_brand","embeddable":true,"href":"https:\/\/gpl-love.com\/fr\/wp-json\/wp\/v2\/product_brand?post=120141"},{"taxonomy":"product_cat","embeddable":true,"href":"https:\/\/gpl-love.com\/fr\/wp-json\/wp\/v2\/product_cat?post=120141"},{"taxonomy":"product_tag","embeddable":true,"href":"https:\/\/gpl-love.com\/fr\/wp-json\/wp\/v2\/product_tag?post=120141"}],"curies":[{"name":"wp","href":"https:\/\/api.w.org\/{rel}","templated":true}]}}