{"id":120139,"date":"2026-01-10T00:00:00","date_gmt":"2026-01-09T23:00:00","guid":{"rendered":"https:\/\/gpl-love.com\/fr\/produit\/wp-sheet-editor-custom-tables-pro\/"},"modified":"2026-03-20T23:50:44","modified_gmt":"2026-03-20T22:50:44","slug":"wp-sheet-editor-custom-tables-pro","status":"publish","type":"product","link":"https:\/\/gpl-love.com\/fr\/produit\/wp-sheet-editor-custom-tables-pro\/","title":{"rendered":"WP Sheet Editor Custom Tables Pro 1.2.24"},"content":{"rendered":"<h3>WP Sheet Editor Custom Tables Pro Traits<\/h3>\n<p>WP Sheet Editor Tables Custom Tables Pro est un plugin tr\u00e8s puissant et robuste qui a \u00e9t\u00e9 con\u00e7u de mani\u00e8re complexe pour fournir aux utilisateurs un moyen sans effort de cr\u00e9er, g\u00e9rer et modifier des tables personnalis\u00e9es sur leurs sites Web WordPress. Ce plugin exceptionnel vous permet de cr\u00e9er des tables adapt\u00e9es \u00e0 vos besoins sp\u00e9cifiques, permettant une organisation transparente et une pr\u00e9sentation des donn\u00e9es. Notamment, le plugin pr\u00e9sente une vaste gamme de fonctionnalit\u00e9s qui facilitent la personnalisation sans effort de vos tables. Ces fonctionnalit\u00e9s englobent la possibilit\u00e9 d&rsquo;ins\u00e9rer des colonnes, des lignes et des types de donn\u00e9es, ainsi que la commodit\u00e9 du tri, du filtrage et de la recherche dans vos donn\u00e9es. De plus, ce plugin va au-del\u00e0 en incorporant des fonctionnalit\u00e9s avanc\u00e9es, telles que l&rsquo;importation de donn\u00e9es et les capacit\u00e9s d&rsquo;exportation, le formatage conditionnel et la fourniture de visions personnalis\u00e9es de vos donn\u00e9es. En exploitant la puissance de WP Sheet Editor Custom Tables Pro, vous pouvez prendre le contr\u00f4le efficace de vos donn\u00e9es et g\u00e9n\u00e9rer des tables dynamiques qui vous permettent d&rsquo;acqu\u00e9rir une compr\u00e9hension profonde de votre site Web tout en optimisant simultan\u00e9ment votre gestion.<\/p>\n<ul>\n<li>\u00c9diteur avanc\u00e9 pour les tables personnalis\u00e9es dans WordPress<\/li>\n<li>Permet aux utilisateurs de cr\u00e9er, \u00e9diter et g\u00e9rer facilement les tables personnalis\u00e9es<\/li>\n<li>Fournit une gamme de fonctionnalit\u00e9s puissantes et d&rsquo;options de personnalisation pour les tables<\/li>\n<li>Enti\u00e8rement int\u00e9gr\u00e9 \u00e0 l&rsquo;\u00e9diteur de feuilles WP pour une utilisation transparente<\/li>\n<li>Fournit des aper\u00e7us en temps r\u00e9el de modifications apport\u00e9es<\/li>\n<li>Prend en charge plusieurs types de donn\u00e9es, y compris le texte, les nombres, les dates et les images<\/li>\n<li>Des options de filtrage et de tri approfondies pour faciliter la gestion des donn\u00e9es<\/li>\n<li>Offre une conception r\u00e9active pour diff\u00e9rents appareils, y compris les mobiles et les tablettes<\/li>\n<li>Prend en charge l&rsquo;importation et l&rsquo;exportation de donn\u00e9es provenant de diff\u00e9rentes sources<\/li>\n<li>Offre une duplication de table en un clic pour une cr\u00e9ation de table plus rapide<\/li>\n<\/ul>\n","protected":false},"excerpt":{"rendered":"<p>WP Sheet Editor Custom Tables Pro est un plugin WordPress tr\u00e8s robuste et formidable qui offre aux utilisateurs la capacit\u00e9 remarquable de g\u00e9n\u00e9rer et d&rsquo;administrer des tables personnalis\u00e9es sur leurs sites Web estim\u00e9s. Arm\u00e9s de son interface remarquablement intuitive et d&rsquo;un \u00e9ventail de fonctionnalit\u00e9s avanc\u00e9es, les individus peuvent importer et exporter sans effort et sans effort sans effort, les tables de tailleur vers leurs sp\u00e9cifications pr\u00e9cises, et m\u00eame amalgame des donn\u00e9es de plusieurs tables. Que vous superposiez les op\u00e9rations d&rsquo;une plate-forme de commerce \u00e9lectronique, la supervision d&rsquo;un site Web bas\u00e9 sur l&rsquo;adh\u00e9sion ou que vous n\u00e9cessitiez simplement un m\u00e9canisme mall\u00e9able pour organiser et structurer votre contenu estim\u00e9, WP Sheet Editor Custom Tables Pro est l&rsquo;outil ultime et par excellence pour Faciliter et rationaliser le processus de gestion des donn\u00e9es, assurer une efficacit\u00e9 et une facilit\u00e9 optimales.<\/p>\n","protected":false},"featured_media":146211,"comment_status":"open","ping_status":"open","template":"","meta":[],"product_brand":[2733],"product_cat":[1189,1181,1186],"product_tag":[1545],"class_list":{"0":"post-120139","1":"product","2":"type-product","3":"status-publish","4":"has-post-thumbnail","6":"product_brand-wp-sheet-editor","7":"product_cat-personnalisation","8":"product_cat-plugins","9":"product_cat-wordpress-plugins","10":"product_tag-wp-sheet-editor","11":"member-discount","12":"discount-restricted","14":"first","15":"instock","16":"sale","17":"downloadable","18":"virtual","19":"sold-individually","20":"purchasable","21":"product-type-simple"},"_links":{"self":[{"href":"https:\/\/gpl-love.com\/fr\/wp-json\/wp\/v2\/product\/120139","targetHints":{"allow":["GET"]}}],"collection":[{"href":"https:\/\/gpl-love.com\/fr\/wp-json\/wp\/v2\/product"}],"about":[{"href":"https:\/\/gpl-love.com\/fr\/wp-json\/wp\/v2\/types\/product"}],"replies":[{"embeddable":true,"href":"https:\/\/gpl-love.com\/fr\/wp-json\/wp\/v2\/comments?post=120139"}],"wp:featuredmedia":[{"embeddable":true,"href":"https:\/\/gpl-love.com\/fr\/wp-json\/wp\/v2\/media\/146211"}],"wp:attachment":[{"href":"https:\/\/gpl-love.com\/fr\/wp-json\/wp\/v2\/media?parent=120139"}],"wp:term":[{"taxonomy":"product_brand","embeddable":true,"href":"https:\/\/gpl-love.com\/fr\/wp-json\/wp\/v2\/product_brand?post=120139"},{"taxonomy":"product_cat","embeddable":true,"href":"https:\/\/gpl-love.com\/fr\/wp-json\/wp\/v2\/product_cat?post=120139"},{"taxonomy":"product_tag","embeddable":true,"href":"https:\/\/gpl-love.com\/fr\/wp-json\/wp\/v2\/product_tag?post=120139"}],"curies":[{"name":"wp","href":"https:\/\/api.w.org\/{rel}","templated":true}]}}