{"id":120137,"date":"2026-01-10T00:00:00","date_gmt":"2026-01-09T23:00:00","guid":{"rendered":"https:\/\/gpl-love.com\/fr\/produit\/wp-sheet-editor-woocommerce-orders\/"},"modified":"2026-03-20T23:50:51","modified_gmt":"2026-03-20T22:50:51","slug":"wp-sheet-editor-woocommerce-orders","status":"publish","type":"product","link":"https:\/\/gpl-love.com\/fr\/produit\/wp-sheet-editor-woocommerce-orders\/","title":{"rendered":"WP Sheet Editor WooCommerce Orders Pro 1.3.22"},"content":{"rendered":"<h3>WP Sheet Editor WooCommerce Orders Pro Traits<\/h3>\n<p>Le r\u00e9dacteur en chef WP WOOCOMMERCE ORDERS PRO est un outil remarquablement robuste et formidable qui a \u00e9t\u00e9 ing\u00e9nieusement con\u00e7u et m\u00e9ticuleusement con\u00e7u pour fournir une assistance inestimable aux propri\u00e9taires de magasins en ligne, en les permettant de g\u00e9rer et de modifier efficacement leurs commandes WooCommerce. Ce plugin extraordinaire facilite la visualisation et l&rsquo;\u00e9dition sans couture des commandes par l&rsquo;utilisation d&rsquo;un format de feuille de calcul complet, simplifiant ainsi la t\u00e2che ardue de surveiller et de g\u00e9rer les d\u00e9tails des commandes m\u00e9ticuleusement telles que les informations client, l&rsquo;\u00e9tat des commandes et les d\u00e9tails complexes des produits. De plus, cet outil de pointe est \u00e9quip\u00e9 d&rsquo;une gamme d&rsquo;options de filtrage et de tri sophistiqu\u00e9es, permettant ainsi aux utilisateurs de localiser rapidement et de r\u00e9cup\u00e9rer des commandes sp\u00e9cifiques en fonction d&rsquo;une gamme diversifi\u00e9e de crit\u00e8res tels que la date de commande, le nom du client ou l&rsquo;\u00e9tat de commande. L&rsquo;\u00e9diteur de feuilles WP WooCommerce Orders Pro survient comme un actif indispensable et indispensable pour tout propri\u00e9taire de magasin en ligne exigeant qui aspire ardemment \u00e0 rationaliser et \u00e0 optimiser leur processus global de gestion des commandes, offrant ainsi un niveau sans pr\u00e9c\u00e9dent d&rsquo;am\u00e9lioration et de raffinement de leur efficacit\u00e9 globale sur le flux de travail.<\/p>\n<ul>\n<li>Simplifiez votre processus de gestion des commandes sur WooCommerce avec l&rsquo;\u00e9diteur de feuille WP<\/li>\n<li>Cr\u00e9ez, modifiez et g\u00e9rez vos commandes dans un format de feuille de calcul pour une manipulation et une organisation plus faciles<\/li>\n<li>Gagnez du temps par modification en masse et mise \u00e0 jour des d\u00e9tails de votre commande tels que l&rsquo;adresse d&rsquo;exp\u00e9dition, la quantit\u00e9 de produit et l&rsquo;\u00e9tat de commande<\/li>\n<li>Afficher les informations importantes de commande telles que le num\u00e9ro de commande, le nom du client et l&rsquo;\u00e9tat de paiement en un coup d&rsquo;\u0153il<\/li>\n<li>Personnalisez la feuille de calcul de votre commande avec les options de colonne dont vous avez besoin pour vos besoins de gestion des commandes sp\u00e9cifiques<\/li>\n<li>Filtrer et rechercher facilement des commandes sp\u00e9cifiques en fonction du client, du produit ou de l&rsquo;\u00e9tat de commande<\/li>\n<li>Am\u00e9liorer la pr\u00e9cision et r\u00e9duire les erreurs dans le traitement de vos commandes avec la possibilit\u00e9 de suivre les modifications et de revenir aux versions pr\u00e9c\u00e9dentes<\/li>\n<li>Compatible avec les passerelles de paiement populaires telles que PayPal et Stripe<\/li>\n<li>Obtenez un support client d\u00e9di\u00e9 et des mises \u00e0 jour automatiques avec l&rsquo;\u00e9diteur WP Editor WooCommerce Orders Pro version.<\/li>\n<\/ul>\n","protected":false},"excerpt":{"rendered":"<p>WP Sheet Editor WooCommerce Orders Pro est un plugin tr\u00e8s sophistiqu\u00e9 qui a \u00e9t\u00e9 sp\u00e9cifiquement d\u00e9velopp\u00e9 pour optimiser le processus de gestion des commandes pour les propri\u00e9taires de magasins WooCommerce. En incorporant une large gamme de fonctionnalit\u00e9s puissantes, ce plugin avanc\u00e9 permet aux utilisateurs de modifier, filtrer et ex\u00e9cuter et ex\u00e9cuter des mises \u00e0 jour en vrac sur les commandes, tout au long d&rsquo;une interface de feuille de calcul tr\u00e8s intuitive. Avec ses fonctionnalit\u00e9s am\u00e9lior\u00e9es et son interface conviviale, WP Sheet Editor WooCommerce Orders Pro fournit un niveau de commodit\u00e9 et d&rsquo;efficacit\u00e9 in\u00e9gal\u00e9 lorsqu&rsquo;il s&rsquo;agit de g\u00e9rer les commandes et les donn\u00e9es clients. En utilisant ce plugin exceptionnel, vous pourrez \u00e9conomiser un temps et des efforts consid\u00e9rables. Que vous ayez besoin de mettre \u00e0 jour plusieurs commandes en vrac ou de g\u00e9rer efficacement les donn\u00e9es clients de votre magasin, WP Sheet Editor WooCommerce Orders Pro est la solution ultime qui r\u00e9pond \u00e0 toutes vos exigences.<\/p>\n","protected":false},"featured_media":146219,"comment_status":"open","ping_status":"open","template":"","meta":[],"product_brand":[2733],"product_cat":[1189,1181,1186],"product_tag":[1545],"class_list":{"0":"post-120137","1":"product","2":"type-product","3":"status-publish","4":"has-post-thumbnail","6":"product_brand-wp-sheet-editor","7":"product_cat-personnalisation","8":"product_cat-plugins","9":"product_cat-wordpress-plugins","10":"product_tag-wp-sheet-editor","11":"member-discount","12":"discount-restricted","14":"first","15":"instock","16":"sale","17":"downloadable","18":"virtual","19":"sold-individually","20":"purchasable","21":"product-type-simple"},"_links":{"self":[{"href":"https:\/\/gpl-love.com\/fr\/wp-json\/wp\/v2\/product\/120137","targetHints":{"allow":["GET"]}}],"collection":[{"href":"https:\/\/gpl-love.com\/fr\/wp-json\/wp\/v2\/product"}],"about":[{"href":"https:\/\/gpl-love.com\/fr\/wp-json\/wp\/v2\/types\/product"}],"replies":[{"embeddable":true,"href":"https:\/\/gpl-love.com\/fr\/wp-json\/wp\/v2\/comments?post=120137"}],"wp:featuredmedia":[{"embeddable":true,"href":"https:\/\/gpl-love.com\/fr\/wp-json\/wp\/v2\/media\/146219"}],"wp:attachment":[{"href":"https:\/\/gpl-love.com\/fr\/wp-json\/wp\/v2\/media?parent=120137"}],"wp:term":[{"taxonomy":"product_brand","embeddable":true,"href":"https:\/\/gpl-love.com\/fr\/wp-json\/wp\/v2\/product_brand?post=120137"},{"taxonomy":"product_cat","embeddable":true,"href":"https:\/\/gpl-love.com\/fr\/wp-json\/wp\/v2\/product_cat?post=120137"},{"taxonomy":"product_tag","embeddable":true,"href":"https:\/\/gpl-love.com\/fr\/wp-json\/wp\/v2\/product_tag?post=120137"}],"curies":[{"name":"wp","href":"https:\/\/api.w.org\/{rel}","templated":true}]}}