{"id":120135,"date":"2026-01-10T00:00:00","date_gmt":"2026-01-09T23:00:00","guid":{"rendered":"https:\/\/gpl-love.com\/fr\/produit\/wp-sheet-editor-media-library-premium\/"},"modified":"2026-03-20T23:50:48","modified_gmt":"2026-03-20T22:50:48","slug":"wp-sheet-editor-media-library-premium","status":"publish","type":"product","link":"https:\/\/gpl-love.com\/fr\/produit\/wp-sheet-editor-media-library-premium\/","title":{"rendered":"WP Sheet Editor Media Library 1.10.22"},"content":{"rendered":"<h3>WP Sheet Editor Media Library Traits<\/h3>\n<p>WP Sheet Editor Media Library est un plugin tr\u00e8s efficace et robuste qui a \u00e9t\u00e9 sp\u00e9cialement con\u00e7u pour les sites Web WordPress. Son objectif principal est d&rsquo;am\u00e9liorer et de rationaliser le processus global de gestion du contenu en fournissant aux utilisateurs une interface tr\u00e8s pratique et intuitive qui est sp\u00e9cifiquement adapt\u00e9e \u00e0 la gestion des fichiers multim\u00e9dias. Gr\u00e2ce \u00e0 l&rsquo;utilisation de ce plugin, les individus sont en mesure de modifier, de mettre \u00e0 jour et d&rsquo;organiser sans effort et de mani\u00e8re transparente leur biblioth\u00e8que de m\u00e9dias directement \u00e0 partir de l&rsquo;\u00e9diteur de feuille de calcul sans n\u00e9cessiter d&rsquo;utiliser un logiciel suppl\u00e9mentaire ou des connaissances techniques sp\u00e9cialis\u00e9es.<\/p>\n<p>L&rsquo;un des principaux avantages de l&rsquo;int\u00e9gration de la biblioth\u00e8que de m\u00e9dias de l&rsquo;\u00e9diteur de feuilles WP dans votre site Web est sa large gamme de fonctionnalit\u00e9s de r\u00e9duction de temps qui aident grandement les utilisateurs \u00e0 g\u00e9rer et \u00e0 optimiser efficacement leur biblioth\u00e8que de m\u00e9dias. Il s&rsquo;agit notamment de la possibilit\u00e9 d&rsquo;effectuer des t\u00e2ches d&rsquo;\u00e9dition en masse, des capacit\u00e9s de filtrage avanc\u00e9es, ainsi que des options de tri compl\u00e8tes. En utilisant ces outils puissants, les utilisateurs peuvent g\u00e9rer sans effort de grands volumes de fichiers multim\u00e9dias, qu&rsquo;ils utilisent un petit site Web ou une plate-forme beaucoup plus grande et plus lourde de contenu.<\/p>\n<p>L&rsquo;importance de la biblioth\u00e8que de m\u00e9dias de l&rsquo;\u00e9diteur de feuilles WP pour simplifier la t\u00e2che complexe de la gestion des m\u00e9dias ne doit pas \u00eatre sous-estim\u00e9e. Cet outil indispensable est sp\u00e9cialement con\u00e7u pour simplifier et acc\u00e9l\u00e9rer le processus, am\u00e9liorant ainsi consid\u00e9rablement le flux de travail global. Il s&rsquo;agit d&rsquo;un \u00e9l\u00e9ment essentiel pour toute personne ou organisation qui cherche \u00e0 am\u00e9liorer ses capacit\u00e9s de gestion des m\u00e9dias et \u00e0 optimiser son processus de gestion de contenu.<\/p>\n<ul>\n<li>G\u00e9rer et modifier sans effort WordPress Media Files directement \u00e0 partir d&rsquo;une interface de feuille de calcul<\/li>\n<li>Filtrez et recherchez rapidement les fichiers multim\u00e9dias par nom de fichier, date, taille et plus<\/li>\n<li>Faites glisser et d\u00e9posez de mani\u00e8re transparente les fichiers pour t\u00e9l\u00e9charger et se d\u00e9placer dans les dossiers<\/li>\n<li>Synchronisation des modifications apport\u00e9es dans la feuille de calcul dans votre biblioth\u00e8que de m\u00e9dias WordPress en temps r\u00e9el<\/li>\n<li>Mise \u00e0 jour facilement des informations sur les fichiers multim\u00e9dias tels que les titres, les descriptions et le texte alt<\/li>\n<li>Traversez les fichiers multim\u00e9dias de r\u00e9f\u00e9rence aux publications et pages avec le g\u00e9n\u00e9rateur de raccourcis inclus<\/li>\n<li>Gagnez du temps et rationalisez votre processus de gestion des m\u00e9dias avec la biblioth\u00e8que de m\u00e9dias de l&rsquo;\u00e9diteur de feuilles WP.<\/li>\n<\/ul>\n","protected":false},"excerpt":{"rendered":"<p>WP Sheet Editor Media Library est un plugin tr\u00e8s robuste et formidable, vous permettant de g\u00e9rer et de superviser et de superviser votre biblioth\u00e8que de m\u00e9dias WordPress directement \u00e0 partir de l&rsquo;\u00e9diteur de feuille de calcul. Gr\u00e2ce \u00e0 la mise en \u0153uvre de ce plugin, vous avez maintenant la possibilit\u00e9 de filtrer, trier et rechercher facilement vos fichiers multim\u00e9dias avec la plus grande facilit\u00e9 et la ma\u00eetrise, tout en \u00e9tant en mesure d&rsquo;ex\u00e9cuter des modifications en vrac \u00e0 leurs m\u00e9tadonn\u00e9es et attributs. Que vos exigences sp\u00e9cifiques impliquent l&rsquo;ajustement des tailles d&rsquo;image, la mise \u00e0 jour des balises ALT ou m\u00eame l&rsquo;organisation de vos fichiers dans des dossiers soigneusement structur\u00e9s, assurez-vous que la biblioth\u00e8que de m\u00e9dias de l&rsquo;\u00e9diteur de feuilles WP vous a enti\u00e8rement couvert. Offrez des adieux au travail manuel ardu et long qui accompagne traditionnellement la gestion des m\u00e9dias et dit un bonjour retentissant \u00e0 une nouvelle \u00e8re de gestion des m\u00e9dias rationalis\u00e9e, sans couture et tr\u00e8s efficace.<\/p>\n","protected":false},"featured_media":146215,"comment_status":"open","ping_status":"open","template":"","meta":[],"product_brand":[2733],"product_cat":[1189,1181,1186],"product_tag":[1545],"class_list":{"0":"post-120135","1":"product","2":"type-product","3":"status-publish","4":"has-post-thumbnail","6":"product_brand-wp-sheet-editor","7":"product_cat-personnalisation","8":"product_cat-plugins","9":"product_cat-wordpress-plugins","10":"product_tag-wp-sheet-editor","11":"member-discount","12":"discount-restricted","14":"first","15":"instock","16":"sale","17":"downloadable","18":"virtual","19":"sold-individually","20":"purchasable","21":"product-type-simple"},"_links":{"self":[{"href":"https:\/\/gpl-love.com\/fr\/wp-json\/wp\/v2\/product\/120135","targetHints":{"allow":["GET"]}}],"collection":[{"href":"https:\/\/gpl-love.com\/fr\/wp-json\/wp\/v2\/product"}],"about":[{"href":"https:\/\/gpl-love.com\/fr\/wp-json\/wp\/v2\/types\/product"}],"replies":[{"embeddable":true,"href":"https:\/\/gpl-love.com\/fr\/wp-json\/wp\/v2\/comments?post=120135"}],"wp:featuredmedia":[{"embeddable":true,"href":"https:\/\/gpl-love.com\/fr\/wp-json\/wp\/v2\/media\/146215"}],"wp:attachment":[{"href":"https:\/\/gpl-love.com\/fr\/wp-json\/wp\/v2\/media?parent=120135"}],"wp:term":[{"taxonomy":"product_brand","embeddable":true,"href":"https:\/\/gpl-love.com\/fr\/wp-json\/wp\/v2\/product_brand?post=120135"},{"taxonomy":"product_cat","embeddable":true,"href":"https:\/\/gpl-love.com\/fr\/wp-json\/wp\/v2\/product_cat?post=120135"},{"taxonomy":"product_tag","embeddable":true,"href":"https:\/\/gpl-love.com\/fr\/wp-json\/wp\/v2\/product_tag?post=120135"}],"curies":[{"name":"wp","href":"https:\/\/api.w.org\/{rel}","templated":true}]}}