{"id":120134,"date":"2026-03-02T00:00:00","date_gmt":"2026-03-01T23:00:00","guid":{"rendered":"https:\/\/gpl-love.com\/fr\/produit\/learndash-lms-bbpress-integration-add-on\/"},"modified":"2026-03-20T23:21:55","modified_gmt":"2026-03-20T22:21:55","slug":"learndash-lms-bbpress-integration-add-on","status":"publish","type":"product","link":"https:\/\/gpl-love.com\/fr\/produit\/learndash-lms-bbpress-integration-add-on\/","title":{"rendered":"LearnDash LMS BBPress Integration Add-on 2.2.5"},"content":{"rendered":"<h3>LearnDash LMS BBPress Integration Add-on Traits<\/h3>\n<p>Le module compl\u00e9mentaire Learndash LMS BBPress Integration est un outil exceptionnellement puissant qui offre l&rsquo;int\u00e9gration transparente de votre LMS LearnDash avec BBPress, un plugin de forum extr\u00eamement populaire con\u00e7u pour WordPress. En utilisant ce module compl\u00e9mentaire, vous avez la capacit\u00e9 d&rsquo;\u00e9tablir sans effort une communaut\u00e9 dynamique centr\u00e9e sur vos cours, favorisant ainsi la participation active des \u00e9tudiants qui peuvent facilement participer \u00e0 des discussions perspicaces et \u00e9changer leurs connaissances accumul\u00e9es. Le processus d&rsquo;int\u00e9gration lui-m\u00eame est remarquablement simple et facilite la gestion pratique de vos forums et de vos cours, car ils peuvent \u00eatre supervis\u00e9s sans effort \u00e0 partir d&rsquo;un seul tableau de bord unifi\u00e9. En outre, vous avez la capacit\u00e9 de contr\u00f4ler m\u00e9ticuleusement l&rsquo;acc\u00e8s \u00e0 ces forums en accordant s\u00e9lectivement l&rsquo;entr\u00e9e uniquement \u00e0 des cours ou des groupes d&rsquo;apprenants sp\u00e9cifiques, garantissant ainsi que seules les personnes les plus m\u00e9ritantes ont le privil\u00e8ge de s&rsquo;engager dans ces discussions. Par cons\u00e9quent, si vous \u00eates un individu qui aspire \u00e0 am\u00e9liorer l&rsquo;environnement d&rsquo;apprentissage en ligne que vous offrez en favorisant une communaut\u00e9 d&rsquo;apprenants dynamique et engag\u00e9e, cet module compl\u00e9mentaire sert de solution id\u00e9ale pour vous.<\/p>\n<ul>\n<li>Int\u00e9grez de mani\u00e8re transparente deux plates-formes puissantes: LearnDash LMS et BBPress<\/li>\n<li>Permettez aux utilisateurs de cr\u00e9er et de g\u00e9rer facilement les forums de discussion dans les cours LearnDash<\/li>\n<li>Activer les discussions sur le contenu, les affectations ou les quiz sp\u00e9cifiques<\/li>\n<li>Encourager l&rsquo;apprentissage collaboratif et l&rsquo;engagement entre les \u00e9tudiants et les instructeurs<\/li>\n<li>Processus de configuration intuitif avec des instructions \u00e9tape par \u00e9tape<\/li>\n<li>Param\u00e8tres personnalisables pour l&rsquo;affichage du forum, la mod\u00e9ration publique et les notifications<\/li>\n<li>Suivre l&rsquo;activit\u00e9 des utilisateurs et la participation du forum dans les rapports LearnDash<\/li>\n<li>Compatible avec les modules compl\u00e9mentaires populaires tels que Learndash Course Course Grid et Learndash Points<\/li>\n<li>Mis \u00e0 jour en permanence et soutenu par une \u00e9quipe de d\u00e9veloppement d\u00e9di\u00e9e<\/li>\n<\/ul>\n","protected":false},"excerpt":{"rendered":"<p>Le module compl\u00e9mentaire Learndash LMS BBPress Integration, un outil incroyablement puissant, int\u00e8gre de mani\u00e8re transparente la plate-forme Learndash avec BBPress, vous offrant ainsi la possibilit\u00e9 de cr\u00e9er sans effort des cours et des communaut\u00e9s en ligne. En utilisant ce module compl\u00e9mentaire exceptionnel, vous pouvez \u00e9tablir sans effort des forums, des groupes de discussion et des babillards \u00e9lectroniques dans vos cours en ligne, qui peuvent tous \u00eatre g\u00e9r\u00e9s sans effort \u00e0 partir du m\u00eame tableau de bord. En permettant aux \u00e9tudiants d&rsquo;interagir les uns avec les autres, de poser des demandes et d&rsquo;\u00e9changer des id\u00e9es, le processus d&rsquo;apprentissage devient beaucoup plus captivant et interactif. Ce module compl\u00e9mentaire riche en fonctionnalit\u00e9s est particuli\u00e8rement personnalisable et convivial, garantissant que vos activit\u00e9s de cours en ligne et de construction de la communaut\u00e9 s&rsquo;alignent pr\u00e9cis\u00e9ment avec vos besoins sp\u00e9cifiques. Embarquez dans un parcours de fonctionnalit\u00e9s am\u00e9lior\u00e9es et de l&rsquo;engagement accru en incorporant le compl\u00e9ment de compl\u00e9ment RMS BBPress \u00e0 vos efforts \u00e9ducatifs!<\/p>\n","protected":false},"featured_media":144339,"comment_status":"open","ping_status":"open","template":"","meta":[],"product_brand":[2579],"product_cat":[1189,1181,1186],"product_tag":[1295],"class_list":{"0":"post-120134","1":"product","2":"type-product","3":"status-publish","4":"has-post-thumbnail","6":"product_brand-learndash","7":"product_cat-personnalisation","8":"product_cat-plugins","9":"product_cat-wordpress-plugins","10":"product_tag-learndash","11":"member-discount","12":"discount-restricted","14":"first","15":"instock","16":"sale","17":"downloadable","18":"virtual","19":"sold-individually","20":"purchasable","21":"product-type-simple"},"_links":{"self":[{"href":"https:\/\/gpl-love.com\/fr\/wp-json\/wp\/v2\/product\/120134","targetHints":{"allow":["GET"]}}],"collection":[{"href":"https:\/\/gpl-love.com\/fr\/wp-json\/wp\/v2\/product"}],"about":[{"href":"https:\/\/gpl-love.com\/fr\/wp-json\/wp\/v2\/types\/product"}],"replies":[{"embeddable":true,"href":"https:\/\/gpl-love.com\/fr\/wp-json\/wp\/v2\/comments?post=120134"}],"wp:featuredmedia":[{"embeddable":true,"href":"https:\/\/gpl-love.com\/fr\/wp-json\/wp\/v2\/media\/144339"}],"wp:attachment":[{"href":"https:\/\/gpl-love.com\/fr\/wp-json\/wp\/v2\/media?parent=120134"}],"wp:term":[{"taxonomy":"product_brand","embeddable":true,"href":"https:\/\/gpl-love.com\/fr\/wp-json\/wp\/v2\/product_brand?post=120134"},{"taxonomy":"product_cat","embeddable":true,"href":"https:\/\/gpl-love.com\/fr\/wp-json\/wp\/v2\/product_cat?post=120134"},{"taxonomy":"product_tag","embeddable":true,"href":"https:\/\/gpl-love.com\/fr\/wp-json\/wp\/v2\/product_tag?post=120134"}],"curies":[{"name":"wp","href":"https:\/\/api.w.org\/{rel}","templated":true}]}}