{"id":120132,"date":"2025-02-17T00:00:00","date_gmt":"2025-02-16T23:00:00","guid":{"rendered":"https:\/\/gpl-love.com\/fr\/produit\/themify-woocommerce-product-filter\/"},"modified":"2026-04-10T18:43:12","modified_gmt":"2026-04-10T16:43:12","slug":"themify-woocommerce-product-filter","status":"publish","type":"product","link":"https:\/\/gpl-love.com\/fr\/produit\/themify-woocommerce-product-filter\/","title":{"rendered":"Themify WooCommerce Product Filter 1.5.3"},"content":{"rendered":"<h3>Themify WooCommerce Product Filter Traits<\/h3>\n<p>Th\u00e9sifier le filtre de produit WooCommerce est un plugin extr\u00eamement puissant qui a \u00e9t\u00e9 m\u00e9ticuleusement con\u00e7u pour augmenter l&rsquo;exp\u00e9rience d&rsquo;achat des propri\u00e9taires de magasins en ligne et de leurs consommateurs. En tirant parti de ce plugin remarquable, les consommateurs peuvent filtrer de mani\u00e8re transparente et sans effort \u00e0 travers une myriade de produits, utilisant un \u00e9ventail diversifi\u00e9 de crit\u00e8res qui englobent le prix, la taille, la couleur, la cat\u00e9gorie et un assortiment d&rsquo;autres variables. En outre, ce plugin poss\u00e8de une interface utilisateur con\u00e7ue intuitivement, renforc\u00e9e par un vaste r\u00e9pertoire d&rsquo;options de personnalisation qui permettent aux propri\u00e9taires de magasins d&rsquo;adapter impeccablement le filtre \u00e0 leurs pr\u00e9f\u00e9rences idiosyncratiques et leurs exigences sp\u00e9cifiques. Par cons\u00e9quent, cette solution innovante \u00e9vite efficacement la t\u00e2che ardue de faire d\u00e9filer sans cesse les pages sur des pages de produits \u00e0 la recherche de l&rsquo;\u00e9l\u00e9ment souhait\u00e9. Essentiellement, l&rsquo;utilisation du filtre de produit WooCommerce THECIFY am\u00e9liore consid\u00e9rablement l&rsquo;accessibilit\u00e9 globale et la convivialit\u00e9 de votre boutique en ligne, engendrez ainsi une augmentation substantielle des ventes et du contentement client.<\/p>\n<ul>\n<li>Ajoute des fonctionnalit\u00e9s de filtrage des produits aux sites Web WooCommerce<\/li>\n<li>Comprend plusieurs types de filtres, tels que la gamme de prix, les cat\u00e9gories de produits et les groupes d&rsquo;attribut<\/li>\n<li>Permet aux clients de trouver et de trier facilement les produits en fonction de leurs besoins sp\u00e9cifiques<\/li>\n<li>Peut \u00eatre personnalis\u00e9 pour correspondre \u00e0 la conception et \u00e0 la marque du site Web<\/li>\n<li>Compatible avec tous les th\u00e8mes de The Thify et travaille \u00e9galement avec des th\u00e8mes non themifi\u00e9s<\/li>\n<li>Prend en charge les s\u00e9lections de filtres uniques et multiples<\/li>\n<li>Fournit un filtrage en direct, afin que les clients puissent voir les changements de produits en temps r\u00e9el<\/li>\n<li>Offre des options de raccourcis et de widget pour un placement facile sur le site Web<\/li>\n<li>Comprend une interface conviviale qui est facile \u00e0 naviguer pour les clients et les administrateurs de sites Web<\/li>\n<li>Am\u00e9liore l&rsquo;exp\u00e9rience d&rsquo;achat globale, am\u00e9liorant la satisfaction des clients et potentiellement augmenter les ventes.<\/li>\n<\/ul>\n","protected":false},"excerpt":{"rendered":"<p>Le filtre de produit WooCommerce The Th\u00e9ify appara\u00eet comme une ressource indispensable pour tous les propri\u00e9taires des magasins WooCommerce. Il est m\u00e9ticuleusement con\u00e7u pour aider les acheteurs potentiels \u00e0 localiser les produits qui s&rsquo;alignent pr\u00e9cis\u00e9ment avec leurs besoins distinctifs. Ce plugin remarquable accorde aux utilisateurs un syst\u00e8me de filtre qui est non seulement personnalisable mais englobe \u00e9galement une gamme d&rsquo;options de filtre, allant de la gamme de prix aux cat\u00e9gories de produits, aux balises et au-del\u00e0. Avec son interface remarquablement conviviale et la commodit\u00e9 suppl\u00e9mentaire du filtrage en temps r\u00e9el, les consommateurs peuvent affiner de mani\u00e8re transparente leurs requ\u00eates de recherche et d\u00e9couvrir rapidement les produits qui r\u00e9pondent \u00e0 leurs d\u00e9sirs avec la plus grande facilit\u00e9 et l&rsquo;efficacit\u00e9. En outre, le potentiel de cet outil extraordinaire est encore amplifi\u00e9 par sa capacit\u00e9 \u00e0 fa\u00e7onner un nombre illimit\u00e9 de filtres et \u00e0 les adapter conform\u00e9ment \u00e0 l&rsquo;esth\u00e9tique de votre site Web, renfor\u00e7ant ainsi son efficacit\u00e9 dans l&rsquo;augmentation des ventes et le renforcement de l&rsquo;exp\u00e9rience utilisateur globale sur votre plate-forme de commerce \u00e9lectronique.<\/p>\n","protected":false},"featured_media":145561,"comment_status":"open","ping_status":"open","template":"","meta":[],"product_brand":[2674],"product_cat":[1182,1223,1181],"product_tag":[1375],"class_list":{"0":"post-120132","1":"product","2":"type-product","3":"status-publish","4":"has-post-thumbnail","6":"product_brand-themify","7":"product_cat-commerce-electronique-plugins","8":"product_cat-personnalisation-commerce-electronique-plugins","9":"product_cat-plugins","10":"product_tag-themify","11":"member-discount","12":"discount-restricted","14":"first","15":"instock","16":"sale","17":"downloadable","18":"virtual","19":"sold-individually","20":"purchasable","21":"product-type-simple"},"_links":{"self":[{"href":"https:\/\/gpl-love.com\/fr\/wp-json\/wp\/v2\/product\/120132","targetHints":{"allow":["GET"]}}],"collection":[{"href":"https:\/\/gpl-love.com\/fr\/wp-json\/wp\/v2\/product"}],"about":[{"href":"https:\/\/gpl-love.com\/fr\/wp-json\/wp\/v2\/types\/product"}],"replies":[{"embeddable":true,"href":"https:\/\/gpl-love.com\/fr\/wp-json\/wp\/v2\/comments?post=120132"}],"wp:featuredmedia":[{"embeddable":true,"href":"https:\/\/gpl-love.com\/fr\/wp-json\/wp\/v2\/media\/145561"}],"wp:attachment":[{"href":"https:\/\/gpl-love.com\/fr\/wp-json\/wp\/v2\/media?parent=120132"}],"wp:term":[{"taxonomy":"product_brand","embeddable":true,"href":"https:\/\/gpl-love.com\/fr\/wp-json\/wp\/v2\/product_brand?post=120132"},{"taxonomy":"product_cat","embeddable":true,"href":"https:\/\/gpl-love.com\/fr\/wp-json\/wp\/v2\/product_cat?post=120132"},{"taxonomy":"product_tag","embeddable":true,"href":"https:\/\/gpl-love.com\/fr\/wp-json\/wp\/v2\/product_tag?post=120132"}],"curies":[{"name":"wp","href":"https:\/\/api.w.org\/{rel}","templated":true}]}}