{"id":120094,"date":"2026-03-06T00:00:00","date_gmt":"2026-03-05T23:00:00","guid":{"rendered":"https:\/\/gpl-love.com\/fr\/produit\/automatorwp-restrict-content-pro\/"},"modified":"2026-03-20T22:55:30","modified_gmt":"2026-03-20T21:55:30","slug":"automatorwp-restrict-content-pro","status":"publish","type":"product","link":"https:\/\/gpl-love.com\/fr\/produit\/automatorwp-restrict-content-pro\/","title":{"rendered":"AutomatorWP Restrict Content Pro 1.1.3"},"content":{"rendered":"<h3>AutomatorWP Restrict Content Pro Traits<\/h3>\n<p>AutomatorWP restrection Content Pro pr\u00e9sente une formidable solution pour les propri\u00e9taires de sites Web qui poss\u00e8dent le d\u00e9sir de livrer du contenu exclusif \u00e0 leurs abonn\u00e9s. Au moyen de ce plugin remarquable, vous \u00eates accord\u00e9 \u00e0 la possibilit\u00e9 de limiter sans effort l&rsquo;acc\u00e8s \u00e0 des pages sp\u00e9cifiques ou \u00e0 des publications subordonn\u00e9es aux niveaux d&rsquo;adh\u00e9sion, \u00e0 la dur\u00e9e d&rsquo;abonnement ou aux r\u00f4les utilisateur. Par cons\u00e9quent, la cr\u00e9ation d&rsquo;un site d&rsquo;adh\u00e9sion ou la mise en \u0153uvre d&rsquo;un contenu ferm\u00e9 qui offre uniquement l&rsquo;admission aux membres r\u00e9mun\u00e9r\u00e9s ou \u00e0 certains utilisateurs devient une entreprise possible. En outre, ce plugin s&rsquo;int\u00e8gre de mani\u00e8re transparente \u00e0 AutomatorWP, permettant ainsi l&rsquo;automatisation d&rsquo;une gamme de t\u00e2ches concernant la gestion des membres, englobant la transmission des e-mails de bienvenue, la facilitation des am\u00e9liorations ou les r\u00e9trogradations dans les membres et la d\u00e9livrance des notifications aux utilisateurs concernant les renouvellements imminent des renouvellements imminent dans les r\u00e9novations et et la d\u00e9livrance des notifications aux utilisateurs concernant les renouvellements imminent des renouvellements imminent dans les r\u00e9novations et les renouvellements imminent et les renouvellements imminent et et la d\u00e9livrance des notifications pour les utilisateurs concernant les renouvellements imminent des renouvellements imminent dans les r\u00e9novations et les renouvellements imminent et les renouvellements immine . L&rsquo;utilisation de AutomatorWP restrect Le contenu vous permet essentiellement des outils n\u00e9cessaires pour mon\u00e9tiser sans effort votre contenu, augmenter l&rsquo;engagement et favoriser la formation d&rsquo;une communaut\u00e9 ferme comprenant des abonn\u00e9s fid\u00e8les.<\/p>\n<ul>\n<li>Restreint l&rsquo;acc\u00e8s au contenu aux membres payants \u00e0 l&rsquo;aide de restreindre le contenu pro et Automatorwp<\/li>\n<li>Facile \u00e0 configurer sans n\u00e9cessiter aucune exp\u00e9rience de codage<\/li>\n<li>Cr\u00e9ez des r\u00e8gles d&rsquo;automatisation pour accorder ou r\u00e9voquer l&rsquo;acc\u00e8s \u00e0 un contenu restreint en fonction de d\u00e9clencheurs tels que l&rsquo;enregistrement des utilisateurs, l&rsquo;historique d&rsquo;achat ou les modifications du niveau d&rsquo;adh\u00e9sion<\/li>\n<li>Personnalisez les messages affich\u00e9s \u00e0 des non-membres ou \u00e0 des membres qui n&rsquo;ont pas acc\u00e8s \u00e0 un contenu sp\u00e9cifique<\/li>\n<li>Obtenez des rapports et des statistiques d\u00e9taill\u00e9s pour suivre l&rsquo;activit\u00e9 des utilisateurs, la consommation de contenu et les revenus<\/li>\n<li>Compatible avec d&rsquo;autres extensions et modules compl\u00e9mentaires de restriction de contenu pro et Automatorwp<\/li>\n<li>Fournit une exp\u00e9rience utilisateur sans couture et s\u00e9curis\u00e9e pour les membres payants<\/li>\n<li>Am\u00e9lioration de l&rsquo;engagement et de la r\u00e9tention pour les membres r\u00e9mun\u00e9r\u00e9s en offrant un acc\u00e8s exclusif \u00e0 un contenu pr\u00e9cieux.<\/li>\n<\/ul>\n","protected":false},"excerpt":{"rendered":"<p>AutomatorWP Restrict Content Pro est un outil puissant con\u00e7u pour am\u00e9liorer la fonctionnalit\u00e9 de votre site Web. Ce logiciel vous aide \u00e0 restreindre le contenu, vous permettant de contr\u00f4ler qui peut acc\u00e9der \u00e0 des parties sp\u00e9cifiques de votre site Web. Avec son interface facile \u00e0 utiliser, AutomatorWP Restrict Content Pro vous permet de cr\u00e9er des workflows automatis\u00e9s qui rationalisent vos op\u00e9rations et gagnent du temps. Vous pouvez restreindre l&rsquo;acc\u00e8s en fonction du r\u00f4le de l&rsquo;utilisateur, du niveau d&rsquo;adh\u00e9sion ou de l&rsquo;utilisateur sp\u00e9cifique, vous donnant une flexibilit\u00e9 et un contr\u00f4le. De plus, cet outil s&rsquo;int\u00e8gre de mani\u00e8re transparente avec d&rsquo;autres plugins et services, augmentant encore son utilit\u00e9. Avec AutomatorWP Restrict Content Pro, vous pouvez prot\u00e9ger votre contenu pr\u00e9cieux, fournir un acc\u00e8s exclusif aux membres et automatiser efficacement les fonctions de votre site Web. Il s&rsquo;agit d&rsquo;une solution polyvalente qui offre une multitude d&rsquo;avantages aux propri\u00e9taires de sites Web et aux op\u00e9rateurs.<\/p>\n","protected":false},"featured_media":143188,"comment_status":"open","ping_status":"open","template":"","meta":[],"product_brand":[2464],"product_cat":[1187,1181,1186],"product_tag":[2260],"class_list":{"0":"post-120094","1":"product","2":"type-product","3":"status-publish","4":"has-post-thumbnail","6":"product_brand-automatorwp","7":"product_cat-administration-wordpress-plugins","8":"product_cat-plugins","9":"product_cat-wordpress-plugins","10":"product_tag-automatorwp","11":"member-discount","12":"discount-restricted","14":"first","15":"instock","16":"sale","17":"downloadable","18":"virtual","19":"sold-individually","20":"purchasable","21":"product-type-simple"},"_links":{"self":[{"href":"https:\/\/gpl-love.com\/fr\/wp-json\/wp\/v2\/product\/120094","targetHints":{"allow":["GET"]}}],"collection":[{"href":"https:\/\/gpl-love.com\/fr\/wp-json\/wp\/v2\/product"}],"about":[{"href":"https:\/\/gpl-love.com\/fr\/wp-json\/wp\/v2\/types\/product"}],"replies":[{"embeddable":true,"href":"https:\/\/gpl-love.com\/fr\/wp-json\/wp\/v2\/comments?post=120094"}],"wp:featuredmedia":[{"embeddable":true,"href":"https:\/\/gpl-love.com\/fr\/wp-json\/wp\/v2\/media\/143188"}],"wp:attachment":[{"href":"https:\/\/gpl-love.com\/fr\/wp-json\/wp\/v2\/media?parent=120094"}],"wp:term":[{"taxonomy":"product_brand","embeddable":true,"href":"https:\/\/gpl-love.com\/fr\/wp-json\/wp\/v2\/product_brand?post=120094"},{"taxonomy":"product_cat","embeddable":true,"href":"https:\/\/gpl-love.com\/fr\/wp-json\/wp\/v2\/product_cat?post=120094"},{"taxonomy":"product_tag","embeddable":true,"href":"https:\/\/gpl-love.com\/fr\/wp-json\/wp\/v2\/product_tag?post=120094"}],"curies":[{"name":"wp","href":"https:\/\/api.w.org\/{rel}","templated":true}]}}