{"id":120092,"date":"2025-11-02T00:00:00","date_gmt":"2025-11-01T23:00:00","guid":{"rendered":"https:\/\/gpl-love.com\/fr\/produit\/automatorwp-sensei\/"},"modified":"2026-03-20T22:55:30","modified_gmt":"2026-03-20T21:55:30","slug":"automatorwp-sensei","status":"publish","type":"product","link":"https:\/\/gpl-love.com\/fr\/produit\/automatorwp-sensei\/","title":{"rendered":"AutomatorWP Sensei 1.0.6"},"content":{"rendered":"<h3>AutomatorWP Sensei Traits<\/h3>\n<p>Automatorwp Sensei, un formidable outil, s&rsquo;av\u00e8re tr\u00e8s b\u00e9n\u00e9fique dans l&rsquo;augmentation de SenseI LMS, un plugin de syst\u00e8me de gestion d&rsquo;apprentissage renomm\u00e9 pour WordPress. En incorporant ce plugin, on peut \u00e9tablir des workflows automatis\u00e9s qui non seulement facilitent les rencontres d&rsquo;apprentissage personnalis\u00e9es pour les \u00e9tudiants, mais entreprennent \u00e9galement des t\u00e2ches administratives automatis\u00e9es pour les instructeurs. Remarquablement, le plugin int\u00e8gre de mani\u00e8re transparente Sensei \u00e0 AutomatorWP, permettant aux utilisateurs de m\u00e9caniser les t\u00e2ches vitales telles que l&rsquo;inscription des cours, l&rsquo;ach\u00e8vement et le suivi des progr\u00e8s. Par cons\u00e9quent, cela conduit \u00e0 un flux de travail rationalis\u00e9 qui non seulement \u00e9conomie sur le temps et les ressources, mais favorise \u00e9galement une exp\u00e9rience d&rsquo;apprentissage plus captivante et efficace pour les \u00e9tudiants. En substance, il est irr\u00e9futable qu&rsquo;Automatorwp Sensei soit un outil indispensable pour les personnes cherchant \u00e0 \u00e9lever leur Sensei LMS \u00e0 des hauteurs sans pr\u00e9c\u00e9dent.<\/p>\n<ul>\n<li>Int\u00e8gre AutomatorWP avec Sensei, le syst\u00e8me de gestion de l&rsquo;apprentissage WordPress populaire<\/li>\n<li>Permet aux utilisateurs de cr\u00e9er facilement des flux de travail d&rsquo;automatisation personnalis\u00e9s pour Sensei, comme l&rsquo;envoi de courriels aux \u00e9tudiants qui ont termin\u00e9 un cours<\/li>\n<li>Aide \u00e0 automatiser les t\u00e2ches administratives, lib\u00e9rant plus de temps pour que les instructeurs se concentrent sur l&rsquo;enseignement<\/li>\n<li>Fonctionne avec une vari\u00e9t\u00e9 de d\u00e9clencheurs et d&rsquo;actions, y compris l&rsquo;ach\u00e8vement du cours, les scores de quiz et l&rsquo;enregistrement des utilisateurs<\/li>\n<li>Tr\u00e8s flexible et personnalisable, permettant aux utilisateurs d&rsquo;adapter les workflows d&rsquo;automatisation \u00e0 leurs besoins exacts<\/li>\n<li>\u00c9conomise du temps et des efforts tout en am\u00e9liorant l&rsquo;exp\u00e9rience d&rsquo;apprentissage global des \u00e9tudiants et des instructeurs<\/li>\n<li>Facile \u00e0 installer et \u00e0 utiliser, avec une interface conviviale que tout le monde peut comprendre<\/li>\n<li>Mis \u00e0 jour en continu avec de nouvelles fonctionnalit\u00e9s et fonctionnalit\u00e9s, assurant une valeur \u00e0 long terme pour les utilisateurs<\/li>\n<\/ul>\n","protected":false},"excerpt":{"rendered":"<p>Automatorwp Sensei est un outil puissant con\u00e7u pour rationaliser votre exp\u00e9rience d&rsquo;apprentissage num\u00e9rique. Ce plugin innovant s&rsquo;int\u00e8gre parfaitement \u00e0 Sensei, un syst\u00e8me de gestion d&rsquo;apprentissage sur mesure, cr\u00e9ant une plate-forme unique qui est \u00e0 la fois conviviale et tr\u00e8s efficace. Avec AutomatorWP Sensei, vous pouvez d\u00e9bloquer le potentiel des workflows automatis\u00e9s, vous faire gagner du temps et rendre votre configuration en ligne plus efficace. De l&rsquo;inscription des cours \u00e0 l&rsquo;ach\u00e8vement des le\u00e7ons, cet outil s&rsquo;occupera de tout cela, assurant un parcours d&rsquo;apprentissage en douceur pour vos \u00e9l\u00e8ves. Ce plugin fournit \u00e9galement des analyses d\u00e9taill\u00e9es, vous donnant un aper\u00e7u clair de vos performances de cours. Que vous soyez un \u00e9ducateur ou un professionnel, Automatorwp Sensei est la solution parfaite pour simplifier votre gestion de l&rsquo;apprentissage en ligne.<\/p>\n","protected":false},"featured_media":143189,"comment_status":"open","ping_status":"open","template":"","meta":[],"product_brand":[2464],"product_cat":[1187,1181,1186],"product_tag":[2260],"class_list":{"0":"post-120092","1":"product","2":"type-product","3":"status-publish","4":"has-post-thumbnail","6":"product_brand-automatorwp","7":"product_cat-administration-wordpress-plugins","8":"product_cat-plugins","9":"product_cat-wordpress-plugins","10":"product_tag-automatorwp","11":"member-discount","12":"discount-restricted","14":"first","15":"instock","16":"sale","17":"downloadable","18":"virtual","19":"sold-individually","20":"purchasable","21":"product-type-simple"},"_links":{"self":[{"href":"https:\/\/gpl-love.com\/fr\/wp-json\/wp\/v2\/product\/120092","targetHints":{"allow":["GET"]}}],"collection":[{"href":"https:\/\/gpl-love.com\/fr\/wp-json\/wp\/v2\/product"}],"about":[{"href":"https:\/\/gpl-love.com\/fr\/wp-json\/wp\/v2\/types\/product"}],"replies":[{"embeddable":true,"href":"https:\/\/gpl-love.com\/fr\/wp-json\/wp\/v2\/comments?post=120092"}],"wp:featuredmedia":[{"embeddable":true,"href":"https:\/\/gpl-love.com\/fr\/wp-json\/wp\/v2\/media\/143189"}],"wp:attachment":[{"href":"https:\/\/gpl-love.com\/fr\/wp-json\/wp\/v2\/media?parent=120092"}],"wp:term":[{"taxonomy":"product_brand","embeddable":true,"href":"https:\/\/gpl-love.com\/fr\/wp-json\/wp\/v2\/product_brand?post=120092"},{"taxonomy":"product_cat","embeddable":true,"href":"https:\/\/gpl-love.com\/fr\/wp-json\/wp\/v2\/product_cat?post=120092"},{"taxonomy":"product_tag","embeddable":true,"href":"https:\/\/gpl-love.com\/fr\/wp-json\/wp\/v2\/product_tag?post=120092"}],"curies":[{"name":"wp","href":"https:\/\/api.w.org\/{rel}","templated":true}]}}