{"id":120090,"date":"2022-12-20T00:00:00","date_gmt":"2022-12-19T23:00:00","guid":{"rendered":"https:\/\/gpl-love.com\/fr\/produit\/automatorwp-slicewp\/"},"modified":"2026-03-20T22:55:31","modified_gmt":"2026-03-20T21:55:31","slug":"automatorwp-slicewp","status":"publish","type":"product","link":"https:\/\/gpl-love.com\/fr\/produit\/automatorwp-slicewp\/","title":{"rendered":"AutomatorWP SliceWP 1.0.2"},"content":{"rendered":"<h3>AutomatorWP SliceWP Traits<\/h3>\n<p>AutomatorWP SliceWP est un outil d&rsquo;automatisation exceptionnellement robuste con\u00e7u sp\u00e9cifiquement pour WordPress. Son objectif principal est d&rsquo;offrir aux utilisateurs la possibilit\u00e9 de cr\u00e9er des workflows et des t\u00e2ches hautement personnalis\u00e9s qui automatiseront efficacement divers aspects de leur site Web. Une caract\u00e9ristique particuli\u00e8rement remarquable de AutomatorWP SliceWP est son int\u00e9gration transparente avec SliceWP, un plugin de gestion de gestion et de paiement de paiement incroyablement puissant \u00e9galement con\u00e7u pour WordPress. En profitant de cette int\u00e9gration, les utilisateurs peuvent exploiter sans effort tout le potentiel de SliceWP et utiliser ses nombreuses capacit\u00e9s pour automatiser leurs t\u00e2ches de gestion d&rsquo;abonnement avec une efficacit\u00e9. Des exemples de t\u00e2ches qui peuvent \u00eatre automatis\u00e9es avec AutomatorWP SliceWP comprennent des rappels de paiement, des renouvellements d&rsquo;abonnement et des notifications par e-mail. En automatisant ces t\u00e2ches essentielles, AutomatorWP SliceWP aide \u00e0 optimiser le processus de gestion de l&rsquo;abonnement, ce qui a finalement entra\u00een\u00e9 une exp\u00e9rience utilisateur consid\u00e9rablement am\u00e9lior\u00e9e pour les visiteurs du site Web. De plus, le logiciel poss\u00e8de une interface utilisateur remarquablement intuitive accessible aux utilisateurs de tous les niveaux de comp\u00e9tence. La vaste gamme de fonctionnalit\u00e9s qu&rsquo;il propose garantit que Automatorwp SliceWP est un outil indispensable pour tout site Web WordPress visant \u00e0 rationaliser leurs efforts de gestion de l&rsquo;abonnement.<\/p>\n<ul>\n<li>AutomatorWP SliceWP est un outil puissant con\u00e7u pour les utilisateurs de WordPress qui souhaitent rationaliser leur flux de travail et automatiser leurs processus.<\/li>\n<li>Il vous permet de cr\u00e9er des automatisations personnalis\u00e9es qui s&rsquo;int\u00e8grent \u00e0 vos outils et plugins existants, ce qui facilite l&rsquo;automatiser les t\u00e2ches et gagner du temps.<\/li>\n<li>L&rsquo;AuthatorWP SliceWP est livr\u00e9 avec une vari\u00e9t\u00e9 d&rsquo;automations pr\u00e9d\u00e9finies que vous pouvez personnaliser en fonction de vos besoins, ce qui facilite la d\u00e9marrage avec l&rsquo;automatisation.<\/li>\n<li>Vous pouvez utiliser AutomatorWP SliceWP pour automatiser des t\u00e2ches comme le marketing par e-mail, la g\u00e9n\u00e9ration de leads, le marketing des m\u00e9dias sociaux et bien plus encore.<\/li>\n<li>Avec l&rsquo;interface intuitive et conviviale, vous pouvez facilement configurer et g\u00e9rer vos automatisations, suivre leurs progr\u00e8s et r\u00e9soudre les probl\u00e8mes qui surviennent.<\/li>\n<li>AutomatorWP SliceWP propose \u00e9galement des fonctionnalit\u00e9s d&rsquo;analyse et de rapport avanc\u00e9es qui vous permettent de suivre les performances de vos automatisations et de prendre des d\u00e9cisions bas\u00e9es sur les donn\u00e9es.<\/li>\n<li>Il s&rsquo;agit d&rsquo;une solution hautement \u00e9volutive qui peut g\u00e9rer m\u00eame les workflows les plus complexes, ce qui le rend adapt\u00e9 aux entreprises de toutes tailles.<\/li>\n<li>Que vous soyez un blogueur, un marketing ou un propri\u00e9taire de site Web, AutomatorWP SliceWP peut vous aider \u00e0 simplifier votre flux de travail, \u00e0 gagner du temps et \u00e0 am\u00e9liorer votre productivit\u00e9 globale.<\/li>\n<\/ul>\n","protected":false},"excerpt":{"rendered":"<p>D\u00e9couvrez l&rsquo;automatisation ultime et la gestion des sites d&rsquo;adh\u00e9sion avec Automatorwp SliceWP. Notre plateforme est con\u00e7ue pour rationaliser votre flux de travail, vous permettant d&rsquo;automatiser diverses t\u00e2ches et processus avec facilit\u00e9. Avec AutomatorWP, vous pouvez connecter vos plugins WordPress ensemble, ce qui rend vos t\u00e2ches quotidiennes plus efficaces. Il s&rsquo;agit d&rsquo;un puissant outil autonome qui vous permet de configurer l&rsquo;automatisation en quelques clics.<\/p>\n<p>D&rsquo;un autre c\u00f4t\u00e9, SliceWP offre un moyen robuste et intuitif de g\u00e9rer votre site d&rsquo;adh\u00e9sion. Il fournit une interface conviviale pour vous aider \u00e0 g\u00e9rer vos membres, vos paiements et votre contenu de mani\u00e8re transparente. Avec SliceWP, vous pouvez facilement cr\u00e9er des niveaux d&rsquo;adh\u00e9sion, restreindre l&rsquo;acc\u00e8s au contenu et g\u00e9rer les plans d&rsquo;abonnement.<\/p>\n<p>Ensemble, AutomatorWP et SliceWP offrent une solution compl\u00e8te qui simplifie la t\u00e2che de g\u00e9rer et d&rsquo;automatisation de votre site d&rsquo;adh\u00e9sion, vous faisant gagner du temps et des efforts. Essayez Automatorwp SliceWP aujourd&rsquo;hui et exp\u00e9rimentez le m\u00e9lange d&rsquo;efficacit\u00e9 et de simplicit\u00e9.<\/p>\n","protected":false},"featured_media":143190,"comment_status":"open","ping_status":"open","template":"","meta":[],"product_brand":[2464],"product_cat":[1187,1181,1186],"product_tag":[2260],"class_list":{"0":"post-120090","1":"product","2":"type-product","3":"status-publish","4":"has-post-thumbnail","6":"product_brand-automatorwp","7":"product_cat-administration-wordpress-plugins","8":"product_cat-plugins","9":"product_cat-wordpress-plugins","10":"product_tag-automatorwp","11":"member-discount","12":"discount-restricted","14":"first","15":"instock","16":"sale","17":"downloadable","18":"virtual","19":"sold-individually","20":"purchasable","21":"product-type-simple"},"_links":{"self":[{"href":"https:\/\/gpl-love.com\/fr\/wp-json\/wp\/v2\/product\/120090","targetHints":{"allow":["GET"]}}],"collection":[{"href":"https:\/\/gpl-love.com\/fr\/wp-json\/wp\/v2\/product"}],"about":[{"href":"https:\/\/gpl-love.com\/fr\/wp-json\/wp\/v2\/types\/product"}],"replies":[{"embeddable":true,"href":"https:\/\/gpl-love.com\/fr\/wp-json\/wp\/v2\/comments?post=120090"}],"wp:featuredmedia":[{"embeddable":true,"href":"https:\/\/gpl-love.com\/fr\/wp-json\/wp\/v2\/media\/143190"}],"wp:attachment":[{"href":"https:\/\/gpl-love.com\/fr\/wp-json\/wp\/v2\/media?parent=120090"}],"wp:term":[{"taxonomy":"product_brand","embeddable":true,"href":"https:\/\/gpl-love.com\/fr\/wp-json\/wp\/v2\/product_brand?post=120090"},{"taxonomy":"product_cat","embeddable":true,"href":"https:\/\/gpl-love.com\/fr\/wp-json\/wp\/v2\/product_cat?post=120090"},{"taxonomy":"product_tag","embeddable":true,"href":"https:\/\/gpl-love.com\/fr\/wp-json\/wp\/v2\/product_tag?post=120090"}],"curies":[{"name":"wp","href":"https:\/\/api.w.org\/{rel}","templated":true}]}}