{"id":120088,"date":"2025-06-12T00:00:00","date_gmt":"2025-06-11T22:00:00","guid":{"rendered":"https:\/\/gpl-love.com\/fr\/produit\/automatorwp-the-events-calendar\/"},"modified":"2026-03-20T22:55:32","modified_gmt":"2026-03-20T21:55:32","slug":"automatorwp-the-events-calendar","status":"publish","type":"product","link":"https:\/\/gpl-love.com\/fr\/produit\/automatorwp-the-events-calendar\/","title":{"rendered":"AutomatorWP The Events Calendar 1.1.0"},"content":{"rendered":"<h3>AutomatorWP The Events Calendar Traits<\/h3>\n<p>Automatorwp Le calendrier des \u00e9v\u00e9nements, un plugin WordPress robuste, permet aux utilisateurs de construire des workflows et des s\u00e9quences d&rsquo;automatisation sur mesure pour leurs \u00e9v\u00e9nements de calendrier. En tirant parti de ce plugin, les individus peuvent m\u00e9caniser sans effort des t\u00e2ches et des actions diverses, notamment la transmission de notifications par e-mail, la modification des donn\u00e9es utilisateur ou l&rsquo;activation des actions pr\u00e9d\u00e9termin\u00e9es pr\u00e9dites sur les d\u00e9clencheurs d&rsquo;\u00e9v\u00e9nements. Le plugin offre une prise en charge suffisante pour un large \u00e9ventail d&rsquo;actions et d&rsquo;int\u00e9gations, ce qui le rend exceptionnellement polyvalent et adaptable \u00e0 une pl\u00e9thore de workflows et de cas d&rsquo;utilisation. Si l&rsquo;on supervise les \u00e9v\u00e9nements pour une entreprise, une organisation ou une communaut\u00e9, Automatorwp Le calendrier des \u00e9v\u00e9nements sert d&rsquo;instrument vital pour rationaliser son flux de travail et optimiser l&rsquo;efficacit\u00e9.<\/p>\n<ul>\n<li>Advanced Automation for the Events Calendar WordPress Plugin<\/li>\n<li>D\u00e9clencher des actions automatis\u00e9es en fonction des \u00e9v\u00e9nements de votre calendrier<\/li>\n<li>Int\u00e9gration facile avec Automatorwp pour une configuration transparente<\/li>\n<li>Configurez les flux de travail personnalis\u00e9s et automatiser les t\u00e2ches pour gagner du temps<\/li>\n<li>Am\u00e9liorer la gestion des \u00e9v\u00e9nements avec des rappels automatis\u00e9s, des e-mails de suivi et plus<\/li>\n<li>Compatible avec une gamme d&rsquo;autres plugins et outils WordPress<\/li>\n<li>Contr\u00f4lez et surveillez vos automations dans un seul tableau de bord convivial<\/li>\n<li>Mod\u00e8les et actions personnalisables pour r\u00e9pondre \u00e0 vos besoins sp\u00e9cifiques<\/li>\n<li>Possibilit\u00e9s illimit\u00e9es d&rsquo;automatisation en fonction de votre propre flux de travail et de vos demandes d&rsquo;entreprise.<\/li>\n<\/ul>\n","protected":false},"excerpt":{"rendered":"<p>Automatorwp Le calendrier des \u00e9v\u00e9nements est un outil r\u00e9volutionnaire con\u00e7u pour transformer votre exp\u00e9rience de planification. Ce plugin est un m\u00e9lange synergique de fonctionnalit\u00e9s d&rsquo;automatisation et de personnalisation, vous permettant de g\u00e9rer vos \u00e9v\u00e9nements avec facilit\u00e9 et efficacit\u00e9. Avec son interface conviviale, vous pouvez cr\u00e9er, \u00e9diter et g\u00e9rer sans effort vos \u00e9v\u00e9nements, en vous assurant un flux de travail transparent qui vous fait gagner du temps et des efforts. Ce plugin int\u00e8gre parfaitement votre logiciel existant, am\u00e9liorant les fonctionnalit\u00e9s et la convivialit\u00e9. Le plugin du calendrier des \u00e9v\u00e9nements poss\u00e8de \u00e9galement des capacit\u00e9s de partage robustes, vous permettant de vous connecter avec votre public et de partager vos \u00e9v\u00e9nements sur plusieurs plateformes. Profitez des avantages de la gestion des \u00e9v\u00e9nements rationalis\u00e9s avec Automatorwp le calendrier des \u00e9v\u00e9nements.<\/p>\n","protected":false},"featured_media":143191,"comment_status":"open","ping_status":"open","template":"","meta":[],"product_brand":[2464],"product_cat":[1187,1181,1186],"product_tag":[2260],"class_list":{"0":"post-120088","1":"product","2":"type-product","3":"status-publish","4":"has-post-thumbnail","6":"product_brand-automatorwp","7":"product_cat-administration-wordpress-plugins","8":"product_cat-plugins","9":"product_cat-wordpress-plugins","10":"product_tag-automatorwp","11":"member-discount","12":"discount-restricted","14":"first","15":"instock","16":"sale","17":"downloadable","18":"virtual","19":"sold-individually","20":"purchasable","21":"product-type-simple"},"_links":{"self":[{"href":"https:\/\/gpl-love.com\/fr\/wp-json\/wp\/v2\/product\/120088","targetHints":{"allow":["GET"]}}],"collection":[{"href":"https:\/\/gpl-love.com\/fr\/wp-json\/wp\/v2\/product"}],"about":[{"href":"https:\/\/gpl-love.com\/fr\/wp-json\/wp\/v2\/types\/product"}],"replies":[{"embeddable":true,"href":"https:\/\/gpl-love.com\/fr\/wp-json\/wp\/v2\/comments?post=120088"}],"wp:featuredmedia":[{"embeddable":true,"href":"https:\/\/gpl-love.com\/fr\/wp-json\/wp\/v2\/media\/143191"}],"wp:attachment":[{"href":"https:\/\/gpl-love.com\/fr\/wp-json\/wp\/v2\/media?parent=120088"}],"wp:term":[{"taxonomy":"product_brand","embeddable":true,"href":"https:\/\/gpl-love.com\/fr\/wp-json\/wp\/v2\/product_brand?post=120088"},{"taxonomy":"product_cat","embeddable":true,"href":"https:\/\/gpl-love.com\/fr\/wp-json\/wp\/v2\/product_cat?post=120088"},{"taxonomy":"product_tag","embeddable":true,"href":"https:\/\/gpl-love.com\/fr\/wp-json\/wp\/v2\/product_tag?post=120088"}],"curies":[{"name":"wp","href":"https:\/\/api.w.org\/{rel}","templated":true}]}}