{"id":120086,"date":"2021-12-17T00:00:00","date_gmt":"2021-12-16T23:00:00","guid":{"rendered":"https:\/\/gpl-love.com\/fr\/produit\/automatorwp-ultimate-member\/"},"modified":"2026-03-20T22:55:33","modified_gmt":"2026-03-20T21:55:33","slug":"automatorwp-ultimate-member","status":"publish","type":"product","link":"https:\/\/gpl-love.com\/fr\/produit\/automatorwp-ultimate-member\/","title":{"rendered":"AutomatorWP Ultimate Member 1.0.2"},"content":{"rendered":"<h3>AutomatorWP Ultimate Member Traits<\/h3>\n<p>Automatorwp Ultimate Member s&rsquo;av\u00e8re \u00eatre un plugin incroyablement puissant qui vous accorde la possibilit\u00e9 d&rsquo;automatiser facilement votre site Web de membres ultime. Sa richesse de fonctionnalit\u00e9s avanc\u00e9es coupl\u00e9e \u00e0 son travail d&rsquo;interface convivial pour faciliter la cr\u00e9ation de d\u00e9clencheurs et d&rsquo;actions personnalis\u00e9s, optimisant finalement la fonctionnalit\u00e9 de votre site Web. Que vous aspiriez \u00e0 la g\u00e9n\u00e9ration automatique de comptes d&rsquo;utilisateurs ou \u00e0 la diffusion des e-mails sur mesure, AutomatorWP Ultimate Member remplit sans effort ces aspirations. En outre, sa conception remarquablement intuitive garantit que m\u00eame les individus d\u00e9pourvus d&rsquo;expertise de codage peuvent \u00e9tablir et g\u00e9rer avec comp\u00e9tence les flux de travail automatis\u00e9s. De plus, sa vaste gamme d&rsquo;int\u00e9grations permet de mani\u00e8re transparente la fusion du membre ultime Automatorwp avec d&rsquo;autres plugins et outils, augmentant ainsi davantage la fonctionnalit\u00e9 globale de votre site Web. Par cons\u00e9quent, pour ceux qui cherchent \u00e0 conf\u00e9rer l&rsquo;automatisation \u00e0 leur site Web de membres ultimes, AutomatorWP Ultimate Member est un outil de choix id\u00e9al.<\/p>\n<ul>\n<li>Int\u00e8gre un membre ultime avec Automatorwp<\/li>\n<li>Automatise les flux de travail et les actions li\u00e9es aux membres<\/li>\n<li>Rationalisation des processus d&rsquo;enregistrement et de connexion<\/li>\n<li>Automatise les notifications par e-mail pour divers \u00e9v\u00e9nements li\u00e9s aux membres<\/li>\n<li>Options d&rsquo;automatisation personnalisables et flexibles<\/li>\n<li>Gave le temps et augmente l&rsquo;efficacit\u00e9 des administrateurs de sites Web<\/li>\n<li>Am\u00e9liore l&rsquo;exp\u00e9rience utilisateur pour les membres en r\u00e9duisant les processus manuels<\/li>\n<li>Compatible avec les derni\u00e8res versions de membre ultime et WordPress<\/li>\n<li>Convivial et facile \u00e0 configurer<\/li>\n<li>Options de prix abordables pour tous les types de sites Web et d&rsquo;utilisateurs.<\/li>\n<\/ul>\n","protected":false},"excerpt":{"rendered":"<p>D\u00e9couvrez la puissance de l&rsquo;automatisation avec AutomatorWP Ultimate Member. Ce logiciel de pointe int\u00e8gre de mani\u00e8re transparente avec un membre ultime, un premier plugin WordPress, vous permettant d&rsquo;automatiser un tableau de t\u00e2ches. Avec cet outil puissant, vous pouvez cr\u00e9er des workflows illimit\u00e9s et automatiser tout, de l&rsquo;envoi d&rsquo;e-mails \u00e0 la gestion des abonnements. Que vous soyez un d\u00e9butant ou un expert, AutomatorWP Ultimate Member propose une interface conviviale qui fait de l&rsquo;automatisation un jeu d&rsquo;enfant. Vous b\u00e9n\u00e9ficierez d&rsquo;avantages tels que une efficacit\u00e9 accrue, une am\u00e9lioration de la gestion des membres et plus de temps pour vous concentrer sur la croissance de votre site. Avec AutomatorWP Ultimate Member, vous n&rsquo;achetez pas seulement un produit, vous investissez dans une solution qui r\u00e9volutionnera la fa\u00e7on dont vous g\u00e9rez votre communaut\u00e9 en ligne.<\/p>\n","protected":false},"featured_media":143193,"comment_status":"open","ping_status":"open","template":"","meta":[],"product_brand":[2464],"product_cat":[1187,1181,1186],"product_tag":[2260],"class_list":{"0":"post-120086","1":"product","2":"type-product","3":"status-publish","4":"has-post-thumbnail","6":"product_brand-automatorwp","7":"product_cat-administration-wordpress-plugins","8":"product_cat-plugins","9":"product_cat-wordpress-plugins","10":"product_tag-automatorwp","11":"member-discount","12":"discount-restricted","14":"first","15":"instock","16":"sale","17":"downloadable","18":"virtual","19":"sold-individually","20":"purchasable","21":"product-type-simple"},"_links":{"self":[{"href":"https:\/\/gpl-love.com\/fr\/wp-json\/wp\/v2\/product\/120086","targetHints":{"allow":["GET"]}}],"collection":[{"href":"https:\/\/gpl-love.com\/fr\/wp-json\/wp\/v2\/product"}],"about":[{"href":"https:\/\/gpl-love.com\/fr\/wp-json\/wp\/v2\/types\/product"}],"replies":[{"embeddable":true,"href":"https:\/\/gpl-love.com\/fr\/wp-json\/wp\/v2\/comments?post=120086"}],"wp:featuredmedia":[{"embeddable":true,"href":"https:\/\/gpl-love.com\/fr\/wp-json\/wp\/v2\/media\/143193"}],"wp:attachment":[{"href":"https:\/\/gpl-love.com\/fr\/wp-json\/wp\/v2\/media?parent=120086"}],"wp:term":[{"taxonomy":"product_brand","embeddable":true,"href":"https:\/\/gpl-love.com\/fr\/wp-json\/wp\/v2\/product_brand?post=120086"},{"taxonomy":"product_cat","embeddable":true,"href":"https:\/\/gpl-love.com\/fr\/wp-json\/wp\/v2\/product_cat?post=120086"},{"taxonomy":"product_tag","embeddable":true,"href":"https:\/\/gpl-love.com\/fr\/wp-json\/wp\/v2\/product_tag?post=120086"}],"curies":[{"name":"wp","href":"https:\/\/api.w.org\/{rel}","templated":true}]}}