{"id":120084,"date":"2021-11-26T00:00:00","date_gmt":"2021-11-25T23:00:00","guid":{"rendered":"https:\/\/gpl-love.com\/fr\/produit\/automatorwp-twilio\/"},"modified":"2026-03-20T22:55:33","modified_gmt":"2026-03-20T21:55:33","slug":"automatorwp-twilio","status":"publish","type":"product","link":"https:\/\/gpl-love.com\/fr\/produit\/automatorwp-twilio\/","title":{"rendered":"AutomatorWP Twilio 1.0.0"},"content":{"rendered":"<h3>AutomatorWP Twilio Traits<\/h3>\n<p>L&rsquo;AuthatorWP Twilio est un outil d&rsquo;automatisation de puissance importante, accordant aux entreprises la capacit\u00e9 d&rsquo;envoyer des notifications SMS \u00e0 leurs clients estim\u00e9s via la c\u00e9l\u00e8bre plateforme Twilio. Ce logiciel de pointe offre aux entreprises l&rsquo;occasion unique de rationaliser leurs processus de communication et de mettre \u00e0 jour rapidement leurs pr\u00e9cieux clients avec des informations en temps r\u00e9el. Que l&rsquo;objectif soit d&rsquo;envoyer des rappels pour les rendez-vous, les confirmations pour les commandes ou les messages marketing persuasifs, l&rsquo;Automatorwp Twilio permet sans effort la cr\u00e9ation de notifications SMS personnalis\u00e9es qui engagent efficacement les clients et stimulent les ventes. De plus, l&rsquo;int\u00e9gration avec Twilio est parfaitement transparente, garantissant que les messages sont transmis rapidement et de mani\u00e8re fiable. Cet outil indispensable est une n\u00e9cessit\u00e9 absolue pour les entreprises qui cherchent \u00e0 optimiser leurs processus de communication et \u00e0 garder une longueur d&rsquo;avance sur leurs concurrents, qu&rsquo;ils soient des \u00e9tablissements \u00e0 petite \u00e9chelle ou des entreprises \u00e0 grande \u00e9chelle. Par cons\u00e9quent, l&rsquo;Automatorwp Twilio est un actif indispensable pour toute personne ou entit\u00e9 qui cherche \u00e0 renforcer son engagement client et \u00e0 faciliter la croissance de son entreprise.<\/p>\n<ul>\n<li>Int\u00e9gration facile de SMS Twilio et de capacit\u00e9s d&rsquo;appels vocaux dans votre site Web WordPress.<\/li>\n<li>Automatiser les notifications, les alertes et les rappels via SMS et les appels vocaux.<\/li>\n<li>Installation et configuration en un clic pour l&rsquo;int\u00e9gration transparente.<\/li>\n<li>D\u00e9clencher des notifications SMS et appels vocaux bas\u00e9s sur des \u00e9v\u00e9nements.<\/li>\n<li>Cr\u00e9ez des workflows personnalis\u00e9s avec une automatisation \u00e9tape par \u00e9tape \u00e0 l&rsquo;aide du plugin Automatorwp.<\/li>\n<li>Envoyez des mod\u00e8les SMS pr\u00e9-con\u00e7us pour une messagerie plus rapide.<\/li>\n<li>Planifiez des SMS automatis\u00e9s et des appels vocaux pour les \u00e9v\u00e9nements futurs.<\/li>\n<li>Cr\u00e9ez des messages personnalis\u00e9s avec des donn\u00e9es dynamiques et des champs personnalis\u00e9s.<\/li>\n<li>Surveiller la livraison et suivre les r\u00e9ponses SMS.<\/li>\n<li>Communication s\u00e9curis\u00e9e et priv\u00e9e avec le cryptage de bout en bout.<\/li>\n<\/ul>\n","protected":false},"excerpt":{"rendered":"<p>Automatorwp Twilio est un outil r\u00e9volutionnaire con\u00e7u pour stimuler votre strat\u00e9gie marketing. Il vous permet de connecter votre site WordPress \u00e0 votre compte Twilio, fournissant une int\u00e9gration transparente pour les notifications SMS et les campagnes de marketing automatis\u00e9es. Les principales caract\u00e9ristiques de AutomatorWP Twilio incluent la personnalisation des messages, le suivi des campagnes SMS et une interface facile \u00e0 utiliser. Avec AutomatorWP Twilio, vous b\u00e9n\u00e9ficiez d&rsquo;une communication en temps r\u00e9el avec vos clients, d&rsquo;une augmentation de l&rsquo;engagement des clients et d&rsquo;une am\u00e9lioration des taux de conversion. Attirer plus de clients et les tenir inform\u00e9s de vos derni\u00e8res offres en utilisant Automatorwp Twilio.<\/p>\n","protected":false},"featured_media":143192,"comment_status":"open","ping_status":"open","template":"","meta":[],"product_brand":[2464],"product_cat":[1187,1181,1186],"product_tag":[2260],"class_list":{"0":"post-120084","1":"product","2":"type-product","3":"status-publish","4":"has-post-thumbnail","6":"product_brand-automatorwp","7":"product_cat-administration-wordpress-plugins","8":"product_cat-plugins","9":"product_cat-wordpress-plugins","10":"product_tag-automatorwp","11":"member-discount","12":"discount-restricted","14":"first","15":"instock","16":"sale","17":"downloadable","18":"virtual","19":"sold-individually","20":"purchasable","21":"product-type-simple"},"_links":{"self":[{"href":"https:\/\/gpl-love.com\/fr\/wp-json\/wp\/v2\/product\/120084","targetHints":{"allow":["GET"]}}],"collection":[{"href":"https:\/\/gpl-love.com\/fr\/wp-json\/wp\/v2\/product"}],"about":[{"href":"https:\/\/gpl-love.com\/fr\/wp-json\/wp\/v2\/types\/product"}],"replies":[{"embeddable":true,"href":"https:\/\/gpl-love.com\/fr\/wp-json\/wp\/v2\/comments?post=120084"}],"wp:featuredmedia":[{"embeddable":true,"href":"https:\/\/gpl-love.com\/fr\/wp-json\/wp\/v2\/media\/143192"}],"wp:attachment":[{"href":"https:\/\/gpl-love.com\/fr\/wp-json\/wp\/v2\/media?parent=120084"}],"wp:term":[{"taxonomy":"product_brand","embeddable":true,"href":"https:\/\/gpl-love.com\/fr\/wp-json\/wp\/v2\/product_brand?post=120084"},{"taxonomy":"product_cat","embeddable":true,"href":"https:\/\/gpl-love.com\/fr\/wp-json\/wp\/v2\/product_cat?post=120084"},{"taxonomy":"product_tag","embeddable":true,"href":"https:\/\/gpl-love.com\/fr\/wp-json\/wp\/v2\/product_tag?post=120084"}],"curies":[{"name":"wp","href":"https:\/\/api.w.org\/{rel}","templated":true}]}}