{"id":120082,"date":"2021-11-26T00:00:00","date_gmt":"2021-11-25T23:00:00","guid":{"rendered":"https:\/\/gpl-love.com\/fr\/produit\/automatorwp-upsell-plugin\/"},"modified":"2026-03-20T22:55:35","modified_gmt":"2026-03-20T21:55:35","slug":"automatorwp-upsell-plugin","status":"publish","type":"product","link":"https:\/\/gpl-love.com\/fr\/produit\/automatorwp-upsell-plugin\/","title":{"rendered":"AutomatorWP Upsell Plugin 1.0.0"},"content":{"rendered":"<h3>AutomatorWP Upsell Plugin Traits<\/h3>\n<p>Le plugin AutomatorWP Upsell est un outil extr\u00eamement puissant qui a \u00e9t\u00e9 con\u00e7u avec finesse pour aider les propri\u00e9taires de magasins en ligne \u00e0 intensifier leur g\u00e9n\u00e9ration de revenus en proposant habilement des produits suppl\u00e9mentaires aux clients pendant qu&rsquo;ils sont en train de v\u00e9rifier leurs achats. Ce plugin remarquable fonctionne de mani\u00e8re transparente en conjonction avec WooCommerce ainsi que d&rsquo;autres plates-formes de commerce \u00e9lectronique, automatisant ainsi ing\u00e9nieusement toute la proc\u00e9dure de vente lanc\u00e9e. Tirant parti de la puissance des algorithmes d&rsquo;apprentissage automatique de pointe, ce plugin examine et \u00e9value m\u00e9ticuleusement les mod\u00e8les de comportement des clients afin de recommander astucieusement les produits les plus pertinents et les plus appropri\u00e9s. En outre, il permet aux propri\u00e9taires de magasins de fa\u00e7onner sans effort des propositions de vendu inf\u00e9rieures qui sont strat\u00e9giquement pr\u00e9sent\u00e9es aux clients en fonction de leurs transactions pass\u00e9es. En exploitant les capacit\u00e9s remarquables du plugin Upsell Automatorwp, les propri\u00e9taires de magasins peuvent ainsi augmenter sans effort leurs ventes et en m\u00eame temps, offrir une exp\u00e9rience d&rsquo;achat am\u00e9lior\u00e9e et plus gratifiante \u00e0 leurs clients estim\u00e9s.<\/p>\n<ul>\n<li>Processus d&rsquo;installation et de configuration facile<\/li>\n<li>Augmente le potentiel des revenus pour les propri\u00e9taires de magasins WooCommerce<\/li>\n<li>Offre une vari\u00e9t\u00e9 d&rsquo;options de vendure personnalisables<\/li>\n<li>Compatible avec les passerelles de paiement populaires<\/li>\n<li>Aide \u00e0 am\u00e9liorer l&rsquo;exp\u00e9rience client en sugg\u00e9rant des produits ou des r\u00e9ductions pertinents<\/li>\n<li>D\u00e9clencheurs automatiques pour les suggestions de vendure bas\u00e9es sur le comportement de l&rsquo;utilisateur<\/li>\n<li>Prise en charge multi-langues pour les entreprises mondiales de commerce \u00e9lectronique<\/li>\n<li>Fournit des analyses d\u00e9taill\u00e9es et des rapports pour le suivi des performances de vente ascendante<\/li>\n<li>Mises \u00e0 jour continues et prise en charge de l&rsquo;\u00e9quipe AutomatorWP.<\/li>\n<li>Aucune connaissance de codage requise pour l&rsquo;utilisation.<\/li>\n<\/ul>\n","protected":false},"excerpt":{"rendered":"<p>D\u00e9couvrez la puissance et la flexibilit\u00e9 du plugin Upsell Automatorwp, un add-on premium con\u00e7u pour optimiser votre site Web, augmenter les ventes et augmenter l&rsquo;engagement des clients. Ce plugin propose une interface intuitive et conviviale, vous permettant de se cocher facilement \u00e0 vos clients. Avec AutomatorWP, vous pouvez automatiser vos efforts de marketing, rationaliser votre processus de vente et rendre vos op\u00e9rations plus efficaces. Il est parfait pour les entreprises de commerce \u00e9lectronique qui cherchent \u00e0 maximiser leurs marges b\u00e9n\u00e9ficiaires tout en offrant une meilleure exp\u00e9rience d&rsquo;achat \u00e0 leurs clients. Les caract\u00e9ristiques cl\u00e9s du plugin comprennent la vente au courant automatis\u00e9e, les recommandations personnalis\u00e9es et les analyses approfondies. Avec le plugin Automatorwp Upsell, vous pouvez faire passer votre entreprise en ligne au niveau sup\u00e9rieur en vendant efficacement vos produits ou services d&rsquo;une mani\u00e8re qui se sent naturelle et couramment pour vos clients. Commencez \u00e0 utiliser AutomatorWP aujourd&rsquo;hui et ressentez les avantages de la vente crois\u00e9e automatis\u00e9e.<\/p>\n","protected":false},"featured_media":143194,"comment_status":"open","ping_status":"open","template":"","meta":[],"product_brand":[2464],"product_cat":[1207,1181,1186],"product_tag":[2260],"class_list":{"0":"post-120082","1":"product","2":"type-product","3":"status-publish","4":"has-post-thumbnail","6":"product_brand-automatorwp","7":"product_cat-commercialisation-wordpress-plugins","8":"product_cat-plugins","9":"product_cat-wordpress-plugins","10":"product_tag-automatorwp","11":"member-discount","12":"discount-restricted","14":"first","15":"instock","16":"sale","17":"downloadable","18":"virtual","19":"sold-individually","20":"purchasable","21":"product-type-simple"},"_links":{"self":[{"href":"https:\/\/gpl-love.com\/fr\/wp-json\/wp\/v2\/product\/120082","targetHints":{"allow":["GET"]}}],"collection":[{"href":"https:\/\/gpl-love.com\/fr\/wp-json\/wp\/v2\/product"}],"about":[{"href":"https:\/\/gpl-love.com\/fr\/wp-json\/wp\/v2\/types\/product"}],"replies":[{"embeddable":true,"href":"https:\/\/gpl-love.com\/fr\/wp-json\/wp\/v2\/comments?post=120082"}],"wp:featuredmedia":[{"embeddable":true,"href":"https:\/\/gpl-love.com\/fr\/wp-json\/wp\/v2\/media\/143194"}],"wp:attachment":[{"href":"https:\/\/gpl-love.com\/fr\/wp-json\/wp\/v2\/media?parent=120082"}],"wp:term":[{"taxonomy":"product_brand","embeddable":true,"href":"https:\/\/gpl-love.com\/fr\/wp-json\/wp\/v2\/product_brand?post=120082"},{"taxonomy":"product_cat","embeddable":true,"href":"https:\/\/gpl-love.com\/fr\/wp-json\/wp\/v2\/product_cat?post=120082"},{"taxonomy":"product_tag","embeddable":true,"href":"https:\/\/gpl-love.com\/fr\/wp-json\/wp\/v2\/product_tag?post=120082"}],"curies":[{"name":"wp","href":"https:\/\/api.w.org\/{rel}","templated":true}]}}