{"id":120080,"date":"2025-06-12T00:00:00","date_gmt":"2025-06-11T22:00:00","guid":{"rendered":"https:\/\/gpl-love.com\/fr\/produit\/automatorwp-wishlist-member\/"},"modified":"2026-03-20T22:55:36","modified_gmt":"2026-03-20T21:55:36","slug":"automatorwp-wishlist-member","status":"publish","type":"product","link":"https:\/\/gpl-love.com\/fr\/produit\/automatorwp-wishlist-member\/","title":{"rendered":"AutomatorWP WishList Member 1.0.5"},"content":{"rendered":"<h3>AutomatorWP WishList Member Traits<\/h3>\n<p>AutomatorWP WishList Member est un outil d&rsquo;int\u00e9gration tr\u00e8s robuste qui a \u00e9t\u00e9 sp\u00e9cialement con\u00e7u pour s&rsquo;int\u00e9grer de mani\u00e8re transparente au membre de WishList populaire, qui est un plugin d&rsquo;adh\u00e9sion pour WordPress. Cet outil d&rsquo;int\u00e9gration ph\u00e9nom\u00e9nal change de jeu car il vous permet d&rsquo;automatiser un large \u00e9ventail de t\u00e2ches et d&rsquo;actions sur votre site d&rsquo;adh\u00e9sion, ce qui vous permet de vous \u00e9viter efficacement de temps et d&rsquo;efforts pr\u00e9cieux. En utilisant Automatorwp WishList Membre, vous gagnez la capacit\u00e9 incroyable de cr\u00e9er sans effort des workflows d&rsquo;automatisation qui g\u00e8rent efficacement les niveaux d&rsquo;adh\u00e9sion, de restreindre de mani\u00e8re experte l&rsquo;acc\u00e8s au contenu, d&rsquo;envoyer habilement des e-mails \u00e0 vos membres estim\u00e9s, et bien plus encore. Cet outil exceptionnel vous permet vraiment d&rsquo;\u00e9lever et d&rsquo;am\u00e9liorer la fonctionnalit\u00e9 globale de votre site d&rsquo;adh\u00e9sion, augmentant ainsi avec succ\u00e8s les taux d&rsquo;engagement et de r\u00e9tention, conduisant finalement \u00e0 une croissance importante des entreprises. Un autre aspect remarquable du membre Automatorwp WishList est son interface remarquablement conviviale, qui se combine de mani\u00e8re transparente avec ses fonctionnalit\u00e9s avanc\u00e9es pour vous offrir une exp\u00e9rience utilisateur in\u00e9gal\u00e9e. Sans aucun doute, le membre Automatorwp WishList est un actif indispensable pour tout propri\u00e9taire de site d&rsquo;adh\u00e9sion qui cherche activement \u00e0 rationaliser leurs flux de travail et \u00e0 am\u00e9liorer avec succ\u00e8s l&rsquo;exp\u00e9rience globale de leurs membres.<\/p>\n<ul>\n<li>S&rsquo;int\u00e8gre au membre de WishList pour cr\u00e9er des workflows d&rsquo;automatisation<\/li>\n<li>Automatise les t\u00e2ches de gestion des membres<\/li>\n<li>Gagnez du temps en rationalisant le processus d&rsquo;adh\u00e9sion<\/li>\n<li>Augmente l&rsquo;efficacit\u00e9 en automatisant les t\u00e2ches fastidieuses<\/li>\n<li>Comprend des d\u00e9clencheurs, des actions et des conditions pr\u00e9-construits<\/li>\n<li>Personnalisable pour r\u00e9pondre aux besoins sp\u00e9cifiques de votre site d&rsquo;adh\u00e9sion<\/li>\n<li>Interface conviviale pour une configuration et une utilisation faciles<\/li>\n<li>Compatible avec WordPress<\/li>\n<li>Options de tarification abordables disponibles<\/li>\n<li>Mises \u00e0 jour r\u00e9guli\u00e8res et support client fourni<\/li>\n<\/ul>\n","protected":false},"excerpt":{"rendered":"<p>AutomatorWP WishList Membre est un puissant plugin convivial con\u00e7u pour rationaliser la gestion de votre site d&rsquo;adh\u00e9sion. Il vous permet d&rsquo;automatiser de nombreuses t\u00e2ches, telles que les modifications du niveau d&rsquo;adh\u00e9sion, le contr\u00f4le d&rsquo;acc\u00e8s au contenu et les notifications par e-mail, en fonction de d\u00e9clencheurs sp\u00e9cifiques. Ce plugin est enti\u00e8rement int\u00e9gr\u00e9 au syst\u00e8me de membres de WishList populaire, garantissant un fonctionnement transparent et des fonctionnalit\u00e9s maximales. Avec AutomatorWP WishList Membre, vous pouvez consid\u00e9rablement am\u00e9liorer l&rsquo;efficacit\u00e9 de votre site, am\u00e9liorer l&rsquo;exp\u00e9rience utilisateur et finalement d\u00e9velopper votre communaut\u00e9 d&rsquo;adh\u00e9sion en ligne. Il est parfait pour toute entreprise ou personne \u00e0 la recherche d&rsquo;une solution de gestion des membres robuste et efficace.<\/p>\n","protected":false},"featured_media":143195,"comment_status":"open","ping_status":"open","template":"","meta":[],"product_brand":[2464],"product_cat":[1187,1181,1186],"product_tag":[2260],"class_list":{"0":"post-120080","1":"product","2":"type-product","3":"status-publish","4":"has-post-thumbnail","6":"product_brand-automatorwp","7":"product_cat-administration-wordpress-plugins","8":"product_cat-plugins","9":"product_cat-wordpress-plugins","10":"product_tag-automatorwp","11":"member-discount","12":"discount-restricted","14":"first","15":"instock","16":"sale","17":"downloadable","18":"virtual","19":"sold-individually","20":"purchasable","21":"product-type-simple"},"_links":{"self":[{"href":"https:\/\/gpl-love.com\/fr\/wp-json\/wp\/v2\/product\/120080","targetHints":{"allow":["GET"]}}],"collection":[{"href":"https:\/\/gpl-love.com\/fr\/wp-json\/wp\/v2\/product"}],"about":[{"href":"https:\/\/gpl-love.com\/fr\/wp-json\/wp\/v2\/types\/product"}],"replies":[{"embeddable":true,"href":"https:\/\/gpl-love.com\/fr\/wp-json\/wp\/v2\/comments?post=120080"}],"wp:featuredmedia":[{"embeddable":true,"href":"https:\/\/gpl-love.com\/fr\/wp-json\/wp\/v2\/media\/143195"}],"wp:attachment":[{"href":"https:\/\/gpl-love.com\/fr\/wp-json\/wp\/v2\/media?parent=120080"}],"wp:term":[{"taxonomy":"product_brand","embeddable":true,"href":"https:\/\/gpl-love.com\/fr\/wp-json\/wp\/v2\/product_brand?post=120080"},{"taxonomy":"product_cat","embeddable":true,"href":"https:\/\/gpl-love.com\/fr\/wp-json\/wp\/v2\/product_cat?post=120080"},{"taxonomy":"product_tag","embeddable":true,"href":"https:\/\/gpl-love.com\/fr\/wp-json\/wp\/v2\/product_tag?post=120080"}],"curies":[{"name":"wp","href":"https:\/\/api.w.org\/{rel}","templated":true}]}}