{"id":120078,"date":"2023-01-28T00:00:00","date_gmt":"2023-01-27T23:00:00","guid":{"rendered":"https:\/\/gpl-love.com\/fr\/produit\/automatorwp-wpadverts\/"},"modified":"2026-03-20T22:55:38","modified_gmt":"2026-03-20T21:55:38","slug":"automatorwp-wpadverts","status":"publish","type":"product","link":"https:\/\/gpl-love.com\/fr\/produit\/automatorwp-wpadverts\/","title":{"rendered":"AutomatorWP WPAdverts 1.0.1"},"content":{"rendered":"<h3>AutomatorWP WPAdverts Traits<\/h3>\n<p>AutomatorWP WPADVERTS est un outil incroyable qui vous accorde la possibilit\u00e9 d&rsquo;automatiser une pl\u00e9thore de t\u00e2ches qui concernent votre site Web WordPress. Ce plugin a \u00e9t\u00e9 sp\u00e9cifiquement con\u00e7u pour s&rsquo;int\u00e9grer de mani\u00e8re transparente \u00e0 WPADVERTS, un plugin de classifications extr\u00eamement populaire sur WordPress. En utilisant Automatorwp WPADVERTS, vous pouvez \u00e9tablir sans effort des flux de travail personnalis\u00e9s qui automatisent efficacement des t\u00e2ches comme la cr\u00e9ation d&rsquo;annonces, la gestion des annonces, la diffusion des notifications et bien plus encore. Ce plugin sert de solution par excellence pour les personnes qui cherchent \u00e0 rationaliser le site Web de leurs classifi\u00e9s et \u00e0 conserver un temps inestimable qui serait autrement gaspill\u00e9 sur les t\u00e2ches monotones. Non seulement Automatorwp WPADVERTS est convivial, mais il poss\u00e8de \u00e9galement une immense flexibilit\u00e9 et compatibilit\u00e9 avec une s\u00e9lection approfondie d&rsquo;autres plugins et th\u00e8mes. Peu importe que vous poss\u00e9diez une riche exp\u00e9rience en tant que d\u00e9veloppeur ou que vous vous lancez simplement dans votre voyage avec WordPress, AutomatorWP WPADVERTS sert un atout inestimable pour propulser le site Web de vos classifi\u00e9s \u00e0 des hauteurs sans pr\u00e9c\u00e9dent.<\/p>\n<ul>\n<li>Int\u00e9gration transparente de AutomatorWP et WPADVERTS<\/li>\n<li>Automatisation avanc\u00e9e des wpadverts \u00e0 l&rsquo;aide de d\u00e9clencheurs et d&rsquo;actions Automatorwp<\/li>\n<li>\u00c9conomise un temps et des efforts pr\u00e9cieux \u00e0 travers des processus automatis\u00e9s<\/li>\n<li>Flux de travail d&rsquo;automatisation hautement personnalisables<\/li>\n<li>Peut \u00eatre utilis\u00e9 pour automatiser divers processus WPADVERTS tels que les inscriptions des utilisateurs, les soumissions d&rsquo;annonces, les paiements, et plus encore<\/li>\n<li>R\u00e9duit les chances d&rsquo;erreurs et am\u00e9liore l&rsquo;efficacit\u00e9 globale<\/li>\n<li>\u00c9voluant continuellement avec des mises \u00e0 jour et des am\u00e9liorations r\u00e9guli\u00e8res<\/li>\n<li>Compatible avec les derni\u00e8res versions de WordPress, AutomatorWP et WPADVERTS<\/li>\n<li>Fournit une documentation d\u00e9taill\u00e9e et un support fiable<\/li>\n<li>Un excellent investissement pour les entreprises et les particuliers qui cherchent \u00e0 rationaliser leurs flux de travail WPADVERTS.<\/li>\n<\/ul>\n","protected":false},"excerpt":{"rendered":"<p>AutomatorWP WPADVERTS est un outil tr\u00e8s efficace qui s&rsquo;int\u00e8gre de mani\u00e8re transparente \u00e0 votre site Web WordPress. Il est con\u00e7u pour am\u00e9liorer la fonctionnalit\u00e9 et l&rsquo;exp\u00e9rience utilisateur de votre site en automatisant diverses t\u00e2ches. Avec WPADVERTS, vous pouvez g\u00e9rer sans effort vos annonces en ligne et vos publications publicitaires. Il est hautement personnalisable et convivial, assurant que les d\u00e9butants et les utilisateurs exp\u00e9riment\u00e9s peuvent y naviguer facilement. L&rsquo;un des principaux avantages de l&rsquo;utilisation de AutomatorWP WPADVERTS est sa capacit\u00e9 \u00e0 vous faire \u00e9conomiser du temps et des ressources, que vous pouvez canaliser dans d&rsquo;autres aspects de votre entreprise. Cet outil consiste \u00e0 cr\u00e9er un processus rationalis\u00e9 et efficace pour g\u00e9rer vos annonces en ligne, augmentant ainsi la productivit\u00e9 et, finalement, vos r\u00e9sultats.<\/p>\n","protected":false},"featured_media":143198,"comment_status":"open","ping_status":"open","template":"","meta":[],"product_brand":[2464],"product_cat":[1207,1181,1186],"product_tag":[2260],"class_list":{"0":"post-120078","1":"product","2":"type-product","3":"status-publish","4":"has-post-thumbnail","6":"product_brand-automatorwp","7":"product_cat-commercialisation-wordpress-plugins","8":"product_cat-plugins","9":"product_cat-wordpress-plugins","10":"product_tag-automatorwp","11":"member-discount","12":"discount-restricted","14":"first","15":"instock","16":"sale","17":"downloadable","18":"virtual","19":"sold-individually","20":"purchasable","21":"product-type-simple"},"_links":{"self":[{"href":"https:\/\/gpl-love.com\/fr\/wp-json\/wp\/v2\/product\/120078","targetHints":{"allow":["GET"]}}],"collection":[{"href":"https:\/\/gpl-love.com\/fr\/wp-json\/wp\/v2\/product"}],"about":[{"href":"https:\/\/gpl-love.com\/fr\/wp-json\/wp\/v2\/types\/product"}],"replies":[{"embeddable":true,"href":"https:\/\/gpl-love.com\/fr\/wp-json\/wp\/v2\/comments?post=120078"}],"wp:featuredmedia":[{"embeddable":true,"href":"https:\/\/gpl-love.com\/fr\/wp-json\/wp\/v2\/media\/143198"}],"wp:attachment":[{"href":"https:\/\/gpl-love.com\/fr\/wp-json\/wp\/v2\/media?parent=120078"}],"wp:term":[{"taxonomy":"product_brand","embeddable":true,"href":"https:\/\/gpl-love.com\/fr\/wp-json\/wp\/v2\/product_brand?post=120078"},{"taxonomy":"product_cat","embeddable":true,"href":"https:\/\/gpl-love.com\/fr\/wp-json\/wp\/v2\/product_cat?post=120078"},{"taxonomy":"product_tag","embeddable":true,"href":"https:\/\/gpl-love.com\/fr\/wp-json\/wp\/v2\/product_tag?post=120078"}],"curies":[{"name":"wp","href":"https:\/\/api.w.org\/{rel}","templated":true}]}}