{"id":120072,"date":"2022-02-25T00:00:00","date_gmt":"2022-02-24T23:00:00","guid":{"rendered":"https:\/\/gpl-love.com\/fr\/produit\/mythemeshop-emaxstore-wordpress-theme\/"},"modified":"2026-04-10T18:32:52","modified_gmt":"2026-04-10T16:32:52","slug":"mythemeshop-emaxstore-wordpress-theme","status":"publish","type":"product","link":"https:\/\/gpl-love.com\/fr\/produit\/mythemeshop-emaxstore-wordpress-theme\/","title":{"rendered":"MyThemeShop Emaxstore WordPress Theme 1.4.12"},"content":{"rendered":"<h3>MyThemeShop Emaxstore WordPress Theme Traits<\/h3>\n<p>Le th\u00e8me WordPress MyTheMeshop Emaxstore, un th\u00e8me extr\u00eamement personnalisable et plein de fonctionnalit\u00e9s sp\u00e9cifiquement adapt\u00e9 aux sites Web de commerce \u00e9lectronique, pr\u00e9sente une vaste gamme d&rsquo;options de mise en page, de sch\u00e9mas de couleurs et de choix de police, contribuant tous \u00e0 la personnalisation de votre magasin virtuel. Impr\u00e9gn\u00e9 d&rsquo;un design \u00e9l\u00e9gant et contemporain, ce th\u00e8me garantit non seulement des temps de chargement rapides mais aussi une navigation transparente, en raison de son code impeccable et optimis\u00e9. De plus, Emaxstore poss\u00e8de un \u00e9ventail de fonctionnalit\u00e9s int\u00e9gr\u00e9es telles que les curseurs de produits, les fonctionnalit\u00e9s de vue rapide des produits et une barre lat\u00e9rale personnalisable, qui facilitent tous l&rsquo;affichage et la promotion efficaces de vos marchandises, am\u00e9liorant ainsi la visibilit\u00e9 de votre marque. De plus, ce th\u00e8me est m\u00e9ticuleusement con\u00e7u avec l&rsquo;optimisation des moteurs de recherche \u00e0 son c\u0153ur, rationalisant ainsi le processus d&rsquo;\u00e9l\u00e9vation du classement de votre site Web sur les moteurs de recherche pro\u00e9minents. En conclusion, le th\u00e8me WordPress de MyTheMeshop Emaxstore appara\u00eet sans \u00e9quivoque comme le choix id\u00e9al pour toute boutique en ligne cherchant \u00e0 \u00e9tablir une pr\u00e9sence num\u00e9rique professionnelle et visuellement captivante.<\/p>\n<ul>\n<li>Conception r\u00e9active optimis\u00e9e pour tous les appareils<\/li>\n<li>15 widgets personnalis\u00e9s, y compris les boutons de m\u00e9dias sociaux et les articles de blog r\u00e9cents<\/li>\n<li>Six options de disposition diff\u00e9rentes pour la page d&rsquo;accueil et les pages individuelles<\/li>\n<li>Plusieurs sch\u00e9mas de couleurs au choix, avec des options de personnalisation faciles<\/li>\n<li>Syst\u00e8me d&rsquo;examen int\u00e9gr\u00e9 pour les produits et services<\/li>\n<li>Capacit\u00e9 \u00e0 pr\u00e9senter des produits et des promotions en vedette sur la page d&rsquo;accueil<\/li>\n<li>Processus d&rsquo;installation en un clic, avec une importation facile de contenu de d\u00e9monstration<\/li>\n<li>Code optimis\u00e9 SEO pour une meilleure visibilit\u00e9 des moteurs de recherche<\/li>\n<li>Compatible avec tous les principaux plugins et versions WordPress<\/li>\n<li>Acc\u00e8s \u00e0 vie aux mises \u00e0 jour et support client.<\/li>\n<\/ul>\n","protected":false},"excerpt":{"rendered":"<p>Le th\u00e8me WordPress EMAXSTORE, d\u00e9velopp\u00e9 par MyTheShop, est un choix exemplaire pour les sites Web de commerce \u00e9lectronique \u00e0 la recherche d&rsquo;une esth\u00e9tique polie et contemporaine. B\u00e9n\u00e9ficiant d&rsquo;une conception enti\u00e8rement r\u00e9active, d&rsquo;un assortiment de widgets personnalisables et d&rsquo;un syst\u00e8me de navigation intuitivement con\u00e7u, ce th\u00e8me est une plate-forme id\u00e9ale pour afficher efficacement votre marchandise et \u00e9largir votre client\u00e8le. De plus, le th\u00e8me Emaxstore fournit un vaste \u00e9ventail d&rsquo;alternatives de personnalisation et de fonctionnalit\u00e9s pr\u00e9cieuses, y compris un curseur de produit dynamique, une fonction de liste de souhaits et une optimisation d&rsquo;optimisation des moteurs de recherche (SEO). Que vous vendiez des biens tangibles ou des articles virtuels, le th\u00e8me Emaxstore vous permettra sans aucun doute de fa\u00e7onner un \u00e9tablissement de vente au d\u00e9tail en ligne sophistiqu\u00e9 et captivant.<\/p>\n","protected":false},"featured_media":144661,"comment_status":"open","ping_status":"open","template":"","meta":[],"product_brand":[2601],"product_cat":[1238,1851,1212],"product_tag":[1309],"class_list":{"0":"post-120072","1":"product","2":"type-product","3":"status-publish","4":"has-post-thumbnail","6":"product_brand-my-theme-shop","7":"product_cat-commerce-electronique-themes","8":"product_cat-entreprise-commerce-electronique-themes","9":"product_cat-themes","10":"product_tag-my-theme-shop","11":"member-discount","12":"discount-restricted","14":"first","15":"instock","16":"sale","17":"downloadable","18":"virtual","19":"sold-individually","20":"purchasable","21":"product-type-simple"},"_links":{"self":[{"href":"https:\/\/gpl-love.com\/fr\/wp-json\/wp\/v2\/product\/120072","targetHints":{"allow":["GET"]}}],"collection":[{"href":"https:\/\/gpl-love.com\/fr\/wp-json\/wp\/v2\/product"}],"about":[{"href":"https:\/\/gpl-love.com\/fr\/wp-json\/wp\/v2\/types\/product"}],"replies":[{"embeddable":true,"href":"https:\/\/gpl-love.com\/fr\/wp-json\/wp\/v2\/comments?post=120072"}],"wp:featuredmedia":[{"embeddable":true,"href":"https:\/\/gpl-love.com\/fr\/wp-json\/wp\/v2\/media\/144661"}],"wp:attachment":[{"href":"https:\/\/gpl-love.com\/fr\/wp-json\/wp\/v2\/media?parent=120072"}],"wp:term":[{"taxonomy":"product_brand","embeddable":true,"href":"https:\/\/gpl-love.com\/fr\/wp-json\/wp\/v2\/product_brand?post=120072"},{"taxonomy":"product_cat","embeddable":true,"href":"https:\/\/gpl-love.com\/fr\/wp-json\/wp\/v2\/product_cat?post=120072"},{"taxonomy":"product_tag","embeddable":true,"href":"https:\/\/gpl-love.com\/fr\/wp-json\/wp\/v2\/product_tag?post=120072"}],"curies":[{"name":"wp","href":"https:\/\/api.w.org\/{rel}","templated":true}]}}