{"id":120070,"date":"2021-12-04T00:00:00","date_gmt":"2021-12-03T23:00:00","guid":{"rendered":"https:\/\/gpl-love.com\/fr\/produit\/mythemeshop-cyprus-wordpress-theme\/"},"modified":"2026-04-10T18:32:49","modified_gmt":"2026-04-10T16:32:49","slug":"mythemeshop-cyprus-wordpress-theme","status":"publish","type":"product","link":"https:\/\/gpl-love.com\/fr\/produit\/mythemeshop-cyprus-wordpress-theme\/","title":{"rendered":"MyThemeShop Cyprus WordPress Theme 1.1.3"},"content":{"rendered":"<h3>MyThemeShop Cyprus WordPress Theme Traits<\/h3>\n<p>Le th\u00e8me MyTheShop Chypre WordPress, avec sa nature \u00e9tonnante et polyvalente, sert d&rsquo;option impeccable pour ceux qui visaient \u00e0 cr\u00e9er des sites Web professionnels. Pr\u00e9sentant un \u00e9ventail de fonctionnalit\u00e9s et d&rsquo;alternatives de personnalisation, ce th\u00e8me facilite la cr\u00e9ation de plateformes en ligne distinctes et personnalis\u00e9es, adapt\u00e9es aux exigences sp\u00e9cifiques des utilisateurs. B\u00e9n\u00e9ficiant d&rsquo;un design \u00e9l\u00e9gant et contemporain, Chypre est la quintessence de l&rsquo;excellence lorsqu&rsquo;il s&rsquo;agit d&rsquo;accentuer ses produits, services ou portefeuille. De plus, ce th\u00e8me assure une exp\u00e9rience utilisateur transparente sur divers appareils, gr\u00e2ce \u00e0 ses caract\u00e9ristiques enti\u00e8rement r\u00e9actives. Les attributs notables du th\u00e8me Chypre comprennent la fourniture de widgets personnalis\u00e9s, des vitesses de chargement rapides et une interface intuitivement navigable. Quel que soit le niveau de comp\u00e9tence de son d\u00e9veloppement de sites Web, le th\u00e8me de Chypre est consid\u00e9r\u00e9 comme une s\u00e9lection optimale pour les individus souhaitant \u00e9tablir une pr\u00e9sence en ligne professionnelle et captivante.<\/p>\n<ul>\n<li>Design propre et moderne avec une subtile ambiance m\u00e9diterran\u00e9enne<\/li>\n<li>Disposition enti\u00e8rement r\u00e9active et conviviale pour une visualisation optimale sur tous les appareils<\/li>\n<li>Int\u00e9gration int\u00e9gr\u00e9e des m\u00e9dias sociaux pour partager facilement le contenu sur les plateformes populaires<\/li>\n<li>Options de personnalisation faciles, y compris les sch\u00e9mas de couleurs et les images d&rsquo;arri\u00e8re-plan<\/li>\n<li>SEO-optimis\u00e9 pour am\u00e9liorer le classement des moteurs de recherche et attirer plus de visiteurs<\/li>\n<li>Syst\u00e8me de gestion de publicit\u00e9 int\u00e9gr\u00e9 pour une mon\u00e9tisation facile de votre site Web<\/li>\n<li>Importation de d\u00e9monstration en un clic pour configurer rapidement votre site Web avec des mod\u00e8les pr\u00e9-con\u00e7us<\/li>\n<li>Traduction pr\u00eat pour les sites Web multilingues<\/li>\n<li>Compatible avec les plugins WordPress populaires pour des fonctionnalit\u00e9s ajout\u00e9es<\/li>\n<li>R\u00e9guli\u00e8rement mis \u00e0 jour pour assurer la compatibilit\u00e9 avec la derni\u00e8re version de WordPress et des correctifs de s\u00e9curit\u00e9<\/li>\n<\/ul>\n","protected":false},"excerpt":{"rendered":"<p>Le th\u00e8me Cyprus WordPress, d\u00e9velopp\u00e9 par MyTheShop, poss\u00e8de un design visuellement magnifique et contemporain qui est bien adapt\u00e9 pour un large \u00e9ventail de sites Web d&rsquo;entreprise. Avec sa disposition rationalis\u00e9e et ses \u00e9tendues options de personnalisation, la fabrication sans effort d&rsquo;un site Web de premier ordre est enti\u00e8rement \u00e0 port\u00e9e de main. Ce th\u00e8me est abondant avec des fonctionnalit\u00e9s pr\u00e9cieuses, notamment des widgets personnalis\u00e9s, des capacit\u00e9s d&rsquo;optimisation des moteurs de recherche, une int\u00e9gration transparente avec les plateformes de m\u00e9dias sociaux et une pl\u00e9thore d&rsquo;autres fonctionnalit\u00e9s impressionnantes. De plus, il est pleinement r\u00e9actif, garantissant que votre site maintient son attrait visuel et ses fonctionnalit\u00e9s sur tous les appareils. Ne perdez pas de temps et vous lancez dans votre voyage vers un site Web poli et sophistiqu\u00e9 en optant pour le th\u00e8me Cyprus WordPress aujourd&rsquo;hui &#8211; la quintessence du professionnalisme n&rsquo;est qu&rsquo;\u00e0 quelques clics.<\/p>\n","protected":false},"featured_media":144657,"comment_status":"open","ping_status":"open","template":"","meta":[],"product_brand":[2601],"product_cat":[1242,1212,1213],"product_tag":[1309],"class_list":{"0":"post-120070","1":"product","2":"type-product","3":"status-publish","4":"has-post-thumbnail","6":"product_brand-my-theme-shop","7":"product_cat-creatif","8":"product_cat-themes","9":"product_cat-wordpress-themes","10":"product_tag-my-theme-shop","11":"member-discount","12":"discount-restricted","14":"first","15":"instock","16":"sale","17":"downloadable","18":"virtual","19":"sold-individually","20":"purchasable","21":"product-type-simple"},"_links":{"self":[{"href":"https:\/\/gpl-love.com\/fr\/wp-json\/wp\/v2\/product\/120070","targetHints":{"allow":["GET"]}}],"collection":[{"href":"https:\/\/gpl-love.com\/fr\/wp-json\/wp\/v2\/product"}],"about":[{"href":"https:\/\/gpl-love.com\/fr\/wp-json\/wp\/v2\/types\/product"}],"replies":[{"embeddable":true,"href":"https:\/\/gpl-love.com\/fr\/wp-json\/wp\/v2\/comments?post=120070"}],"wp:featuredmedia":[{"embeddable":true,"href":"https:\/\/gpl-love.com\/fr\/wp-json\/wp\/v2\/media\/144657"}],"wp:attachment":[{"href":"https:\/\/gpl-love.com\/fr\/wp-json\/wp\/v2\/media?parent=120070"}],"wp:term":[{"taxonomy":"product_brand","embeddable":true,"href":"https:\/\/gpl-love.com\/fr\/wp-json\/wp\/v2\/product_brand?post=120070"},{"taxonomy":"product_cat","embeddable":true,"href":"https:\/\/gpl-love.com\/fr\/wp-json\/wp\/v2\/product_cat?post=120070"},{"taxonomy":"product_tag","embeddable":true,"href":"https:\/\/gpl-love.com\/fr\/wp-json\/wp\/v2\/product_tag?post=120070"}],"curies":[{"name":"wp","href":"https:\/\/api.w.org\/{rel}","templated":true}]}}