{"id":120068,"date":"2021-11-25T00:00:00","date_gmt":"2021-11-24T23:00:00","guid":{"rendered":"https:\/\/gpl-love.com\/fr\/produit\/mythemeshop-coupon-wordpress-theme\/"},"modified":"2026-03-20T23:26:40","modified_gmt":"2026-03-20T22:26:40","slug":"mythemeshop-coupon-wordpress-theme","status":"publish","type":"product","link":"https:\/\/gpl-love.com\/fr\/produit\/mythemeshop-coupon-wordpress-theme\/","title":{"rendered":"MyThemeShop Coupon WordPress Theme 2.2.3"},"content":{"rendered":"<h3>MyThemeShop Coupon WordPress Theme Traits<\/h3>\n<p>Le th\u00e8me WordPress de Coupon MyTheShop est un th\u00e8me exceptionnel et haut de gamme qui a \u00e9t\u00e9 m\u00e9ticuleusement con\u00e7u dans le seul but de permettre aux individus de cr\u00e9er sans effort et de mani\u00e8re transparente leurs propres sites Web de coupons. Notamment, ce th\u00e8me particulier poss\u00e8de une facilit\u00e9 d&rsquo;utilisation et de personnalisation in\u00e9gal\u00e9es, ce qui l&rsquo;a rendu adapt\u00e9 aux personnes qui ne poss\u00e8dent peut-\u00eatre aucune comp\u00e9tence de codage pr\u00e9alable. De plus, sa vaste gamme de fonctionnalit\u00e9s puissantes amplifie encore son attrait, y compris, mais sans s&rsquo;y limiter, la pr\u00e9sence d&rsquo;un carrousel de coupon vraiment personnalisable et engageant, des formulaires de soumission conviviaux, ainsi qu&rsquo;un syst\u00e8me de notation incroyablement efficace et fiable.<\/p>\n<p>Dans un effort pour garantir une fonctionnalit\u00e9 optimale et une satisfaction globale des utilisateurs, le th\u00e8me WordPress de MyTheMeshop Coupon a subi une optimisation compl\u00e8te pour la vitesse et l&rsquo;optimisation des moteurs de recherche (SEO). Par cons\u00e9quent, il est garanti que votre site Web pr\u00e9sentera une rapidit\u00e9 remarquable et sera d\u00e9couverte sans effort sur divers moteurs de recherche. En outre, ce th\u00e8me a \u00e9t\u00e9 con\u00e7u de mani\u00e8re experte pour \u00eatre pleinement r\u00e9active, engendrez ainsi la cr\u00e9ation d&rsquo;un site Web de coupons visuellement \u00e9tonnant et hautement fonctionnel qui s&rsquo;adaptera sans effort et sera superbe sur n&rsquo;importe quel appareil.<\/p>\n<p>Sans l&rsquo;ombre d&rsquo;un doute, il faut reconna\u00eetre que le th\u00e8me WordPress de Coupon MyTheShop poss\u00e8de une propension ind\u00e9niable \u00e0 permettre aux utilisateurs de d\u00e9velopper et de maintenir efficacement un site Web de coupon professionnel et immense qui captivera sans aucun doute et conservera l&rsquo;attention d&rsquo;un vaste et fid\u00e8le visiteur base.<\/p>\n<ul>\n<li>Design \u00e9l\u00e9gant et professionnel parfait pour pr\u00e9senter des coupons et des offres<\/li>\n<li>Options de th\u00e8me enti\u00e8rement personnalisables vous permettant de personnaliser l&rsquo;apparence de votre site Web<\/li>\n<li>Faire glisser et d\u00e9poser le constructeur de page d&rsquo;accueil pour la construction de sites faciles<\/li>\n<li>11 widgets personnalis\u00e9s pour afficher les offres, les offres et les cat\u00e9gories<\/li>\n<li>Syst\u00e8me de gestion des annonces pour mon\u00e9tiser votre site Web et gagner des revenus<\/li>\n<li>SEO optimis\u00e9 pour une meilleure visibilit\u00e9 sur les moteurs de recherche<\/li>\n<li>Enti\u00e8rement r\u00e9actif et convivial pour une exp\u00e9rience utilisateur optimis\u00e9e sur tous les appareils<\/li>\n<li>Traduction pr\u00eate pour un public mondial<\/li>\n<li>Importation de d\u00e9monstration en un clic pour une configuration rapide et facile<\/li>\n<li>Mises \u00e0 jour r\u00e9guli\u00e8res et excellent support client de l&rsquo;\u00e9quipe MyTheMeshop.<\/li>\n<\/ul>\n","protected":false},"excerpt":{"rendered":"<p>Le th\u00e8me WordPress de MyTheMeshop Coupon est un choix impeccable pour les personnes qui cherchent \u00e0 forger un site Web de coupon sophistiqu\u00e9 et \u00e9l\u00e9gant. Ce th\u00e8me poss\u00e8de une facilit\u00e9 d&rsquo;utilisation remarquable, vous impr\u00e9gnant la possibilit\u00e9 de naviguer sans effort sur son interface et de faire les personnalisations n\u00e9cessaires. De plus, il regorge d&rsquo;une vaste gamme de fonctionnalit\u00e9s sp\u00e9cialement con\u00e7ues pour faciliter la cr\u00e9ation d&rsquo;un site Web engageant et captivant. Esth\u00e9tiquement parlant, ce th\u00e8me poss\u00e8de un design \u00e9l\u00e9gant et moderne qui est garanti pour captiver l&rsquo;attention des visiteurs du site Web, garantissant ainsi une p\u00e9riode de temps prolong\u00e9e consacr\u00e9e \u00e0 parcourir les diff\u00e9rentes offres propos\u00e9es. De plus, le th\u00e8me WordPress de MyTheMeshop Coupon offre une int\u00e9gration transparente qui vous donne la capacit\u00e9 de cr\u00e9er et de g\u00e9rer sans effort des coupons, des offres et des codes promotionnels. De plus, le th\u00e8me est enti\u00e8rement r\u00e9actif, le rendant ainsi visuellement attrayant sur n&rsquo;importe quel appareil, quelle que soit sa taille ou son type. De plus, vous aurez acc\u00e8s \u00e0 un assortiment d&rsquo;options de personnalisation, vous permettant ainsi d&rsquo;adapter le th\u00e8me \u00e0 vos pr\u00e9f\u00e9rences et exigences sp\u00e9cifiques. Le th\u00e8me est \u00e9galement \u00e9quip\u00e9 d&rsquo;un vaste r\u00e9pertoire de codes de short int\u00e9gr\u00e9s, une fonctionnalit\u00e9 qui simplifie sans aucun doute le processus d&rsquo;ajout de fonctionnalit\u00e9s et d&rsquo;\u00e9l\u00e9ments souhait\u00e9s \u00e0 votre site Web. De plus, la conception du th\u00e8me a \u00e9t\u00e9 m\u00e9ticuleusement optimis\u00e9e pour l&rsquo;optimisation des moteurs de recherche, garantissant ainsi que votre site Web atteint une visibilit\u00e9 am\u00e9lior\u00e9e sur les pages de r\u00e9sultats des moteurs de recherche. Enfin, le th\u00e8me vous offre \u00e9galement la possibilit\u00e9 d&rsquo;am\u00e9liorer la fonctionnalit\u00e9 de votre site Web gr\u00e2ce \u00e0 l&rsquo;incorporation de divers widgets, \u00e9levant ainsi votre site Web \u00e0 de nouveaux sommets. Embarquez dans votre voyage pour construire un site Web de coupon impressionnant aujourd&rsquo;hui en exploitant les capacit\u00e9s remarquables du th\u00e8me WordPress du coupon de MyTheMeshop!<\/p>\n","protected":false},"featured_media":144655,"comment_status":"open","ping_status":"open","template":"","meta":[],"product_brand":[2601],"product_cat":[1220,1212,1213],"product_tag":[1309],"class_list":{"0":"post-120068","1":"product","2":"type-product","3":"status-publish","4":"has-post-thumbnail","6":"product_brand-my-theme-shop","7":"product_cat-blog-magazine","8":"product_cat-themes","9":"product_cat-wordpress-themes","10":"product_tag-my-theme-shop","11":"member-discount","12":"discount-restricted","14":"first","15":"instock","16":"sale","17":"downloadable","18":"virtual","19":"sold-individually","20":"purchasable","21":"product-type-simple"},"_links":{"self":[{"href":"https:\/\/gpl-love.com\/fr\/wp-json\/wp\/v2\/product\/120068","targetHints":{"allow":["GET"]}}],"collection":[{"href":"https:\/\/gpl-love.com\/fr\/wp-json\/wp\/v2\/product"}],"about":[{"href":"https:\/\/gpl-love.com\/fr\/wp-json\/wp\/v2\/types\/product"}],"replies":[{"embeddable":true,"href":"https:\/\/gpl-love.com\/fr\/wp-json\/wp\/v2\/comments?post=120068"}],"wp:featuredmedia":[{"embeddable":true,"href":"https:\/\/gpl-love.com\/fr\/wp-json\/wp\/v2\/media\/144655"}],"wp:attachment":[{"href":"https:\/\/gpl-love.com\/fr\/wp-json\/wp\/v2\/media?parent=120068"}],"wp:term":[{"taxonomy":"product_brand","embeddable":true,"href":"https:\/\/gpl-love.com\/fr\/wp-json\/wp\/v2\/product_brand?post=120068"},{"taxonomy":"product_cat","embeddable":true,"href":"https:\/\/gpl-love.com\/fr\/wp-json\/wp\/v2\/product_cat?post=120068"},{"taxonomy":"product_tag","embeddable":true,"href":"https:\/\/gpl-love.com\/fr\/wp-json\/wp\/v2\/product_tag?post=120068"}],"curies":[{"name":"wp","href":"https:\/\/api.w.org\/{rel}","templated":true}]}}