{"id":120066,"date":"2021-02-09T00:00:00","date_gmt":"2021-02-08T23:00:00","guid":{"rendered":"https:\/\/gpl-love.com\/fr\/produit\/mythemeshop-content-locker-pro\/"},"modified":"2026-04-10T18:32:45","modified_gmt":"2026-04-10T16:32:45","slug":"mythemeshop-content-locker-pro","status":"publish","type":"product","link":"https:\/\/gpl-love.com\/fr\/produit\/mythemeshop-content-locker-pro\/","title":{"rendered":"MyThemeShop Content Locker Pro 1.0.16"},"content":{"rendered":"<h3>MyThemeShop Content Locker Pro Traits<\/h3>\n<p>MyTheMeshop Content Locker Pro se pr\u00e9sente comme un plugin WordPress exceptionnellement robuste, agissant comme un catalyseur pour les propri\u00e9taires de sites Web \u00e0 la recherche d&rsquo;engagement accru et de g\u00e9n\u00e9ration de leads. Ceci est r\u00e9alis\u00e9 gr\u00e2ce \u00e0 l&rsquo;incitation \u00e0 fournir un contenu exclusif subordonn\u00e9 \u00e0 l&rsquo;acquisition de likes et de partages sur les r\u00e9seaux sociaux, les abonnements par e-mail ou d&rsquo;autres actions des utilisateurs. La nature conviviale de cet outil permet aux propri\u00e9taires de sites Web de fabriquer sans effort des widgets de verrouillage captivants et personnalisables, favorisant ainsi une interaction accrue des visiteurs avec le contenu et cultivant un public in\u00e9branlable et d\u00e9vou\u00e9. Que votre objectif soit d&rsquo;approuver vos produits, de prolif\u00e9rer votre liste de courriels ou de renforcer simplement votre pr\u00e9sence en ligne sur diverses plateformes de m\u00e9dias sociaux, MytheMeshop Content Locker Pro fournit sans effort une solution polyvalente et efficace qui catapultera sans aucun doute vos efforts de marketing en ligne \u00e0 des hauteurs in\u00e9gal\u00e9es inquiets .<\/p>\n<ul>\n<li>Augmentation du trafic du site Web via le verrouillage du contenu<\/li>\n<li>Casiers personnalisables avec des options de couleur et diff\u00e9rents effets d&rsquo;animation<\/li>\n<li>Capacit\u00e9 \u00e0 verrouiller les pages et les \u00e9l\u00e9ments de contenu individuels<\/li>\n<li>Option pour exiger le partage des m\u00e9dias sociaux ou l&rsquo;abonnement par e-mail pour l&rsquo;acc\u00e8s au contenu verrouill\u00e9<\/li>\n<li>Int\u00e9gration avec les principales plateformes de marketing par e-mail pour une gestion facile des abonn\u00e9s<\/li>\n<li>Analyse d\u00e9taill\u00e9e pour suivre les performances du casier et optimiser la strat\u00e9gie<\/li>\n<li>Temps de chargement rapide pour une exp\u00e9rience utilisateur am\u00e9lior\u00e9e<\/li>\n<li>Conception adapt\u00e9e aux mobiles pour une visualisation facile sur tous les appareils<\/li>\n<li>Achat unique avec des mises \u00e0 jour et un support \u00e0 vie.<\/li>\n<\/ul>\n","protected":false},"excerpt":{"rendered":"<p>Le MytheMeshop Content Locker Pro est un plugin incroyablement robuste et efficace qui vous pr\u00e9sente l&rsquo;occasion ph\u00e9nom\u00e9nale pour prot\u00e9ger votre contenu de premier ordre et exceptionnel derri\u00e8re un mur de paie imp\u00e9n\u00e9trable, qui vous aide sans effort et substantiellement \u00e0 augmenter vos revenus globaux pour votre site Web estim\u00e9. En vertu de ce plugin extr\u00eamement innovant et \u00e0 la pointe de la technologie, vous serez en mesure de fabriquer et de concevoir des casiers sur mesure et personnalis\u00e9s sur mesure qui sont ing\u00e9nieusement programm\u00e9s pour \u00eatre d\u00e9verrouill\u00e9s de mani\u00e8re pratique et sans effort par les visiteurs estim\u00e9s via divers moyens, y compris mais mais Non limit\u00e9 aux actions, commentaires ou m\u00eame les paiements des m\u00e9dias sociaux. De plus, il convient de noter que ce plugin remarquable int\u00e8gre \u00e9galement une fonction d&rsquo;analyse compl\u00e8te et sophistiqu\u00e9e, qui donne sans aucun doute des informations inestimables et perspicaces qui vous permettra ind\u00e9niablement de surveiller et de surveiller et de examiner les progr\u00e8s triomphant et fructueusement triomphy de votre caser. En outre, il est crucial de souligner que ce plugin impressionnant vous accorde en outre le privil\u00e8ge exclusif d&rsquo;\u00e9tablir m\u00e9ticuleusement et m\u00e9ticuleusement \u00e9tabli des r\u00e8gles de verrouillage individualis\u00e9es et personnalis\u00e9es pour chaque \u00e9l\u00e9ment de contenu pr\u00e9cieux et ch\u00e9ri. Sans l&rsquo;ombre d&rsquo;un doute, ce plugin in\u00e9gal\u00e9 et in\u00e9gal\u00e9 est incontestablement la quintessence de l&rsquo;\u00e9clat technologique et est sans \u00e9quivoque la solution optimale pour tous ceux qui cherchent \u00e0 mon\u00e9tiser leur contenu premium et sans pr\u00e9c\u00e9dent.<\/p>\n","protected":false},"featured_media":144652,"comment_status":"open","ping_status":"open","template":"","meta":[],"product_brand":[2601],"product_cat":[1189,1181,1186],"product_tag":[1309],"class_list":{"0":"post-120066","1":"product","2":"type-product","3":"status-publish","4":"has-post-thumbnail","6":"product_brand-my-theme-shop","7":"product_cat-personnalisation","8":"product_cat-plugins","9":"product_cat-wordpress-plugins","10":"product_tag-my-theme-shop","11":"member-discount","12":"discount-restricted","14":"first","15":"instock","16":"sale","17":"downloadable","18":"virtual","19":"sold-individually","20":"purchasable","21":"product-type-simple"},"_links":{"self":[{"href":"https:\/\/gpl-love.com\/fr\/wp-json\/wp\/v2\/product\/120066","targetHints":{"allow":["GET"]}}],"collection":[{"href":"https:\/\/gpl-love.com\/fr\/wp-json\/wp\/v2\/product"}],"about":[{"href":"https:\/\/gpl-love.com\/fr\/wp-json\/wp\/v2\/types\/product"}],"replies":[{"embeddable":true,"href":"https:\/\/gpl-love.com\/fr\/wp-json\/wp\/v2\/comments?post=120066"}],"wp:featuredmedia":[{"embeddable":true,"href":"https:\/\/gpl-love.com\/fr\/wp-json\/wp\/v2\/media\/144652"}],"wp:attachment":[{"href":"https:\/\/gpl-love.com\/fr\/wp-json\/wp\/v2\/media?parent=120066"}],"wp:term":[{"taxonomy":"product_brand","embeddable":true,"href":"https:\/\/gpl-love.com\/fr\/wp-json\/wp\/v2\/product_brand?post=120066"},{"taxonomy":"product_cat","embeddable":true,"href":"https:\/\/gpl-love.com\/fr\/wp-json\/wp\/v2\/product_cat?post=120066"},{"taxonomy":"product_tag","embeddable":true,"href":"https:\/\/gpl-love.com\/fr\/wp-json\/wp\/v2\/product_tag?post=120066"}],"curies":[{"name":"wp","href":"https:\/\/api.w.org\/{rel}","templated":true}]}}