{"id":120064,"date":"2021-11-25T00:00:00","date_gmt":"2021-11-24T23:00:00","guid":{"rendered":"https:\/\/gpl-love.com\/fr\/produit\/mythemeshop-cleanapp-wordpress-theme\/"},"modified":"2026-03-20T23:26:36","modified_gmt":"2026-03-20T22:26:36","slug":"mythemeshop-cleanapp-wordpress-theme","status":"publish","type":"product","link":"https:\/\/gpl-love.com\/fr\/produit\/mythemeshop-cleanapp-wordpress-theme\/","title":{"rendered":"MyThemeShop Cleanapp WordPress Theme 1.1.9"},"content":{"rendered":"<h3>MyThemeShop Cleanapp WordPress Theme Traits<\/h3>\n<p>Le th\u00e8me WordPress MyTheMeshop CleanApp est une excellente option pour les personnes qui souhaitent un design \u00e9l\u00e9gant et contemporain pour leur site Web, car il poss\u00e8de une disposition propre et minimaliste. Ce th\u00e8me convient particuli\u00e8rement aux entreprises, aux startups et aux personnes qui souhaitent exposer leurs produits ou services de mani\u00e8re professionnelle et \u00e9l\u00e9gante. De plus, ce th\u00e8me est enti\u00e8rement r\u00e9actif et adapt\u00e9 aux mobiles, permettant ainsi \u00e0 vos visiteurs d&rsquo;acc\u00e9der facilement \u00e0 votre contenu depuis n&rsquo;importe quel appareil. En outre, il est \u00e9quip\u00e9 de fonctionnalit\u00e9s avanc\u00e9es telles que des widgets personnalis\u00e9s, des boutons de partage social et une vaste gamme d&rsquo;options de couleurs, vous accordant ainsi la possibilit\u00e9 de personnaliser tous les aspects de votre site conform\u00e9ment \u00e0 votre marque unique. Que vous ayez l&rsquo;intention d&rsquo;\u00e9tablir un blog, un portefeuille ou un site de commerce \u00e9lectronique, le th\u00e8me MyTheMeshop CleanApp est un choix polyvalent et convivial qui vous aidera \u00e0 \u00e9tablir une pr\u00e9sence en ligne captivante.<\/p>\n<ul>\n<li>Design propre et moderne parfait pour pr\u00e9senter des applications mobiles<\/li>\n<li>Enti\u00e8rement r\u00e9actif et optimis\u00e9 pour les appareils mobiles<\/li>\n<li>Installation en un clic pour une configuration facile<\/li>\n<li>En-t\u00eates et pieds de page personnalisables<\/li>\n<li>Widgets personnalis\u00e9s, y compris les badges et les t\u00e9moignages de l&rsquo;App Store<\/li>\n<li>SEO optimis\u00e9 pour les classements de moteur de recherche plus \u00e9lev\u00e9s<\/li>\n<li>Traduction pr\u00eate pour le public mondial<\/li>\n<li>Options de couleurs illimit\u00e9es pour la flexibilit\u00e9 de l&rsquo;image de marque<\/li>\n<li>Vitesse de chargement rapide pour une exp\u00e9rience utilisateur optimale<\/li>\n<li>Compatible avec les plugins WordPress populaires tels que WooCommerce et Contact Form 7<\/li>\n<\/ul>\n","protected":false},"excerpt":{"rendered":"<p>Le th\u00e8me WordPress MyTheMeshop CleanApp se pr\u00e9sente comme un th\u00e8me visuellement attrayant et contemporain, parfaitement adapt\u00e9 dans le but d&rsquo;afficher des applications mobiles ou des produits logiciels. Gr\u00e2ce \u00e0 sa conception propre et minimaliste, ce th\u00e8me souligne effectivement votre contenu, permettant aux visiteurs de naviguer sans effort et de localiser les informations souhait\u00e9es. De plus, la r\u00e9activit\u00e9 compl\u00e8te du th\u00e8me garantit qu&rsquo;elle maintient son apparence immacul\u00e9e sur tous les appareils. De plus, il offre une myriade d&rsquo;options de personnalisation, vous offrant la possibilit\u00e9 de l&rsquo;adapter aux exigences sp\u00e9cifiques de votre marque. De plus, le th\u00e8me poss\u00e8de un \u00e9ventail de fonctionnalit\u00e9s int\u00e9gr\u00e9es telles que l&rsquo;int\u00e9gration des m\u00e9dias sociaux sans couture, les tables de prix informatives et les captures d&rsquo;\u00e9cran captivantes, ce qui en fait un choix exemplaire pour les d\u00e9veloppeurs, les startups et les cr\u00e9ateurs d&rsquo;applications ind\u00e9pendantes.<\/p>\n","protected":false},"featured_media":144651,"comment_status":"open","ping_status":"open","template":"","meta":[],"product_brand":[2601],"product_cat":[1242,1212,1213],"product_tag":[1309],"class_list":{"0":"post-120064","1":"product","2":"type-product","3":"status-publish","4":"has-post-thumbnail","6":"product_brand-my-theme-shop","7":"product_cat-creatif","8":"product_cat-themes","9":"product_cat-wordpress-themes","10":"product_tag-my-theme-shop","11":"member-discount","12":"discount-restricted","14":"first","15":"instock","16":"sale","17":"downloadable","18":"virtual","19":"sold-individually","20":"purchasable","21":"product-type-simple"},"_links":{"self":[{"href":"https:\/\/gpl-love.com\/fr\/wp-json\/wp\/v2\/product\/120064","targetHints":{"allow":["GET"]}}],"collection":[{"href":"https:\/\/gpl-love.com\/fr\/wp-json\/wp\/v2\/product"}],"about":[{"href":"https:\/\/gpl-love.com\/fr\/wp-json\/wp\/v2\/types\/product"}],"replies":[{"embeddable":true,"href":"https:\/\/gpl-love.com\/fr\/wp-json\/wp\/v2\/comments?post=120064"}],"wp:featuredmedia":[{"embeddable":true,"href":"https:\/\/gpl-love.com\/fr\/wp-json\/wp\/v2\/media\/144651"}],"wp:attachment":[{"href":"https:\/\/gpl-love.com\/fr\/wp-json\/wp\/v2\/media?parent=120064"}],"wp:term":[{"taxonomy":"product_brand","embeddable":true,"href":"https:\/\/gpl-love.com\/fr\/wp-json\/wp\/v2\/product_brand?post=120064"},{"taxonomy":"product_cat","embeddable":true,"href":"https:\/\/gpl-love.com\/fr\/wp-json\/wp\/v2\/product_cat?post=120064"},{"taxonomy":"product_tag","embeddable":true,"href":"https:\/\/gpl-love.com\/fr\/wp-json\/wp\/v2\/product_tag?post=120064"}],"curies":[{"name":"wp","href":"https:\/\/api.w.org\/{rel}","templated":true}]}}