{"id":120062,"date":"2022-03-03T00:00:00","date_gmt":"2022-03-02T23:00:00","guid":{"rendered":"https:\/\/gpl-love.com\/fr\/produit\/mythemeshop-business-wordpress-theme\/"},"modified":"2026-04-10T18:32:44","modified_gmt":"2026-04-10T16:32:44","slug":"mythemeshop-business-wordpress-theme","status":"publish","type":"product","link":"https:\/\/gpl-love.com\/fr\/produit\/mythemeshop-business-wordpress-theme\/","title":{"rendered":"MyThemeShop Business WordPress Theme 1.1.12"},"content":{"rendered":"<h3>MyThemeShop Business WordPress Theme Traits<\/h3>\n<p>Le th\u00e8me WordPress de MyTheMeshop Business d\u00e9tient la distinction d&rsquo;\u00eatre un th\u00e8me polyvalent et convivial qui a \u00e9t\u00e9 sp\u00e9cifiquement con\u00e7u pour r\u00e9pondre aux besoins des entreprises, que ce soit petit, moyen ou grand. Les concepteurs de ce th\u00e8me ont minutieusement d\u00e9velopp\u00e9 un design \u00e9l\u00e9gant et moderne qui ne laissera pas une impression durable sur quiconque pose les yeux dessus. Non seulement cela, mais ce th\u00e8me offre \u00e9galement une vaste gamme d&rsquo;options de personnalisation, accordant ainsi aux utilisateurs la libert\u00e9 de fa\u00e7onner un site Web vraiment unique et professionnel, tout en restant fid\u00e8le \u00e0 leur identit\u00e9 de marque.<\/p>\n<p>De plus, ce th\u00e8me est \u00e9quip\u00e9 d&rsquo;une myriade de mod\u00e8les et de widgets pr\u00e9d\u00e9finis, simplifiant ainsi le processus de cr\u00e9ation de pages, de pr\u00e9sentation de produits et de services et de faire la lumi\u00e8re sur des informations cruciales telles que l&rsquo;histoire de l&rsquo;entreprise, les membres de l&rsquo;\u00e9quipe, ainsi que \u00e9galement comme les t\u00e9moignages de clients estim\u00e9s. Ce qui est encore plus impressionnant, c&rsquo;est que ce th\u00e8me a \u00e9t\u00e9 m\u00e9ticuleusement optimis\u00e9 \u00e0 la fois \u00e0 des fins d&rsquo;optimisation des moteurs de recherche (SEO) et de r\u00e9activit\u00e9 mobile. En cons\u00e9quence, les utilisateurs peuvent \u00eatre assur\u00e9s que leur site Web fera passer sans effort les rangs des r\u00e9sultats des moteurs de recherche, quel que soit l&rsquo;appareil utilis\u00e9 pour y acc\u00e9der.<\/p>\n<p>Pour ajouter \u00e0 son allure, le th\u00e8me WordPress Business MyTheShop poss\u00e8de une multitude de fonctionnalit\u00e9s robustes, y compris, mais sans s&rsquo;y limiter, une page d&rsquo;accueil hautement personnalisable, un panneau d&rsquo;options puissant et des capacit\u00e9s d&rsquo;int\u00e9gration transparentes avec des plugins populaires. En raison de ces fonctionnalit\u00e9s, les entreprises peuvent se pr\u00e9valoir de tout ce dont ils ont besoin afin de forger une formidable pr\u00e9sence en ligne qui garantit un flux constant de trafic, un engagement significatif avec leur public et, finalement, une augmentation substantielle des conversions.<\/p>\n<ul>\n<li>Design \u00e9l\u00e9gant et professionnel pour les entreprises et les entreprises<\/li>\n<li>Disposition enti\u00e8rement r\u00e9active pour une visualisation optimale sur tous les appareils<\/li>\n<li>Plusieurs mises en page de page d&rsquo;accueil et de blog au choix<\/li>\n<li>Options de t\u00eate et de pied de page personnalisables<\/li>\n<li>Int\u00e9gration avec des plugins et des widgets populaires tels que WooCommerce et Formulaire de contact 7<\/li>\n<li>SEO optimis\u00e9 pour les classements de moteur de recherche plus \u00e9lev\u00e9s<\/li>\n<li>Panneau d&rsquo;options de th\u00e8me avanc\u00e9 pour une personnalisation facile<\/li>\n<li>Mises \u00e0 jour r\u00e9guli\u00e8res et documentation approfondie pour le support continu<\/li>\n<li>Vitesses de chargement rapide pour une am\u00e9lioration de l&rsquo;exp\u00e9rience utilisateur<\/li>\n<li>Traduction pr\u00eate pour la port\u00e9e mondiale<\/li>\n<li>Importation de d\u00e9monstration en un clic pour une configuration de site Web facile.<\/li>\n<\/ul>\n","protected":false},"excerpt":{"rendered":"<p>Le th\u00e8me WordPress Business MyTheShop est un th\u00e8me extr\u00eamement con\u00e7u et m\u00e9ticuleusement con\u00e7u sp\u00e9cialement adapt\u00e9 pour r\u00e9pondre aux besoins des entreprises et des personnes entreprenantes. B\u00e9n\u00e9ficiant d&rsquo;un design immacul\u00e9 et contemporain, ce th\u00e8me pr\u00e9sente un \u00e9ventail d&rsquo;attributs et de fonctionnalit\u00e9s hautement adaptables et personnalisables, permettant ainsi la cr\u00e9ation d&rsquo;un site Web visuellement captivant et impressionnant. Son r\u00e9pertoire englobe une myriade de choix de disposition, de widgets sur mesure et d&rsquo;une conception dynamique et r\u00e9active qui s&rsquo;adapte sans effort \u00e0 toutes les tailles et appareils d&rsquo;\u00e9cran. En outre, ce th\u00e8me int\u00e8gre sans effort l&rsquo;optimisation int\u00e9gr\u00e9e des moteurs de recherche, garantissant une visibilit\u00e9 et une d\u00e9couverte am\u00e9lior\u00e9es, tout en fournissant simultan\u00e9ment des vitesses de chargement rapides qui garantissent une exp\u00e9rience utilisateur in\u00e9gal\u00e9e. Enfin et surtout, les entreprises de toutes les amplitudes peuvent \u00eatre assur\u00e9es en sachant que ce th\u00e8me est accompagn\u00e9 d&rsquo;un syst\u00e8me de support client exceptionnel, ce qui le rend une solution sans \u00e9quivoque impeccable pour toutes leurs conditions num\u00e9riques.<\/p>\n","protected":false},"featured_media":144650,"comment_status":"open","ping_status":"open","template":"","meta":[],"product_brand":[2601],"product_cat":[1516,1212,1213],"product_tag":[1309],"class_list":{"0":"post-120062","1":"product","2":"type-product","3":"status-publish","4":"has-post-thumbnail","6":"product_brand-my-theme-shop","7":"product_cat-entreprise","8":"product_cat-themes","9":"product_cat-wordpress-themes","10":"product_tag-my-theme-shop","11":"member-discount","12":"discount-restricted","14":"first","15":"instock","16":"sale","17":"downloadable","18":"virtual","19":"sold-individually","20":"purchasable","21":"product-type-simple"},"_links":{"self":[{"href":"https:\/\/gpl-love.com\/fr\/wp-json\/wp\/v2\/product\/120062","targetHints":{"allow":["GET"]}}],"collection":[{"href":"https:\/\/gpl-love.com\/fr\/wp-json\/wp\/v2\/product"}],"about":[{"href":"https:\/\/gpl-love.com\/fr\/wp-json\/wp\/v2\/types\/product"}],"replies":[{"embeddable":true,"href":"https:\/\/gpl-love.com\/fr\/wp-json\/wp\/v2\/comments?post=120062"}],"wp:featuredmedia":[{"embeddable":true,"href":"https:\/\/gpl-love.com\/fr\/wp-json\/wp\/v2\/media\/144650"}],"wp:attachment":[{"href":"https:\/\/gpl-love.com\/fr\/wp-json\/wp\/v2\/media?parent=120062"}],"wp:term":[{"taxonomy":"product_brand","embeddable":true,"href":"https:\/\/gpl-love.com\/fr\/wp-json\/wp\/v2\/product_brand?post=120062"},{"taxonomy":"product_cat","embeddable":true,"href":"https:\/\/gpl-love.com\/fr\/wp-json\/wp\/v2\/product_cat?post=120062"},{"taxonomy":"product_tag","embeddable":true,"href":"https:\/\/gpl-love.com\/fr\/wp-json\/wp\/v2\/product_tag?post=120062"}],"curies":[{"name":"wp","href":"https:\/\/api.w.org\/{rel}","templated":true}]}}