{"id":120060,"date":"2022-02-28T00:00:00","date_gmt":"2022-02-27T23:00:00","guid":{"rendered":"https:\/\/gpl-love.com\/fr\/produit\/mythemeshop-builders-wordpress-theme\/"},"modified":"2026-04-10T18:32:44","modified_gmt":"2026-04-10T16:32:44","slug":"mythemeshop-builders-wordpress-theme","status":"publish","type":"product","link":"https:\/\/gpl-love.com\/fr\/produit\/mythemeshop-builders-wordpress-theme\/","title":{"rendered":"MyThemeShop Builders WordPress Theme 1.3.14"},"content":{"rendered":"<h3>MyThemeShop Builders WordPress Theme Traits<\/h3>\n<p>MyTheMeshop Builders WordPress Le th\u00e8me est un th\u00e8me exceptionnellement plein de fonctionnalit\u00e9s et hautement personnalisable qui poss\u00e8de la capacit\u00e9 de vous aider \u00e0 fabriquer sans effort des sites Web frappants visuellement. Il vous donne acc\u00e8s \u00e0 un constructeur de pages glisser-d\u00e9poser remarquablement robuste, vous accordant la capacit\u00e9 de construire sans effort des dispositions complexes avec une poign\u00e9e de clics. En vertu de son panneau de conception r\u00e9active et d&rsquo;options avanc\u00e9es, vous avez la facilit\u00e9 et la commodit\u00e9 d&rsquo;adapter sans effort votre site Web pour vous aligner pr\u00e9cis\u00e9ment avec votre marque unique et vos conditions commerciales. En outre, ce th\u00e8me poss\u00e8de une multitude de mod\u00e8les pr\u00e9-con\u00e7us m\u00e9ticuleusement con\u00e7us, chacun m\u00e9ticuleusement adapt\u00e9 pour r\u00e9pondre \u00e0 une gamme diversifi\u00e9e de niches, y compris, mais sans s&rsquo;y limiter, des portefeuilles, des blogs et des sites Web ax\u00e9s sur les entreprises. De plus, ce th\u00e8me remarquable est impr\u00e9gn\u00e9 d&rsquo;une pl\u00e9thore d&rsquo;attributs de r\u00e9f\u00e9rencement et se vante des temps de chargement exceptionnellement rapides, propulsant ainsi votre site Web pour monter sur des \u00e9chelons plus \u00e9lev\u00e9s dans la page de r\u00e9sultats du moteur de recherche tout en offrant simultan\u00e9ment une exp\u00e9rience utilisateur sans pr\u00e9c\u00e9dent. Si vous vous retrouvez \u00e0 la recherche d&rsquo;un th\u00e8me qui associe de mani\u00e8re transparente la flexibilit\u00e9, la convivialit\u00e9 et une esth\u00e9tique sans \u00e9quivoque, les constructeurs de mytheshop m\u00e9ritent sans \u00e9quivoque votre attention individuelle.<\/p>\n<ul>\n<li>Th\u00e8me WordPress hautement personnalisable avec g\u00e9n\u00e9rateur de pages glisser-d\u00e9poser<\/li>\n<li>Livr\u00e9 avec 14 dispositions pr\u00e9-faites pour commencer rapidement<\/li>\n<li>Conception enti\u00e8rement r\u00e9active pour les appareils et tablettes mobiles<\/li>\n<li>Outils d&rsquo;optimisation des moteurs de recherche int\u00e9gr\u00e9s (SEO) pour un meilleur classement<\/li>\n<li>Comprend plus de 600 polices Google au choix<\/li>\n<li>Capacit\u00e9 \u00e0 cr\u00e9er des barres lat\u00e9rales et des widgets personnalis\u00e9s illimit\u00e9s<\/li>\n<li>Compatible avec WooCommerce, permettant une int\u00e9gration facile du commerce \u00e9lectronique<\/li>\n<li>Installation de d\u00e9monstration en un clic pour une configuration facile<\/li>\n<li>Documentation d\u00e9taill\u00e9e et didacticiels vid\u00e9o pour une utilisation en douceur<\/li>\n<li>Support client 24\/7 de l&rsquo;\u00e9quipe MyTheMeshop<\/li>\n<\/ul>\n","protected":false},"excerpt":{"rendered":"<p>Le th\u00e8me WordPress des constructeurs, d\u00e9velopp\u00e9 par MytheMeshop, est une solution incroyablement adaptable et conviviale pour la construction de sites Web, s&rsquo;adressant aux entreprises de diverses \u00e9chelles. \u00c9quip\u00e9 d&rsquo;un constructeur de glisser-d\u00e9poser robuste, ce th\u00e8me facilite la cr\u00e9ation de sites Web visuellement frappants sans n\u00e9cessiter aucune expertise de codage. En outre, les utilisateurs ont la flexibilit\u00e9 de s\u00e9lectionner parmi un \u00e9ventail de mod\u00e8les pr\u00e9-con\u00e7us et de les personnaliser par la suite conform\u00e9ment \u00e0 leurs exigences de marque. De plus, ce th\u00e8me englobe un assortiment de fonctionnalit\u00e9s qui permettent l&rsquo;int\u00e9gration transparente des formes, des galeries, des flux de m\u00e9dias sociaux et bien plus encore. B\u00e9n\u00e9ficiant de temps de chargement rapides et de soutien exceptionnel, le th\u00e8me WordPress des constructeurs de mythemeshop \u00e9merge ind\u00e9niablement comme un atout indispensable pour les personnes cherchant \u00e0 \u00e9tablir un site Web d&rsquo;entreprise exquis et pleinement fonctionnel.<\/p>\n","protected":false},"featured_media":144649,"comment_status":"open","ping_status":"open","template":"","meta":[],"product_brand":[2601],"product_cat":[1242,1212,1213],"product_tag":[1309],"class_list":{"0":"post-120060","1":"product","2":"type-product","3":"status-publish","4":"has-post-thumbnail","6":"product_brand-my-theme-shop","7":"product_cat-creatif","8":"product_cat-themes","9":"product_cat-wordpress-themes","10":"product_tag-my-theme-shop","11":"member-discount","12":"discount-restricted","14":"first","15":"instock","16":"sale","17":"downloadable","18":"virtual","19":"sold-individually","20":"purchasable","21":"product-type-simple"},"_links":{"self":[{"href":"https:\/\/gpl-love.com\/fr\/wp-json\/wp\/v2\/product\/120060","targetHints":{"allow":["GET"]}}],"collection":[{"href":"https:\/\/gpl-love.com\/fr\/wp-json\/wp\/v2\/product"}],"about":[{"href":"https:\/\/gpl-love.com\/fr\/wp-json\/wp\/v2\/types\/product"}],"replies":[{"embeddable":true,"href":"https:\/\/gpl-love.com\/fr\/wp-json\/wp\/v2\/comments?post=120060"}],"wp:featuredmedia":[{"embeddable":true,"href":"https:\/\/gpl-love.com\/fr\/wp-json\/wp\/v2\/media\/144649"}],"wp:attachment":[{"href":"https:\/\/gpl-love.com\/fr\/wp-json\/wp\/v2\/media?parent=120060"}],"wp:term":[{"taxonomy":"product_brand","embeddable":true,"href":"https:\/\/gpl-love.com\/fr\/wp-json\/wp\/v2\/product_brand?post=120060"},{"taxonomy":"product_cat","embeddable":true,"href":"https:\/\/gpl-love.com\/fr\/wp-json\/wp\/v2\/product_cat?post=120060"},{"taxonomy":"product_tag","embeddable":true,"href":"https:\/\/gpl-love.com\/fr\/wp-json\/wp\/v2\/product_tag?post=120060"}],"curies":[{"name":"wp","href":"https:\/\/api.w.org\/{rel}","templated":true}]}}