{"id":120058,"date":"2022-01-05T00:00:00","date_gmt":"2022-01-04T23:00:00","guid":{"rendered":"https:\/\/gpl-love.com\/fr\/produit\/mythemeshop-blogging-wordpress-theme\/"},"modified":"2026-04-10T18:32:42","modified_gmt":"2026-04-10T16:32:42","slug":"mythemeshop-blogging-wordpress-theme","status":"publish","type":"product","link":"https:\/\/gpl-love.com\/fr\/produit\/mythemeshop-blogging-wordpress-theme\/","title":{"rendered":"MyThemeShop Blogging WordPress Theme 3.1.10"},"content":{"rendered":"<h3>MyThemeShop Blogging WordPress Theme Traits<\/h3>\n<p>Le th\u00e8me WordPress de MyTheMeshop Blogging, avec sa nature visuellement frappante et pleine de fonctionnalit\u00e9s, pr\u00e9sente une option vraiment s\u00e9duisante pour les blogueurs et les cr\u00e9ateurs de contenu \u00e0 la recherche d&rsquo;un design \u00e9l\u00e9gant et moderne. B\u00e9n\u00e9ficiant d&rsquo;une pl\u00e9thore de dispositions pr\u00e9d\u00e9finies et d&rsquo;un \u00e9ventail d&rsquo;options de personnalisation, ce th\u00e8me permet aux utilisateurs de fa\u00e7onner un site Web \u00e0 la fois unique et personnalis\u00e9, concluant l&rsquo;\u00e9quilibre parfait entre la fonctionnalit\u00e9 et l&rsquo;attrait esth\u00e9tique. De plus, ce th\u00e8me est optimis\u00e9 pour assurer la convivialit\u00e9 du moteur de recherche et est \u00e9galement r\u00e9actif, garantissant ainsi une exp\u00e9rience transparente et conviviale sur tous les appareils. De plus, l&rsquo;inclusion de widgets personnalis\u00e9s, l&rsquo;int\u00e9gration des m\u00e9dias sociaux et un syst\u00e8me de r\u00e9vision int\u00e9gr\u00e9 am\u00e9liore encore l&rsquo;attrait du th\u00e8me WordPress de Blogging MytheMeshop, ce qui en fait un choix optimal pour les blogueurs visant \u00e0 amplifier leur pr\u00e9sence en ligne.<\/p>\n<ul>\n<li>Parfait pour les blogueurs \u00e0 la recherche d&rsquo;un design \u00e9l\u00e9gant et moderne<\/li>\n<li>Facilement personnalisable avec une gamme d&rsquo;options de couleurs et de variations de mise en page<\/li>\n<li>SEO optimis\u00e9 pour aider votre contenu \u00e0 classer plus haut dans les moteurs de recherche<\/li>\n<li>La conception r\u00e9active mobile garantit que votre site a fi\u00e8re allure sur tous les appareils<\/li>\n<li>Installation en un clic et documentation d\u00e9taill\u00e9e pour une configuration et une personnalisation faciles<\/li>\n<li>Int\u00e9gration int\u00e9gr\u00e9e des m\u00e9dias sociaux pour vous aider \u00e0 d\u00e9velopper votre public et \u00e0 partager votre contenu<\/li>\n<li>Comprend un syst\u00e8me de gestion de banni\u00e8res publicitaires pour mon\u00e9tiser facilement votre site<\/li>\n<li>Mises \u00e0 jour r\u00e9guli\u00e8res et soutien d\u00e9di\u00e9 de l&rsquo;\u00e9quipe MyTheMeshop<\/li>\n<li>Compatible avec une gamme de plugins populaires, y compris WooCommerce et Contact Form 7<\/li>\n<li>Traduction pr\u00eate pour les utilisateurs du monde entier.<\/li>\n<\/ul>\n","protected":false},"excerpt":{"rendered":"<p>Si vous \u00eates \u00e0 la recherche d&rsquo;un blog ou d&rsquo;un site Web splendide et sophistiqu\u00e9, ne cherchez pas plus loin que le th\u00e8me WordPress de Blogging MyTheShop. Ce th\u00e8me exceptionnel offre un design vierge et contemporain qui peut \u00eatre adapt\u00e9 \u00e0 vos pr\u00e9f\u00e9rences exactes et est incroyablement convivial, vous permettant de montrer votre contenu de la mani\u00e8re la plus exceptionnelle imaginable. Que vous soyez un blogueur passionn\u00e9, un \u00e9crivain qualifi\u00e9 ou que vous aspirez simplement \u00e0 exprimer vos pens\u00e9es \u00e0 un public plus large, le th\u00e8me WordPress de MyTheMeshop est sans \u00e9quivoque l&rsquo;\u00e9claire du choix parfait pour vous. Ses attributs remarquables, tels que son interface intuitive, ses widgets personnalisables et sa conception adaptable, vous permettra de fabriquer un site Web \u00e9tonnant et captivant qui captivera sans effort l&rsquo;attention de vos lecteurs, les incitant \u00e0 revenir pour plus. Par cons\u00e9quent, si vous \u00eates pr\u00eat \u00e0 \u00e9lever votre pr\u00e9sence en ligne \u00e0 des hauteurs sans pr\u00e9c\u00e9dent, prenez la d\u00e9cision de saisir le th\u00e8me WordPress de Blogging MyTheShop aujourd&rsquo;hui!<\/p>\n","protected":false},"featured_media":144647,"comment_status":"open","ping_status":"open","template":"","meta":[],"product_brand":[2601],"product_cat":[1220,1212,1213],"product_tag":[1309],"class_list":{"0":"post-120058","1":"product","2":"type-product","3":"status-publish","4":"has-post-thumbnail","6":"product_brand-my-theme-shop","7":"product_cat-blog-magazine","8":"product_cat-themes","9":"product_cat-wordpress-themes","10":"product_tag-my-theme-shop","11":"member-discount","12":"discount-restricted","14":"first","15":"instock","16":"sale","17":"downloadable","18":"virtual","19":"sold-individually","20":"purchasable","21":"product-type-simple"},"_links":{"self":[{"href":"https:\/\/gpl-love.com\/fr\/wp-json\/wp\/v2\/product\/120058","targetHints":{"allow":["GET"]}}],"collection":[{"href":"https:\/\/gpl-love.com\/fr\/wp-json\/wp\/v2\/product"}],"about":[{"href":"https:\/\/gpl-love.com\/fr\/wp-json\/wp\/v2\/types\/product"}],"replies":[{"embeddable":true,"href":"https:\/\/gpl-love.com\/fr\/wp-json\/wp\/v2\/comments?post=120058"}],"wp:featuredmedia":[{"embeddable":true,"href":"https:\/\/gpl-love.com\/fr\/wp-json\/wp\/v2\/media\/144647"}],"wp:attachment":[{"href":"https:\/\/gpl-love.com\/fr\/wp-json\/wp\/v2\/media?parent=120058"}],"wp:term":[{"taxonomy":"product_brand","embeddable":true,"href":"https:\/\/gpl-love.com\/fr\/wp-json\/wp\/v2\/product_brand?post=120058"},{"taxonomy":"product_cat","embeddable":true,"href":"https:\/\/gpl-love.com\/fr\/wp-json\/wp\/v2\/product_cat?post=120058"},{"taxonomy":"product_tag","embeddable":true,"href":"https:\/\/gpl-love.com\/fr\/wp-json\/wp\/v2\/product_tag?post=120058"}],"curies":[{"name":"wp","href":"https:\/\/api.w.org\/{rel}","templated":true}]}}