{"id":120056,"date":"2021-11-25T00:00:00","date_gmt":"2021-11-24T23:00:00","guid":{"rendered":"https:\/\/gpl-love.com\/fr\/produit\/mythemeshop-blocks-wordpress-theme\/"},"modified":"2026-03-20T23:26:32","modified_gmt":"2026-03-20T22:26:32","slug":"mythemeshop-blocks-wordpress-theme","status":"publish","type":"product","link":"https:\/\/gpl-love.com\/fr\/produit\/mythemeshop-blocks-wordpress-theme\/","title":{"rendered":"MyThemeShop Blocks WordPress Theme 1.1.0"},"content":{"rendered":"<h3>MyThemeShop Blocks WordPress Theme Traits<\/h3>\n<p>Le th\u00e8me WordPress de MyTheMeshop Blocks est un th\u00e8me incroyablement robuste et polyvalent qui a \u00e9t\u00e9 m\u00e9ticuleusement con\u00e7u pour offrir une exp\u00e9rience impeccablement douce et parfaitement int\u00e9gr\u00e9e pour les utilisateurs. Ce th\u00e8me extraordinaire poss\u00e8de une impressionnante gamme de blocs et de mod\u00e8les enti\u00e8rement personnalisables, vous permettant ainsi de fa\u00e7onner sans effort des sites Web visuellement frappants qui d\u00e9gagent une aura distinctement professionnelle. Avec son interface remarquablement conviviale de glisser-d\u00e9poser, vous avez la libert\u00e9 d&rsquo;incorporer et de r\u00e9organiser sans effort le contenu, les dispositions affin\u00e9es et d&rsquo;adapter m\u00e9ticuleusement une myriade de param\u00e8tres pour manifester finalement un site Web qui incarne parfaitement votre identit\u00e9 de marque unique et votre individu unique et individuelle style. Les attributs notables de ce th\u00e8me exceptionnel comprennent sa conception intrins\u00e8quement sensible, sa comp\u00e9tence d&rsquo;optimisation des moteurs de recherche et ses temps de chargement rapides ph\u00e9nom\u00e9nalement rapides, qui culminent collectivement dans l&rsquo;accessibilit\u00e9 perp\u00e9tuelle et la plus grande convivialit\u00e9 de votre site Web. Que vous vous identifiiez en tant que blogueur, entrepreneur ou propri\u00e9taire d&rsquo;entreprise, il est sans \u00e9quivoque comme un choix exemplaire pour le d\u00e9veloppement d&rsquo;une pr\u00e9sence en ligne faisant autorit\u00e9, captivante et ind\u00e9l\u00e9bile.<\/p>\n<ul>\n<li>Conception r\u00e9active pour les appareils mobiles et de bureau<\/li>\n<li>Plusieurs blocs pr\u00e9-con\u00e7us pour une personnalisation facile<\/li>\n<li>\u00c9diteur de glisser-d\u00e9poser pour une personnalisation facile<\/li>\n<li>Plus de 20 mises en page de page d&rsquo;accueil au choix<\/li>\n<li>SEO optimis\u00e9 pour de meilleurs classements de recherche<\/li>\n<li>Compatible avec les plugins WordPress populaires tels que WooCommerce et Contact Form 7<\/li>\n<li>Panneau d&rsquo;options int\u00e9gr\u00e9 pour la personnalisation des couleurs et des polices<\/li>\n<li>Installation en un clic pour une configuration rapide et facile<\/li>\n<li>\u00c9quipe de support d\u00e9di\u00e9e disponible 24\/7 pour obtenir de l&rsquo;aide<\/li>\n<li>Mises \u00e0 jour r\u00e9guli\u00e8res et correctifs de bogues pour une am\u00e9lioration continue<\/li>\n<li>Traduction pr\u00eate pour la localisation du contenu<\/li>\n<\/ul>\n","protected":false},"excerpt":{"rendered":"<p>MytheMeshop Blocks est un th\u00e8me WordPress exceptionnellement puissant qui a \u00e9t\u00e9 m\u00e9ticuleusement con\u00e7u pour poss\u00e9der un \u00e9quilibre harmonieux de l&rsquo;adaptabilit\u00e9 et de l&rsquo;efficacit\u00e9. B\u00e9n\u00e9ficiant d&rsquo;une conception esth\u00e9tique et de pointe, il offre une multitude de dispositions pr\u00e9configur\u00e9es et un vaste \u00e9ventail d&rsquo;options de personnalisation, vous permettant ainsi de manifester votre vision exacte de votre site Web. Ce th\u00e8me a \u00e9t\u00e9 m\u00e9ticuleusement affin\u00e9 pour hi\u00e9rarchiser \u00e0 la fois la vitesse et l&rsquo;optimisation des moteurs de recherche, garantissant sans effort que votre site Web se charge non seulement rapidement, mais atteint \u00e9galement un classement enviable dans les r\u00e9sultats de recherche. Avec les capacit\u00e9s in\u00e9gal\u00e9es des blocs de mytheshop \u00e0 votre disposition, vous poss\u00e9derez tous les outils n\u00e9cessaires n\u00e9cessaires pour fabriquer sans effort un site Web visuellement captivant et profond\u00e9ment performant.<\/p>\n","protected":false},"featured_media":144646,"comment_status":"open","ping_status":"open","template":"","meta":[],"product_brand":[2601],"product_cat":[1242,1212,1213],"product_tag":[1309],"class_list":{"0":"post-120056","1":"product","2":"type-product","3":"status-publish","4":"has-post-thumbnail","6":"product_brand-my-theme-shop","7":"product_cat-creatif","8":"product_cat-themes","9":"product_cat-wordpress-themes","10":"product_tag-my-theme-shop","11":"member-discount","12":"discount-restricted","14":"first","15":"instock","16":"sale","17":"downloadable","18":"virtual","19":"sold-individually","20":"purchasable","21":"product-type-simple"},"_links":{"self":[{"href":"https:\/\/gpl-love.com\/fr\/wp-json\/wp\/v2\/product\/120056","targetHints":{"allow":["GET"]}}],"collection":[{"href":"https:\/\/gpl-love.com\/fr\/wp-json\/wp\/v2\/product"}],"about":[{"href":"https:\/\/gpl-love.com\/fr\/wp-json\/wp\/v2\/types\/product"}],"replies":[{"embeddable":true,"href":"https:\/\/gpl-love.com\/fr\/wp-json\/wp\/v2\/comments?post=120056"}],"wp:featuredmedia":[{"embeddable":true,"href":"https:\/\/gpl-love.com\/fr\/wp-json\/wp\/v2\/media\/144646"}],"wp:attachment":[{"href":"https:\/\/gpl-love.com\/fr\/wp-json\/wp\/v2\/media?parent=120056"}],"wp:term":[{"taxonomy":"product_brand","embeddable":true,"href":"https:\/\/gpl-love.com\/fr\/wp-json\/wp\/v2\/product_brand?post=120056"},{"taxonomy":"product_cat","embeddable":true,"href":"https:\/\/gpl-love.com\/fr\/wp-json\/wp\/v2\/product_cat?post=120056"},{"taxonomy":"product_tag","embeddable":true,"href":"https:\/\/gpl-love.com\/fr\/wp-json\/wp\/v2\/product_tag?post=120056"}],"curies":[{"name":"wp","href":"https:\/\/api.w.org\/{rel}","templated":true}]}}