{"id":120054,"date":"2022-03-03T00:00:00","date_gmt":"2022-03-02T23:00:00","guid":{"rendered":"https:\/\/gpl-love.com\/fr\/produit\/mythemeshop-authority-wordpress-theme\/"},"modified":"2026-04-10T18:32:39","modified_gmt":"2026-04-10T16:32:39","slug":"mythemeshop-authority-wordpress-theme","status":"publish","type":"product","link":"https:\/\/gpl-love.com\/fr\/produit\/mythemeshop-authority-wordpress-theme\/","title":{"rendered":"MyThemeShop Authority WordPress Theme 1.2.11"},"content":{"rendered":"<h3>MyThemeShop Authority WordPress Theme Traits<\/h3>\n<p>Le th\u00e8me WordPress de l&rsquo;autorit\u00e9 de MyTheMeshop est un th\u00e8me incroyablement robuste et multiforme fabriqu\u00e9 habilement pour r\u00e9pondre aux besoins des blogueurs, des entrepreneurs et des sp\u00e9cialistes du marketing en ligne qui recherchent une pr\u00e9sence en ligne professionnelle et faisant autorit\u00e9. B\u00e9n\u00e9ficiant d&rsquo;un design \u00e9l\u00e9gant et contemporain, le th\u00e8me de l&rsquo;autorit\u00e9 sert sans effort comme une plate-forme impeccable pour pr\u00e9senter le contenu de premier plan tout en favorisant simultan\u00e9ment un public d\u00e9vou\u00e9 et d\u00e9vou\u00e9. Les fonctionnalit\u00e9s remarquables de ce th\u00e8me remarquable comprennent une page d&rsquo;accueil enti\u00e8rement personnalisable, une pl\u00e9thore de dispositions de poste parmi lesquelles choisir, l&rsquo;int\u00e9gration des m\u00e9dias sociaux sans couture et un \u00e9ventail d&rsquo;outils d&rsquo;optimisation des moteurs de recherche pour am\u00e9liorer la visibilit\u00e9. De plus, le th\u00e8me s&rsquo;adapte parfaitement \u00e0 n&rsquo;importe quelle taille et appareil d&rsquo;\u00e9cran, garantissant que votre site Web maintient son apparence \u00e9tonnante \u00e0 travers le paysage num\u00e9rique. Dans l&rsquo;ensemble, il est tout \u00e0 fait clair que le th\u00e8me WordPress de l&rsquo;autorit\u00e9 de MytheMeshop est un choix exemplaire pour les personnes qui cherchent \u00e0 cimenter leur statut de figure d&rsquo;autorit\u00e9 dans leur cr\u00e9neau respectif.<\/p>\n<ul>\n<li>Design \u00e9l\u00e9gant et professionnel parfait pour toute niche ou industrie<\/li>\n<li>Enti\u00e8rement r\u00e9actif et optimis\u00e9 pour les appareils mobiles pour un engagement maximal des utilisateurs<\/li>\n<li>Panneau d&rsquo;options puissantes permettant la personnalisation de la disposition, des couleurs, des polices et plus<\/li>\n<li>Plusieurs dispositions de page d&rsquo;accueil au choix pour r\u00e9pondre \u00e0 vos besoins sp\u00e9cifiques<\/li>\n<li>Compatible avec des plugins populaires tels que WooCommerce, Contact Form 7 et Yoast SEO<\/li>\n<li>Syst\u00e8me de gestion de publicit\u00e9 int\u00e9gr\u00e9 pour une mon\u00e9tisation facile de votre site Web<\/li>\n<li>Vitesse optimis\u00e9e pour les temps de chargement rapide et l&rsquo;am\u00e9lioration de l&rsquo;exp\u00e9rience utilisateur<\/li>\n<li>Code convivial SEO garantissant que votre site Web est facilement d\u00e9couverte par les moteurs de recherche<\/li>\n<li>Documentation compl\u00e8te et support de premier ordre pour assurer une exp\u00e9rience fluide<\/li>\n<li>Installation en un clic pour une configuration facile et rapide sans codage requis.<\/li>\n<\/ul>\n","protected":false},"excerpt":{"rendered":"<p>Le th\u00e8me WordPress de l&rsquo;autorit\u00e9 de MytheMeshop, connu pour son design \u00e9l\u00e9gant et professionnel, s&rsquo;adresse aux blogueurs et aux entrepreneurs en ligne cherchant \u00e0 \u00e9tablir leur autorit\u00e9 de niche. B\u00e9n\u00e9ficiant d&rsquo;une interface r\u00e9active et d&rsquo;une disposition conviviale, ce th\u00e8me offre une gamme d&rsquo;options de personnalisation telles que les sch\u00e9mas de couleurs, les polices et les choix de mise en page. En outre, il int\u00e8gre de mani\u00e8re transparente la gestion int\u00e9gr\u00e9e des publicit\u00e9s, l&rsquo;optimisation du r\u00e9f\u00e9rencement et les fonctionnalit\u00e9s d&rsquo;int\u00e9gration des m\u00e9dias sociaux, ce qui en fait une s\u00e9lection id\u00e9ale pour les blogueurs visant \u00e0 amplifier le trafic du site Web et \u00e0 am\u00e9liorer l&rsquo;engagement. En utilisant le th\u00e8me WordPress de l&rsquo;autorit\u00e9 de MyTheMeshop, les utilisateurs peuvent \u00e9laborer sans effort un site Web esth\u00e9tique et tr\u00e8s performant, ce qui entra\u00eene une pr\u00e9sence en ligne \u00e9lev\u00e9e.<\/p>\n","protected":false},"featured_media":144643,"comment_status":"open","ping_status":"open","template":"","meta":[],"product_brand":[2601],"product_cat":[1220,1212,1213],"product_tag":[1309],"class_list":{"0":"post-120054","1":"product","2":"type-product","3":"status-publish","4":"has-post-thumbnail","6":"product_brand-my-theme-shop","7":"product_cat-blog-magazine","8":"product_cat-themes","9":"product_cat-wordpress-themes","10":"product_tag-my-theme-shop","11":"member-discount","12":"discount-restricted","14":"first","15":"instock","16":"sale","17":"downloadable","18":"virtual","19":"sold-individually","20":"purchasable","21":"product-type-simple"},"_links":{"self":[{"href":"https:\/\/gpl-love.com\/fr\/wp-json\/wp\/v2\/product\/120054","targetHints":{"allow":["GET"]}}],"collection":[{"href":"https:\/\/gpl-love.com\/fr\/wp-json\/wp\/v2\/product"}],"about":[{"href":"https:\/\/gpl-love.com\/fr\/wp-json\/wp\/v2\/types\/product"}],"replies":[{"embeddable":true,"href":"https:\/\/gpl-love.com\/fr\/wp-json\/wp\/v2\/comments?post=120054"}],"wp:featuredmedia":[{"embeddable":true,"href":"https:\/\/gpl-love.com\/fr\/wp-json\/wp\/v2\/media\/144643"}],"wp:attachment":[{"href":"https:\/\/gpl-love.com\/fr\/wp-json\/wp\/v2\/media?parent=120054"}],"wp:term":[{"taxonomy":"product_brand","embeddable":true,"href":"https:\/\/gpl-love.com\/fr\/wp-json\/wp\/v2\/product_brand?post=120054"},{"taxonomy":"product_cat","embeddable":true,"href":"https:\/\/gpl-love.com\/fr\/wp-json\/wp\/v2\/product_cat?post=120054"},{"taxonomy":"product_tag","embeddable":true,"href":"https:\/\/gpl-love.com\/fr\/wp-json\/wp\/v2\/product_tag?post=120054"}],"curies":[{"name":"wp","href":"https:\/\/api.w.org\/{rel}","templated":true}]}}