{"id":120052,"date":"2021-11-25T00:00:00","date_gmt":"2021-11-24T23:00:00","guid":{"rendered":"https:\/\/gpl-love.com\/fr\/produit\/mythemeshop-adsense-wordpress-theme\/"},"modified":"2026-03-20T23:26:27","modified_gmt":"2026-03-20T22:26:27","slug":"mythemeshop-adsense-wordpress-theme","status":"publish","type":"product","link":"https:\/\/gpl-love.com\/fr\/produit\/mythemeshop-adsense-wordpress-theme\/","title":{"rendered":"MyThemeShop AdSense WordPress Theme 1.4.4"},"content":{"rendered":"<h3>MyThemeShop AdSense WordPress Theme Traits<\/h3>\n<p>Le th\u00e8me WordPress MyTheMeshop AdSense est un th\u00e8me tr\u00e8s polyvalent et adaptable qui a \u00e9t\u00e9 sp\u00e9cifiquement con\u00e7u pour am\u00e9liorer et optimiser les performances d&rsquo;AdSense. Ce th\u00e8me remarquable poss\u00e8de un design vierge et poli, qui permet aux utilisateurs de fa\u00e7onner sans effort un site Web visuellement captivant et adapt\u00e9 aux mobiles qui capitalise astucieusement sur le potentiel de mon\u00e9tisation gr\u00e2ce \u00e0 l&rsquo;int\u00e9gration des publicit\u00e9s AdSense. Offrant une pl\u00e9thore d&rsquo;options de personnalisation, telles qu&rsquo;une gamme in\u00e9puisable de sch\u00e9mas de couleurs, de zones de widgets et de dispositions de page d&rsquo;accueil, ce th\u00e8me garantit que les utilisateurs ont la libert\u00e9 de personnaliser leur site Web conform\u00e9ment \u00e0 leurs pr\u00e9f\u00e9rences et exigences sp\u00e9cifiques. De plus, ce th\u00e8me a \u00e9t\u00e9 m\u00e9ticuleusement con\u00e7u pour une vitesse optimale et un r\u00e9f\u00e9rencement, garantissant que votre site Web se chargera rapidement et atteindra une position louable dans le classement des moteurs de recherche. Tout bien consid\u00e9r\u00e9, le th\u00e8me WordPress AdSense MyTheShop repr\u00e9sente un instrument puissant et inestimable pour les propri\u00e9taires de sites Web qui souhaitent maximiser leurs gains AdSense tout en respectant simultan\u00e9ment une pr\u00e9sence en ligne professionnelle et captivante.<\/p>\n<ul>\n<li>&#8211; Conception r\u00e9active et conviviale mobile<\/li>\n<li>-Potimis\u00e9 pour le potentiel de gain AdSense<\/li>\n<li>-Gan d&rsquo;options avanc\u00e9 pour la personnalisation<\/li>\n<li>-Les options de mise en page inflexibles pour le placement des banni\u00e8res<\/li>\n<li>-Ilt des boutons de partage des m\u00e9dias sociaux int\u00e9gr\u00e9s<\/li>\n<li>-Seo optimis\u00e9 pour l&rsquo;augmentation du trafic et des classements<\/li>\n<li>-Translation pr\u00eate pour le public mondial<\/li>\n<li>-Axpe de chargement rapide pour une am\u00e9lioration de l&rsquo;exp\u00e9rience utilisateur<\/li>\n<li>-24\/7 Support technique et mises \u00e0 jour r\u00e9guli\u00e8res.<\/li>\n<\/ul>\n","protected":false},"excerpt":{"rendered":"<p>Le th\u00e8me WordPress de MyTheMeshop AdSense, r\u00e9put\u00e9 pour son \u00e9l\u00e9gance et sa r\u00e9activit\u00e9, est un choix impeccable pour les blogueurs et les propri\u00e9taires de sites Web en train d&rsquo;optimiser leurs revenus Adsense. Int\u00e9grant de mani\u00e8re transparente les spots publicitaires strat\u00e9giquement plac\u00e9s avec une conception vierge, ce th\u00e8me est con\u00e7u de mani\u00e8re experte pour recueillir un nombre accru de clics de publicit\u00e9, g\u00e9n\u00e9rant ainsi des revenus augment\u00e9s. De plus, sa personnalisation exceptionnelle, englobant une pl\u00e9thore d&rsquo;options de couleurs et de dispositions, amplifie encore son allure. Par cons\u00e9quent, pour ceux qui cherchent \u00e0 mon\u00e9tiser efficacement leur site WordPress, le th\u00e8me WordPress MyTheShop AdSense \u00e9merge incontestablement comme une option exemplaire garantissant la plus grande consid\u00e9ration.<\/p>\n","protected":false},"featured_media":144640,"comment_status":"open","ping_status":"open","template":"","meta":[],"product_brand":[2601],"product_cat":[1220,1212,1213],"product_tag":[1309],"class_list":{"0":"post-120052","1":"product","2":"type-product","3":"status-publish","4":"has-post-thumbnail","6":"product_brand-my-theme-shop","7":"product_cat-blog-magazine","8":"product_cat-themes","9":"product_cat-wordpress-themes","10":"product_tag-my-theme-shop","11":"member-discount","12":"discount-restricted","14":"first","15":"instock","16":"sale","17":"downloadable","18":"virtual","19":"sold-individually","20":"purchasable","21":"product-type-simple"},"_links":{"self":[{"href":"https:\/\/gpl-love.com\/fr\/wp-json\/wp\/v2\/product\/120052","targetHints":{"allow":["GET"]}}],"collection":[{"href":"https:\/\/gpl-love.com\/fr\/wp-json\/wp\/v2\/product"}],"about":[{"href":"https:\/\/gpl-love.com\/fr\/wp-json\/wp\/v2\/types\/product"}],"replies":[{"embeddable":true,"href":"https:\/\/gpl-love.com\/fr\/wp-json\/wp\/v2\/comments?post=120052"}],"wp:featuredmedia":[{"embeddable":true,"href":"https:\/\/gpl-love.com\/fr\/wp-json\/wp\/v2\/media\/144640"}],"wp:attachment":[{"href":"https:\/\/gpl-love.com\/fr\/wp-json\/wp\/v2\/media?parent=120052"}],"wp:term":[{"taxonomy":"product_brand","embeddable":true,"href":"https:\/\/gpl-love.com\/fr\/wp-json\/wp\/v2\/product_brand?post=120052"},{"taxonomy":"product_cat","embeddable":true,"href":"https:\/\/gpl-love.com\/fr\/wp-json\/wp\/v2\/product_cat?post=120052"},{"taxonomy":"product_tag","embeddable":true,"href":"https:\/\/gpl-love.com\/fr\/wp-json\/wp\/v2\/product_tag?post=120052"}],"curies":[{"name":"wp","href":"https:\/\/api.w.org\/{rel}","templated":true}]}}