{"id":120044,"date":"2025-05-15T00:00:00","date_gmt":"2025-05-14T22:00:00","guid":{"rendered":"https:\/\/gpl-love.com\/fr\/produit\/gravity-perks-post-content-merge-tags\/"},"modified":"2026-03-20T23:18:38","modified_gmt":"2026-03-20T22:18:38","slug":"gravity-perks-post-content-merge-tags","status":"publish","type":"product","link":"https:\/\/gpl-love.com\/fr\/produit\/gravity-perks-post-content-merge-tags\/","title":{"rendered":"Gravity Perks Post Content Merge Tags 1.3.21"},"content":{"rendered":"<h3>Gravity Perks Post Content Merge Tags Traits<\/h3>\n<p>Gravity Perks Post Content Merge Tags est un outil tr\u00e8s pratique qui offre une m\u00e9thode simple et efficace de fusion du contenu dynamique dans les champs de poste des formulaires de gravit\u00e9. Ce plugin exceptionnel permet aux utilisateurs de g\u00e9n\u00e9rer sans effort des balises de fusion personnalis\u00e9es, facilitant ainsi la population transparente de champs de poste avec des donn\u00e9es provenant d&rsquo;un \u00e9ventail diversifi\u00e9 de champs de formulaire, de m\u00e9ta-donn\u00e9es des utilisateurs et m\u00eame de sources tierces externes. Par cons\u00e9quent, ce formidable plugin s&rsquo;av\u00e8re \u00eatre un atout inestimable pour les personnes cherchant \u00e0 organiser du contenu dynamique et personnalis\u00e9 sur leur site WordPress, tout en contournant le processus ardu de saisir manuellement les informations souhait\u00e9es. En tirant parti de la puissance de Gravity Perks Post Content Fusiter les balises, les utilisateurs peuvent sans aucun doute rationaliser leur flux de travail, conduisant \u00e0 des \u00e9conomies de temps importantes, ainsi qu&rsquo;\u00e0 une exp\u00e9rience utilisateur am\u00e9lior\u00e9e et gratifiante sur leur site.<\/p>\n<ul>\n<li>Permet aux utilisateurs d&rsquo;ins\u00e9rer des informations \u00e0 partir de champs personnalis\u00e9s, de m\u00e9ta-m\u00e9ta et d&rsquo;autres sources dans leur contenu WordPress<\/li>\n<li>Peut \u00eatre utilis\u00e9 pour personnaliser les messages ou cr\u00e9er du contenu dynamique pour chaque utilisateur<\/li>\n<li>Offre des shortcodes faciles \u00e0 utiliser pour incorporer du contenu fusionn\u00e9 dans n&rsquo;importe quel article ou page<\/li>\n<li>Prend en charge la logique conditionnelle complexe pour un contenu personnalis\u00e9 sp\u00e9cifique \u00e0 chaque utilisateur<\/li>\n<li>Gave le temps et r\u00e9duit les erreurs en automatisant le processus d&rsquo;insertion des donn\u00e9es dans le contenu WordPress<\/li>\n<li>Fonctionne de mani\u00e8re transparente avec des formes de gravit\u00e9 et d&rsquo;autres plugins WordPress populaires<\/li>\n<li>Offre une gamme d&rsquo;options de personnalisation pour la conception et le placement de contenu fusionn\u00e9<\/li>\n<li>Processus de configuration simple avec documentation d\u00e9taill\u00e9e et assistance disponible.<\/li>\n<\/ul>\n","protected":false},"excerpt":{"rendered":"<p>Gravity Perks Post Content Muge Tags est un module compl\u00e9mentaire incroyablement robuste et efficace qui rationalise le processus complexe de fusion des formulaires de donn\u00e9es dynamiques avec le contenu du post, ce qui le rend exceptionnellement convivial et pratique. Cet outil remarquable vous donne la possibilit\u00e9 d&rsquo;extraire sans effort les donn\u00e9es des soumissions de formulaires Gravity et de l&rsquo;int\u00e9grer de mani\u00e8re transparente dans vos publications ou pages, en \u00e9levant l&rsquo;exp\u00e9rience utilisateur globale et en am\u00e9liorant la fonctionnalit\u00e9 de votre site Web. En mettant simplement en \u0153uvre un raccourci simple, vous pouvez personnaliser sans effort les donn\u00e9es de formulaire pr\u00e9sent\u00e9es et d\u00e9terminer avec pr\u00e9cision son placement sp\u00e9cifique dans votre contenu. De plus, ce module compl\u00e9mentaire extraordinaire accueille sans effort une gamme diversifi\u00e9e de types de donn\u00e9es, englobant du texte \u00e0 ligne unique, du texte multi-ligne, des cases \u00e0 cocher et une myriade d&rsquo;autres options. Par cons\u00e9quent, si vous cherchez un m\u00e9canisme sans tracas pour int\u00e9grer efficacement les formulaires de gravit\u00e9 avec votre contenu WordPress, ne cherchez pas plus loin que la solution in\u00e9gal\u00e9e fournie par Gravity Perks Post Content Fusiter les balises.<\/p>\n","protected":false},"featured_media":144122,"comment_status":"open","ping_status":"open","template":"","meta":[],"product_brand":[2567],"product_cat":[1189,1181,1186],"product_tag":[2168],"class_list":{"0":"post-120044","1":"product","2":"type-product","3":"status-publish","4":"has-post-thumbnail","6":"product_brand-gravity-wiz","7":"product_cat-personnalisation","8":"product_cat-plugins","9":"product_cat-wordpress-plugins","10":"product_tag-gravity-wiz","11":"member-discount","12":"discount-restricted","14":"first","15":"instock","16":"sale","17":"downloadable","18":"virtual","19":"sold-individually","20":"purchasable","21":"product-type-simple"},"_links":{"self":[{"href":"https:\/\/gpl-love.com\/fr\/wp-json\/wp\/v2\/product\/120044","targetHints":{"allow":["GET"]}}],"collection":[{"href":"https:\/\/gpl-love.com\/fr\/wp-json\/wp\/v2\/product"}],"about":[{"href":"https:\/\/gpl-love.com\/fr\/wp-json\/wp\/v2\/types\/product"}],"replies":[{"embeddable":true,"href":"https:\/\/gpl-love.com\/fr\/wp-json\/wp\/v2\/comments?post=120044"}],"wp:featuredmedia":[{"embeddable":true,"href":"https:\/\/gpl-love.com\/fr\/wp-json\/wp\/v2\/media\/144122"}],"wp:attachment":[{"href":"https:\/\/gpl-love.com\/fr\/wp-json\/wp\/v2\/media?parent=120044"}],"wp:term":[{"taxonomy":"product_brand","embeddable":true,"href":"https:\/\/gpl-love.com\/fr\/wp-json\/wp\/v2\/product_brand?post=120044"},{"taxonomy":"product_cat","embeddable":true,"href":"https:\/\/gpl-love.com\/fr\/wp-json\/wp\/v2\/product_cat?post=120044"},{"taxonomy":"product_tag","embeddable":true,"href":"https:\/\/gpl-love.com\/fr\/wp-json\/wp\/v2\/product_tag?post=120044"}],"curies":[{"name":"wp","href":"https:\/\/api.w.org\/{rel}","templated":true}]}}