{"id":120043,"date":"2024-09-12T00:00:00","date_gmt":"2024-09-11T22:00:00","guid":{"rendered":"https:\/\/gpl-love.com\/fr\/produit\/gravity-perks-price-range\/"},"modified":"2026-03-20T23:18:41","modified_gmt":"2026-03-20T22:18:41","slug":"gravity-perks-price-range","status":"publish","type":"product","link":"https:\/\/gpl-love.com\/fr\/produit\/gravity-perks-price-range\/","title":{"rendered":"Gravity Perks Price Range 1.2.3"},"content":{"rendered":"<h3>Gravity Perks Price Range Traits<\/h3>\n<p>Gravity Perks est une suite compl\u00e8te de plugins avanc\u00e9s pour les formes de gravit\u00e9, qui est un constructeur de formulaires largement utilis\u00e9. Ces plugins sont con\u00e7us pour \u00e9tendre et am\u00e9liorer la fonctionnalit\u00e9 des formulaires de gravit\u00e9, offrant aux utilisateurs une pl\u00e9thore d&rsquo;avantages \u00e0 choisir. En tirant parti de ces avantages, les utilisateurs peuvent facilement adapter et augmenter leurs formulaires de gravit\u00e9 pour r\u00e9pondre \u00e0 leurs besoins sp\u00e9cifiques. Le prix des avantages de gravit\u00e9 varie en fonction des avantages sp\u00e9cifiques que les utilisateurs s\u00e9lectionnent. Pour les avantages individuels, les prix commencent \u00e0 30 $, tandis que les forfaits de bundle varient de 199 $ \u00e0 399 $. Que les utilisateurs souhaitent int\u00e9grer la logique conditionnelle, activer l&rsquo;enregistrement des utilisateurs ou int\u00e9grer des champs de tarification personnalis\u00e9s dans leurs formulaires, Gravity Perks fournit tous les outils n\u00e9cessaires. Il poss\u00e8de des fonctionnalit\u00e9s puissantes et des options de tarification flexibles, ce qui en fait un atout indispensable pour quiconque cherche \u00e0 optimiser leur exp\u00e9rience de formes de gravit\u00e9.<\/p>\n<ul>\n<li>Solution de tarification compl\u00e8te con\u00e7ue pour les utilisateurs de formes de gravit\u00e9<\/li>\n<li>Offre trois mod\u00e8les de tarification diff\u00e9rents: le taux forfaitaire, les prix des utilisateurs et les prix de quantit\u00e9<\/li>\n<li>Permet des r\u00e8gles de tarification conditionnelles bas\u00e9es sur les valeurs de champ ou les r\u00f4les utilisateur<\/li>\n<li>Prend en charge les prix dynamiques et les codes de r\u00e9duction<\/li>\n<li>Comprend des options d&rsquo;affichage de table de prix personnalisables<\/li>\n<li>Intregate de mani\u00e8re transparente avec les formulaires de gravit\u00e9 et compatible avec les passerelles de paiement populaires<\/li>\n<li>Fournit des outils d\u00e9taill\u00e9s de rapports et d&rsquo;analyse pour suivre les ventes et les revenus<\/li>\n<li>Livr\u00e9 avec un support d\u00e9di\u00e9 et des mises \u00e0 jour r\u00e9guli\u00e8res pour l&rsquo;optimisation continue des fonctionnalit\u00e9s.<\/li>\n<\/ul>\n","protected":false},"excerpt":{"rendered":"<p>Gravity Perks Prix Gamme, un module compl\u00e9mentaire tr\u00e8s impressionnant sp\u00e9cialement con\u00e7u pour am\u00e9liorer les fonctionnalit\u00e9s du plugin de formes de gravit\u00e9 largement acclam\u00e9, accorde \u00e0 ses utilisateurs la capacit\u00e9 remarquable \u00e0 g\u00e9n\u00e9rer et \u00e0 \u00e9tablir des champs de tarification remarquablement dynamiques qui sont intrins\u00e8quement ancr\u00e9s dans les entr\u00e9es fournies par les champs de tarification remarquablement dynamiques qui sont intrins\u00e8quement ancr\u00e9s dans les entr\u00e9es fournies par le utilisateurs eux-m\u00eames. Que vous vous retrouviez \u00e0 se lancer dans la gestion d&rsquo;une plate-forme de commerce \u00e9lectronique de mani\u00e8re complexe et multiforme ou que vous engagez plut\u00f4t dans la cr\u00e9ation d&rsquo;une forme de don beaucoup plus simplifi\u00e9e et simple, cet outil impressionnant garantit que vous poss\u00e9dez la capacit\u00e9 d&rsquo;\u00e9tablir un tailleur -Les r\u00e9glementations et options de tarification ont \u00e9t\u00e9 enti\u00e8rement subordonn\u00e9es \u00e0 un large \u00e9ventail de facteurs allant de la nature du produit en question \u00e0 l&#8217;emplacement g\u00e9ographique pr\u00e9cis de l&rsquo;individu en utilisant votre plate-forme en ligne. En utilisant les capacit\u00e9s remarquables offertes par la gamme de prix Gravity Perks, vous poss\u00e9dez la capacit\u00e9 de rationaliser et d&rsquo;acc\u00e9l\u00e9rer consid\u00e9rablement la proc\u00e9dure de tarification autrement laborieuse et de fournir \u00e0 votre client\u00e8le fid\u00e8le une exp\u00e9rience utilisateur incomparablement personnalis\u00e9e et sur mesure qui est garantie pour laisser un durable impression positive.<\/p>\n","protected":false},"featured_media":144124,"comment_status":"open","ping_status":"open","template":"","meta":[],"product_brand":[2567],"product_cat":[1189,1181,1186],"product_tag":[2168],"class_list":{"0":"post-120043","1":"product","2":"type-product","3":"status-publish","4":"has-post-thumbnail","6":"product_brand-gravity-wiz","7":"product_cat-personnalisation","8":"product_cat-plugins","9":"product_cat-wordpress-plugins","10":"product_tag-gravity-wiz","11":"member-discount","12":"discount-restricted","14":"first","15":"instock","16":"sale","17":"downloadable","18":"virtual","19":"sold-individually","20":"purchasable","21":"product-type-simple"},"_links":{"self":[{"href":"https:\/\/gpl-love.com\/fr\/wp-json\/wp\/v2\/product\/120043","targetHints":{"allow":["GET"]}}],"collection":[{"href":"https:\/\/gpl-love.com\/fr\/wp-json\/wp\/v2\/product"}],"about":[{"href":"https:\/\/gpl-love.com\/fr\/wp-json\/wp\/v2\/types\/product"}],"replies":[{"embeddable":true,"href":"https:\/\/gpl-love.com\/fr\/wp-json\/wp\/v2\/comments?post=120043"}],"wp:featuredmedia":[{"embeddable":true,"href":"https:\/\/gpl-love.com\/fr\/wp-json\/wp\/v2\/media\/144124"}],"wp:attachment":[{"href":"https:\/\/gpl-love.com\/fr\/wp-json\/wp\/v2\/media?parent=120043"}],"wp:term":[{"taxonomy":"product_brand","embeddable":true,"href":"https:\/\/gpl-love.com\/fr\/wp-json\/wp\/v2\/product_brand?post=120043"},{"taxonomy":"product_cat","embeddable":true,"href":"https:\/\/gpl-love.com\/fr\/wp-json\/wp\/v2\/product_cat?post=120043"},{"taxonomy":"product_tag","embeddable":true,"href":"https:\/\/gpl-love.com\/fr\/wp-json\/wp\/v2\/product_tag?post=120043"}],"curies":[{"name":"wp","href":"https:\/\/api.w.org\/{rel}","templated":true}]}}