{"id":120042,"date":"2025-07-18T00:00:00","date_gmt":"2025-07-17T22:00:00","guid":{"rendered":"https:\/\/gpl-love.com\/fr\/produit\/gravity-perks-randomizer\/"},"modified":"2026-03-20T23:18:43","modified_gmt":"2026-03-20T22:18:43","slug":"gravity-perks-randomizer","status":"publish","type":"product","link":"https:\/\/gpl-love.com\/fr\/produit\/gravity-perks-randomizer\/","title":{"rendered":"Gravity Perks Randomizer 2.0.9"},"content":{"rendered":"<h3>Gravity Perks Randomizer Traits<\/h3>\n<p>Gravity Perks Randomizer est un outil tr\u00e8s robuste et avanc\u00e9 qui offre aux utilisateurs la capacit\u00e9 de randomiser sans effort la sortie de leurs formulaires de gravit\u00e9. Ce plugin riche en fonctionnalit\u00e9s et multiforme a \u00e9t\u00e9 m\u00e9ticuleusement con\u00e7u pour am\u00e9liorer le niveau de dynamisme et d&rsquo;engagement de vos formes en incorporant de mani\u00e8re transparente la randomisation dans vos questions, choix et divers autres \u00e9l\u00e9ments. La flexibilit\u00e9 in\u00e9gal\u00e9e des avantages de Gravity Perks garantit que vous avez un contr\u00f4le complet sur la personnalisation des param\u00e8tres de randomisation en fonction de vos exigences sp\u00e9cifiques, que ce soit en randomisation par groupe, champ ou m\u00eame la forme enti\u00e8re elle-m\u00eame. Ce plugin exceptionnel est particuli\u00e8rement bien adapt\u00e9 aux entreprises qui aspirent \u00e0 \u00e9laborer des formes interactives et captivantes qui captivent sans effort l&rsquo;attention et conduisent les conversions en nouveaux sommets. Gr\u00e2ce \u00e0 l&rsquo;utilisation des avantages de Gravity Perks, vous insufflerez sans aucun doute une couche suppl\u00e9mentaire de joie et d&rsquo;ing\u00e9niosit\u00e9 dans vos formes, ce qui les rend \u00e9tonnamment plus efficaces et agr\u00e9ables \u00e0 interagir pour les utilisateurs.<\/p>\n<ul>\n<li>Randomise une liste des entr\u00e9es, offrant une distribution juste et impartiale.<\/li>\n<li>L&rsquo;interface utilisateur simple permet une int\u00e9gration facile dans tout formulaire de formulaires de gravit\u00e9.<\/li>\n<li>Options personnalisables pour la pond\u00e9ration et l&rsquo;exclusion des entr\u00e9es, vous donnant le contr\u00f4le du processus de randomisation.<\/li>\n<li>Augmente l&rsquo;engagement et l&rsquo;excitation pour les utilisateurs en cr\u00e9ant un sentiment d&rsquo;impr\u00e9visibilit\u00e9.<\/li>\n<li>Fonctionne de mani\u00e8re transparente avec d&rsquo;autres modules compl\u00e9mentaires de Gravity Perks pour am\u00e9liorer votre exp\u00e9rience de cr\u00e9ation de formulaires.<\/li>\n<\/ul>\n","protected":false},"excerpt":{"rendered":"<p>Gravity Perks Randomizer est un plugin indispensable qui est absolument essentiel pour tout individu utilisant des formes de gravit\u00e9. Ce plugin extraordinaire facilite l&rsquo;incorporation transparente d&rsquo;une valeur al\u00e9atoire dans n&rsquo;importe quel champ de formulaire d\u00e9sign\u00e9, le rendant exceptionnellement adapt\u00e9 \u00e0 une myriade de fins, y compris, mais sans s&rsquo;y limiter, les concours, les sondages et divers autres applications analogues. Remarquablement, le processus de configuration de ce randomisant est accompli sans effort en quelques simples clics, et une fois configur\u00e9, il fonctionne de mani\u00e8re autonome, ex\u00e9cutant efficacement sa fonction d\u00e9sign\u00e9e. Gr\u00e2ce \u00e0 l&rsquo;av\u00e8nement de Gravity Perks Randomizer, introduire une touche d&rsquo;impr\u00e9visibilit\u00e9 \u00e0 vos formulaires n&rsquo;a jamais \u00e9t\u00e9 aussi sans effort ou sans effort.<\/p>\n","protected":false},"featured_media":144126,"comment_status":"open","ping_status":"open","template":"","meta":[],"product_brand":[2567],"product_cat":[1189,1181,1186],"product_tag":[2168],"class_list":{"0":"post-120042","1":"product","2":"type-product","3":"status-publish","4":"has-post-thumbnail","6":"product_brand-gravity-wiz","7":"product_cat-personnalisation","8":"product_cat-plugins","9":"product_cat-wordpress-plugins","10":"product_tag-gravity-wiz","11":"member-discount","12":"discount-restricted","14":"first","15":"instock","16":"sale","17":"downloadable","18":"virtual","19":"sold-individually","20":"purchasable","21":"product-type-simple"},"_links":{"self":[{"href":"https:\/\/gpl-love.com\/fr\/wp-json\/wp\/v2\/product\/120042","targetHints":{"allow":["GET"]}}],"collection":[{"href":"https:\/\/gpl-love.com\/fr\/wp-json\/wp\/v2\/product"}],"about":[{"href":"https:\/\/gpl-love.com\/fr\/wp-json\/wp\/v2\/types\/product"}],"replies":[{"embeddable":true,"href":"https:\/\/gpl-love.com\/fr\/wp-json\/wp\/v2\/comments?post=120042"}],"wp:featuredmedia":[{"embeddable":true,"href":"https:\/\/gpl-love.com\/fr\/wp-json\/wp\/v2\/media\/144126"}],"wp:attachment":[{"href":"https:\/\/gpl-love.com\/fr\/wp-json\/wp\/v2\/media?parent=120042"}],"wp:term":[{"taxonomy":"product_brand","embeddable":true,"href":"https:\/\/gpl-love.com\/fr\/wp-json\/wp\/v2\/product_brand?post=120042"},{"taxonomy":"product_cat","embeddable":true,"href":"https:\/\/gpl-love.com\/fr\/wp-json\/wp\/v2\/product_cat?post=120042"},{"taxonomy":"product_tag","embeddable":true,"href":"https:\/\/gpl-love.com\/fr\/wp-json\/wp\/v2\/product_tag?post=120042"}],"curies":[{"name":"wp","href":"https:\/\/api.w.org\/{rel}","templated":true}]}}