{"id":120039,"date":"2025-05-15T00:00:00","date_gmt":"2025-05-14T22:00:00","guid":{"rendered":"https:\/\/gpl-love.com\/fr\/produit\/gravity-perks-read-only\/"},"modified":"2026-03-20T23:18:44","modified_gmt":"2026-03-20T22:18:44","slug":"gravity-perks-read-only","status":"publish","type":"product","link":"https:\/\/gpl-love.com\/fr\/produit\/gravity-perks-read-only\/","title":{"rendered":"Gravity Perks Read Only 1.9.29"},"content":{"rendered":"<h3>Gravity Perks Read Only Traits<\/h3>\n<p>Gravity Perks Lire uniquement, un add-on incroyablement robuste con\u00e7u sp\u00e9cifiquement pour le plugin Gravity Forms, pr\u00e9sente une opportunit\u00e9 in\u00e9gal\u00e9e pour les utilisateurs d&rsquo;exercer un contr\u00f4le plus \u00e9lev\u00e9 sur la saisie des utilisateurs sur les formulaires en le restreignant \u00e0 l&rsquo;\u00e9tat en lecture seule. En mettant en \u0153uvre cette solution innovante, les individus ont la capacit\u00e9 unique de visualiser et d&rsquo;interagir avec la forme de mani\u00e8re transparente, sans la capacit\u00e9 de modifier toutes les donn\u00e9es pr\u00e9existantes. B\u00e9n\u00e9ficiant d&rsquo;une gamme d&rsquo;applications pratiques, cette caract\u00e9ristique exceptionnelle s&rsquo;av\u00e8re particuli\u00e8rement avantageuse pour les formulaires qui n\u00e9cessitent l&rsquo;inclusion d&rsquo;informations vitales ou confidentielles, y compris, mais sans s&rsquo;y limiter, les enqu\u00eates, les demandes d&#8217;emploi ou les formulaires d&rsquo;enregistrement. En fin de compte, avec l&rsquo;int\u00e9gration des avantages de gravit\u00e9 uniquement lus, les utilisateurs peuvent prot\u00e9ger en toute confiance l&rsquo;int\u00e9grit\u00e9 et la pr\u00e9cision de leurs donn\u00e9es, tout en favorisant une exp\u00e9rience tr\u00e8s engageante et interactive pour ceux qui utilisent les formulaires.<\/p>\n<ul>\n<li>Vous permet de cr\u00e9er des champs de formulaires de gravit\u00e9 en lecture seule, emp\u00eachant les utilisateurs de les modifier<\/li>\n<li>Id\u00e9al pour les situations o\u00f9 vous devez pr\u00e9senter des donn\u00e9es aux utilisateurs, mais je ne veux pas qu&rsquo;elles interf\u00e8rent avec elle<\/li>\n<li>Fournit un processus de configuration extr\u00eamement facile qui ne n\u00e9cessite aucune exp\u00e9rience de codage<\/li>\n<li>Compatible avec tous les champs de formulaires de gravit\u00e9, y compris ceux cr\u00e9\u00e9s par des modules compl\u00e9mentaires et d&rsquo;autres plugins<\/li>\n<li>Livr\u00e9 avec une gamme d&rsquo;options de personnalisation afin que vous puissiez personnaliser les champs en lecture seule \u00e0 votre go\u00fbt<\/li>\n<li>Gave le temps et augmente l&rsquo;efficacit\u00e9 en rationalisant vos flux de travail de forme<\/li>\n<li>Am\u00e9liore l&rsquo;exp\u00e9rience utilisateur globale de vos formulaires en fournissant une sensation polie et professionnelle<\/li>\n<li>Fournit un moyen rentable d&rsquo;am\u00e9liorer la fonctionnalit\u00e9 de vos formulaires de gravit\u00e9 sans avoir \u00e0 investir dans un d\u00e9veloppement personnalis\u00e9 co\u00fbteux.<\/li>\n<\/ul>\n","protected":false},"excerpt":{"rendered":"<p>Gravity Perks Read est uniquement un addon exceptionnel et indispensable qui permet aux utilisateurs de restreindre efficacement et efficacement l&rsquo;acc\u00e8s aux champs de formulaire, emp\u00eachant ainsi efficacement les personnes non autoris\u00e9es de proc\u00e9der \u00e0 des modifications ou des modifications. Cet addon extr\u00eamement puissant fortifie et renforce consid\u00e9rablement la s\u00e9curit\u00e9 globale de vos formulaires de gravit\u00e9, vous accordant ainsi un pouvoir in\u00e9gal\u00e9 de gouverner et de r\u00e9glementer les personnes qui ont acc\u00e8s pour interagir avec vos pr\u00e9cieuses donn\u00e9es. Avec les capacit\u00e9s et fonctionnalit\u00e9s remarquables offertes par Gravity Perks Read, vous pouvez renforcer consid\u00e9rablement la confidentialit\u00e9 et la fiabilit\u00e9 de vos formulaires en ligne, tout en fournissant un bouclier imprenable contre tout acc\u00e8s illicite potentiel \u00e0 des informations sensibles et confidentielles. De plus, la polyvalence et la compatibilit\u00e9 expos\u00e9es par cet addon sont vraiment remarquables, car elle fonctionne sans effort sans faille dans tous les principaux navigateurs et plateformes, ce qui en fait un outil indispensable et imp\u00e9ratif pour toute organisation qui appr\u00e9cie vraiment et priorise la sauvegarde et la protection de son inestimable donn\u00e9es.<\/p>\n","protected":false},"featured_media":144127,"comment_status":"open","ping_status":"open","template":"","meta":[],"product_brand":[2567],"product_cat":[1189,1181,1186],"product_tag":[2168],"class_list":{"0":"post-120039","1":"product","2":"type-product","3":"status-publish","4":"has-post-thumbnail","6":"product_brand-gravity-wiz","7":"product_cat-personnalisation","8":"product_cat-plugins","9":"product_cat-wordpress-plugins","10":"product_tag-gravity-wiz","11":"member-discount","12":"discount-restricted","14":"first","15":"instock","16":"sale","17":"downloadable","18":"virtual","19":"sold-individually","20":"purchasable","21":"product-type-simple"},"_links":{"self":[{"href":"https:\/\/gpl-love.com\/fr\/wp-json\/wp\/v2\/product\/120039","targetHints":{"allow":["GET"]}}],"collection":[{"href":"https:\/\/gpl-love.com\/fr\/wp-json\/wp\/v2\/product"}],"about":[{"href":"https:\/\/gpl-love.com\/fr\/wp-json\/wp\/v2\/types\/product"}],"replies":[{"embeddable":true,"href":"https:\/\/gpl-love.com\/fr\/wp-json\/wp\/v2\/comments?post=120039"}],"wp:featuredmedia":[{"embeddable":true,"href":"https:\/\/gpl-love.com\/fr\/wp-json\/wp\/v2\/media\/144127"}],"wp:attachment":[{"href":"https:\/\/gpl-love.com\/fr\/wp-json\/wp\/v2\/media?parent=120039"}],"wp:term":[{"taxonomy":"product_brand","embeddable":true,"href":"https:\/\/gpl-love.com\/fr\/wp-json\/wp\/v2\/product_brand?post=120039"},{"taxonomy":"product_cat","embeddable":true,"href":"https:\/\/gpl-love.com\/fr\/wp-json\/wp\/v2\/product_cat?post=120039"},{"taxonomy":"product_tag","embeddable":true,"href":"https:\/\/gpl-love.com\/fr\/wp-json\/wp\/v2\/product_tag?post=120039"}],"curies":[{"name":"wp","href":"https:\/\/api.w.org\/{rel}","templated":true}]}}