{"id":120037,"date":"2025-04-14T00:00:00","date_gmt":"2025-04-13T22:00:00","guid":{"rendered":"https:\/\/gpl-love.com\/fr\/produit\/gravity-perks-easy-passthrough\/"},"modified":"2026-03-20T23:18:27","modified_gmt":"2026-03-20T22:18:27","slug":"gravity-perks-easy-passthrough","status":"publish","type":"product","link":"https:\/\/gpl-love.com\/fr\/produit\/gravity-perks-easy-passthrough\/","title":{"rendered":"Gravity Perks Easy Passthrough 1.9.34"},"content":{"rendered":"<h3>Gravity Perks Easy Passthrough Traits<\/h3>\n<p>Gravity Perks Easy Passthrough est un outil incroyablement puissant et remarquablement pratique qui permet aux utilisateurs de transf\u00e9rer les informations de mani\u00e8re transparente et sans effort d&rsquo;une forme \u00e0 une autre dans un environnement de formes de gravit\u00e9. Cet outil \u00e9limine la n\u00e9cessit\u00e9 pour les utilisateurs de r\u00e9int\u00e9grer les donn\u00e9es cruciales fastidieusement et manuelles, car elles facilitent de mani\u00e8re transparente le processus de transfert. De plus, Easy Passthrough a \u00e9t\u00e9 con\u00e7u de mani\u00e8re experte pour \u00eatre incroyablement conviviale et intuitive, garantissant que les individus de tous niveaux, qu&rsquo;ils soient d\u00e9butants ou experts chevronn\u00e9s, peuvent facilement utiliser ses fonctionnalit\u00e9s remarquables. En outre, cet outil poss\u00e8de un \u00e9ventail d&rsquo;options de personnalisation, permettant aux utilisateurs de l&rsquo;adapter m\u00e9ticuleusement pour r\u00e9pondre \u00e0 leurs exigences et pr\u00e9f\u00e9rences personnelles sp\u00e9cifiques. Que vous soyez un propri\u00e9taire d&rsquo;entreprise astucieux cherchant \u00e0 optimiser votre flux de travail ou un d\u00e9veloppeur qualifi\u00e9 visant \u00e0 affiner la mise en \u0153uvre de vos formulaires de gravit\u00e9, l&rsquo;incorporation de Perks de gravit\u00e9 facile \u00e0 passer dans votre bo\u00eete \u00e0 outils est une d\u00e9cision in\u00e9gal\u00e9e qui vous fera sans aucun doute gagner du temps et des efforts.<\/p>\n<ul>\n<li>Gravity Perks Easy Passthrough est un plugin qui vous permet de personnaliser la fa\u00e7on dont les donn\u00e9es sont transmises par les formulaires de gravit\u00e9.<\/li>\n<li>Il est compatible avec tous les modules compl\u00e9mentaires des formulaires de gravit\u00e9 et a une int\u00e9gration transparente.<\/li>\n<li>L&rsquo;interface facile \u00e0 utiliser vous permet de configurer la fa\u00e7on dont les entr\u00e9es sont pass\u00e9es via des cases \u00e0 cocher, des boutons radio et des champs d\u00e9roulants.<\/li>\n<li>Ce plugin a une fonctionnalit\u00e9 unique qui peut r\u00e9duire consid\u00e9rablement le nombre de champs requis, ce qui rend les formes beaucoup plus courtes.<\/li>\n<li>Vous avez la possibilit\u00e9 de sp\u00e9cifier des valeurs par d\u00e9faut pour chaque champ et de configurer une URL de redirection ou un texte personnalis\u00e9 apr\u00e8s la soumission du formulaire.<\/li>\n<li>Il vous permet \u00e9galement de filtrer les donn\u00e9es transmises en modifiant certains champs ou en ajoutant des codes personnalis\u00e9s.<\/li>\n<li>Parfait pour les entreprises ou les sites Web qui n\u00e9cessitent des soumissions de formulaires personnalis\u00e9es ou qui ont plusieurs formulaires qui doivent \u00eatre automatis\u00e9s.<\/li>\n<li>Gravity Perks Easy Passthrough a un excellent support client et des mises \u00e0 jour r\u00e9guli\u00e8res.<\/li>\n<\/ul>\n","protected":false},"excerpt":{"rendered":"<p>Gravity Perks Easy Passthrough, un outil WordPress tr\u00e8s robuste, offre aux utilisateurs la capacit\u00e9 pratique de transf\u00e9rer sans effort les valeurs de champ d&rsquo;une forme \u00e0 une autre. En utilisant ce plugin, vous pouvez rationaliser efficacement votre flux de travail, \u00e9liminant la t\u00e2che fastidieuse de copier manuellement et de coller des informations sur les formulaires. En quelques clics, les pertes de gravit\u00e9 faciles vous permettent de transf\u00e9rer de mani\u00e8re transparente des donn\u00e9es entre les formulaires, am\u00e9liorant ainsi l&rsquo;efficacit\u00e9 et la pr\u00e9cision de votre travail. Que vous travailliez sur des formes complexes ou des pages d&rsquo;enregistrement simples, ce plugin indispensable sert d&rsquo;attention inestimable, facilitant la rationalisation de votre flux de travail et vous \u00e9conomisant du temps et de l&rsquo;\u00e9nergie pr\u00e9cieux.<\/p>\n","protected":false},"featured_media":144110,"comment_status":"open","ping_status":"open","template":"","meta":[],"product_brand":[2567],"product_cat":[1189,1181,1186],"product_tag":[2168],"class_list":{"0":"post-120037","1":"product","2":"type-product","3":"status-publish","4":"has-post-thumbnail","6":"product_brand-gravity-wiz","7":"product_cat-personnalisation","8":"product_cat-plugins","9":"product_cat-wordpress-plugins","10":"product_tag-gravity-wiz","11":"member-discount","12":"discount-restricted","14":"first","15":"instock","16":"sale","17":"downloadable","18":"virtual","19":"sold-individually","20":"purchasable","21":"product-type-simple"},"_links":{"self":[{"href":"https:\/\/gpl-love.com\/fr\/wp-json\/wp\/v2\/product\/120037","targetHints":{"allow":["GET"]}}],"collection":[{"href":"https:\/\/gpl-love.com\/fr\/wp-json\/wp\/v2\/product"}],"about":[{"href":"https:\/\/gpl-love.com\/fr\/wp-json\/wp\/v2\/types\/product"}],"replies":[{"embeddable":true,"href":"https:\/\/gpl-love.com\/fr\/wp-json\/wp\/v2\/comments?post=120037"}],"wp:featuredmedia":[{"embeddable":true,"href":"https:\/\/gpl-love.com\/fr\/wp-json\/wp\/v2\/media\/144110"}],"wp:attachment":[{"href":"https:\/\/gpl-love.com\/fr\/wp-json\/wp\/v2\/media?parent=120037"}],"wp:term":[{"taxonomy":"product_brand","embeddable":true,"href":"https:\/\/gpl-love.com\/fr\/wp-json\/wp\/v2\/product_brand?post=120037"},{"taxonomy":"product_cat","embeddable":true,"href":"https:\/\/gpl-love.com\/fr\/wp-json\/wp\/v2\/product_cat?post=120037"},{"taxonomy":"product_tag","embeddable":true,"href":"https:\/\/gpl-love.com\/fr\/wp-json\/wp\/v2\/product_tag?post=120037"}],"curies":[{"name":"wp","href":"https:\/\/api.w.org\/{rel}","templated":true}]}}