{"id":120036,"date":"2026-03-26T00:00:00","date_gmt":"2026-03-25T23:00:00","guid":{"rendered":"https:\/\/gpl-love.com\/fr\/produit\/gravity-perks-nested-forms\/"},"modified":"2026-03-26T23:30:36","modified_gmt":"2026-03-26T22:30:36","slug":"gravity-perks-nested-forms","status":"publish","type":"product","link":"https:\/\/gpl-love.com\/fr\/produit\/gravity-perks-nested-forms\/","title":{"rendered":"Gravity Perks Nested Forms 1.2.24"},"content":{"rendered":"<h3>Gravity Perks Nested Forms Traits<\/h3>\n<p>Gravity Perks Nested Formes est un plugin extr\u00eamement robuste et extr\u00eamement adaptable qui introduit des formes imbriqu\u00e9es aux fonctionnalit\u00e9s d\u00e9j\u00e0 impressionnantes des formes de gravit\u00e9, permettant ainsi aux utilisateurs de construire des formulaires dans des formes. En tirant parti des capacit\u00e9s remarquables des formes imbriqu\u00e9es, les utilisateurs peuvent recueillir efficacement des donn\u00e9es complexes d&rsquo;une mani\u00e8re qui est m\u00e9ticuleusement organis\u00e9e et rationalis\u00e9e sans effort. Ce plugin exceptionnel accorde aux utilisateurs la possibilit\u00e9 d&rsquo;\u00e9tablir sans effort des associations parent-enfants sous leurs formulaires, tout en leur offrant la flexibilit\u00e9 d&rsquo;incorporer, de modifier et d&rsquo;\u00e9liminer les formulaires enfants \u00e0 leur convenance. L&rsquo;inclusion de caract\u00e9ristiques avanc\u00e9es, y compris, mais sans s&rsquo;y limiter, la logique conditionnelle, la population automatique et la population de champs dynamiques, facilite davantage le d\u00e9veloppement rapide et efficace de formes complexes. Gr\u00e2ce \u00e0 l&rsquo;utilisation des formes imbriqu\u00e9es de gravit\u00e9, les utilisateurs peuvent cr\u00e9er des formes qui sont vraiment puissantes et distinctement adaptables, m\u00e9ticuleusement adapt\u00e9es pour servir une myriade de fins, allant de la facilitation des enqu\u00eates et des questionnaires \u00e0 la gestion complexe des processus d&rsquo;enregistrement et au-del\u00e0.<\/p>\n<ul>\n<li>Cr\u00e9er facilement des formes imbriqu\u00e9es dans les formes de gravit\u00e9<\/li>\n<li>Interface glisser-d\u00e9poser intuitive pour cr\u00e9er des formes complexes<\/li>\n<li>Personnalisez la disposition et la conception des formulaires imbriqu\u00e9es<\/li>\n<li>Logique conditionnelle pour contr\u00f4ler les champs affich\u00e9s sous des formes imbriqu\u00e9es<\/li>\n<li>Remplir automatiquement les champs dans des formulaires imbriqu\u00e9s avec des donn\u00e9es du formulaire parent<\/li>\n<li>Collectez et enregistrez les donn\u00e9es de plusieurs formulaires imbriqu\u00e9s dans une seule soumission<\/li>\n<li>Simplifiez des flux de travail complexes en les d\u00e9composant en formes imbriqu\u00e9es<\/li>\n<li>Compatible avec toutes les formes de gravit\u00e9 et les fonctions<\/li>\n<li>Mises \u00e0 jour r\u00e9guli\u00e8res et soutien de l&rsquo;\u00e9quipe Gravity Perks<\/li>\n<li>Acc\u00e8s aux ressources utiles, y compris la documentation et les tutoriels.<\/li>\n<\/ul>\n","protected":false},"excerpt":{"rendered":"<p>Gravity Perks Nested Formes est un module compl\u00e9mentaire extr\u00eamement puissant qui am\u00e9liore la fonctionnalit\u00e9 du plugin de formes de gravit\u00e9 largement acclam\u00e9. Il permet aux utilisateurs de g\u00e9n\u00e9rer sans effort des formes imbriqu\u00e9es qui peuvent \u00eatre parfaitement int\u00e9gr\u00e9es les unes aux autres. En exploitant les capacit\u00e9s des formulaires imbriqu\u00e9s, les utilisateurs peuvent \u00e9laborer des formulaires logiques et multidimensionnels qui offrent une navigation et une convivialit\u00e9 am\u00e9lior\u00e9es. Ceci, \u00e0 son tour, leur permet de se procurer des donn\u00e9es plus pr\u00e9cises et pr\u00e9cises tout en am\u00e9liorant simultan\u00e9ment l&rsquo;exp\u00e9rience utilisateur globale. La polyvalence de ce plugin en fait une n\u00e9cessit\u00e9 absolue pour les particuliers et les entreprises, y compris les d\u00e9veloppeurs Web, les concepteurs et les organisations de toutes les amplitudes. Que votre objectif soit de rationaliser votre processus d&rsquo;acquisition de donn\u00e9es, de fabriquer des enqu\u00eates ou des formulaires de contact sur mesure, ou de maximiser vos efforts de g\u00e9n\u00e9ration de leads, Gravity Perks Nested Forms se pr\u00e9sente comme la solution ultime \u00e0 tous vos besoins et exigences.<\/p>\n","protected":false},"featured_media":144117,"comment_status":"open","ping_status":"open","template":"","meta":[],"product_brand":[2567],"product_cat":[1189,1181,1186],"product_tag":[2168],"class_list":{"0":"post-120036","1":"product","2":"type-product","3":"status-publish","4":"has-post-thumbnail","6":"product_brand-gravity-wiz","7":"product_cat-personnalisation","8":"product_cat-plugins","9":"product_cat-wordpress-plugins","10":"product_tag-gravity-wiz","11":"member-discount","12":"discount-restricted","14":"first","15":"instock","16":"sale","17":"downloadable","18":"virtual","19":"sold-individually","20":"purchasable","21":"product-type-simple"},"_links":{"self":[{"href":"https:\/\/gpl-love.com\/fr\/wp-json\/wp\/v2\/product\/120036","targetHints":{"allow":["GET"]}}],"collection":[{"href":"https:\/\/gpl-love.com\/fr\/wp-json\/wp\/v2\/product"}],"about":[{"href":"https:\/\/gpl-love.com\/fr\/wp-json\/wp\/v2\/types\/product"}],"replies":[{"embeddable":true,"href":"https:\/\/gpl-love.com\/fr\/wp-json\/wp\/v2\/comments?post=120036"}],"wp:featuredmedia":[{"embeddable":true,"href":"https:\/\/gpl-love.com\/fr\/wp-json\/wp\/v2\/media\/144117"}],"wp:attachment":[{"href":"https:\/\/gpl-love.com\/fr\/wp-json\/wp\/v2\/media?parent=120036"}],"wp:term":[{"taxonomy":"product_brand","embeddable":true,"href":"https:\/\/gpl-love.com\/fr\/wp-json\/wp\/v2\/product_brand?post=120036"},{"taxonomy":"product_cat","embeddable":true,"href":"https:\/\/gpl-love.com\/fr\/wp-json\/wp\/v2\/product_cat?post=120036"},{"taxonomy":"product_tag","embeddable":true,"href":"https:\/\/gpl-love.com\/fr\/wp-json\/wp\/v2\/product_tag?post=120036"}],"curies":[{"name":"wp","href":"https:\/\/api.w.org\/{rel}","templated":true}]}}