{"id":120035,"date":"2025-05-15T00:00:00","date_gmt":"2025-05-14T22:00:00","guid":{"rendered":"https:\/\/gpl-love.com\/fr\/produit\/gravity-perks-preview-submission\/"},"modified":"2026-03-20T23:18:39","modified_gmt":"2026-03-20T22:18:39","slug":"gravity-perks-preview-submission","status":"publish","type":"product","link":"https:\/\/gpl-love.com\/fr\/produit\/gravity-perks-preview-submission\/","title":{"rendered":"Gravity Perks Preview Submission 1.3.24"},"content":{"rendered":"<h3>Gravity Perks Preview Submission Traits<\/h3>\n<p>La soumission de l&rsquo;aper\u00e7u des avantages Gravity est une solution logicielle incroyablement innovante et r\u00e9volutionnaire qui a \u00e9t\u00e9 m\u00e9ticuleusement con\u00e7ue afin de r\u00e9volutionner la fa\u00e7on dont vous traitez les soumissions sur votre site Web. Avec sa pl\u00e9thore de fonctionnalit\u00e9s avanc\u00e9es et de pointe, cet outil remarquable vous offre l&rsquo;occasion inestimable de pr\u00e9visualiser m\u00e9ticuleusement avant d&rsquo;\u00eatre officiellement publi\u00e9s, garantissant ainsi que votre contenu estim\u00e9 reste sans erreur et impeccablement format\u00e9. En exploitant l&rsquo;immense puissance et les fonctionnalit\u00e9s de ce produit ph\u00e9nom\u00e9nal, vous pourrez personnaliser sans effort et de mani\u00e8re transparente vos formulaires de soumission, int\u00e9grer la logique conditionnelle dans votre site Web et \u00e9tablir des notifications rapides et efficaces pour rationaliser consid\u00e9rablement et acc\u00e9l\u00e9rer l&rsquo;ensemble du processus de soumission. La magnifique soumission de pr\u00e9visualisation des avantages de Gravity Perks vous offre sans \u00e9quivoque l&rsquo;incroyable luxe d&rsquo;\u00e9liminer compl\u00e8tement la t\u00e2che ardue et long de l&rsquo;examen et de l&rsquo;approbation manuellement de chaque soumission individuelle. Que vous soyez exploit\u00e9 un blog captivant et engageant, un magasin de commerce \u00e9lectronique anim\u00e9 et dynamique, ou m\u00eame tout autre type d&rsquo;effort commercial, il est indubitable que ce produit impressionnant vous permettra sans aucun doute d&rsquo;am\u00e9liorer consid\u00e9rablement votre pr\u00e9sence en ligne, \u00e9lever l&rsquo;exp\u00e9rience utilisateur globale et finalement optimiser les taux de conversion de votre entreprise estim\u00e9e.<\/p>\n<ul>\n<li>Fournit un moyen rapide et facile pour les utilisateurs de pr\u00e9visualiser leurs soumissions de formulaires avant de les soumettre.<\/li>\n<li>Permet aux utilisateurs de voir exactement \u00e0 quoi leur soumission sera apparent\u00e9e et quelles informations ils ont inclus.<\/li>\n<li>Comprend des param\u00e8tres d&rsquo;aper\u00e7u personnalisables pour faire correspondre les pr\u00e9f\u00e9rences ou l&rsquo;image de marque des utilisateurs.<\/li>\n<li>Emp\u00eache les erreurs ou les informations manquantes en fournissant une chance d&rsquo;examiner et de modifier avant de soumettre.<\/li>\n<li>INTRESSE INT\u00c9RATEMENT DES FORMS DE PR\u00c9SENTATION POUR ALUMER UNE EXP\u00c9RIENCE D&rsquo;UTILISATION SPIX.<\/li>\n<\/ul>\n","protected":false},"excerpt":{"rendered":"<p>Le m\u00e9canisme extraordinaire et extr\u00eamement efficace connu sous le nom de soumission de pr\u00e9visualisation de Gravity Perks sert d&rsquo;instrument inestimable pour les personnes cherchant \u00e0 se pr\u00e9valoir de la merveilleuse occasion de pr\u00e9visualiser leurs soumissions de formulaire avant de les finaliser et de les soumettre officiellement. Gr\u00e2ce \u00e0 l&rsquo;utilisation de ce plugin, les utilisateurs ont la capacit\u00e9 remarquable d&rsquo;examiner et d&rsquo;examiner m\u00e9ticuleusement leurs donn\u00e9es d&rsquo;entr\u00e9e, garantissant ainsi la plus grande pr\u00e9cision et pr\u00e9cision avant de s&rsquo;engager finalement \u00e0 la soumission de leur forme m\u00e9ticuleusement con\u00e7ue. La signification profonde de cet outil remarquable devient particuli\u00e8rement visible et ind\u00e9niable lorsqu&rsquo;il est confront\u00e9 au d\u00e9fi intimidant des formes ou sc\u00e9narios complexes qui exigent une diligence et une attention in\u00e9gal\u00e9es \u00e0 d\u00e9tail. Le r\u00e9sultat final de l&#8217;emploi de ce plugin in\u00e9gal\u00e9 se manifeste sans effort sous la forme d&rsquo;une soumission de forme parfaitement ex\u00e9cut\u00e9e et m\u00e9ticuleusement pr\u00e9par\u00e9e, engendrant un sentiment profond de l&rsquo;efficacit\u00e9 de la r\u00e9duction du temps et de la culture indubitable d&rsquo;une exp\u00e9rience utilisateur extr\u00eamement gratifiante et d\u00e9licieuse.<\/p>\n","protected":false},"featured_media":144123,"comment_status":"open","ping_status":"open","template":"","meta":[],"product_brand":[2567],"product_cat":[1189,1181,1186],"product_tag":[2168],"class_list":{"0":"post-120035","1":"product","2":"type-product","3":"status-publish","4":"has-post-thumbnail","6":"product_brand-gravity-wiz","7":"product_cat-personnalisation","8":"product_cat-plugins","9":"product_cat-wordpress-plugins","10":"product_tag-gravity-wiz","11":"member-discount","12":"discount-restricted","14":"first","15":"instock","16":"sale","17":"downloadable","18":"virtual","19":"sold-individually","20":"purchasable","21":"product-type-simple"},"_links":{"self":[{"href":"https:\/\/gpl-love.com\/fr\/wp-json\/wp\/v2\/product\/120035","targetHints":{"allow":["GET"]}}],"collection":[{"href":"https:\/\/gpl-love.com\/fr\/wp-json\/wp\/v2\/product"}],"about":[{"href":"https:\/\/gpl-love.com\/fr\/wp-json\/wp\/v2\/types\/product"}],"replies":[{"embeddable":true,"href":"https:\/\/gpl-love.com\/fr\/wp-json\/wp\/v2\/comments?post=120035"}],"wp:featuredmedia":[{"embeddable":true,"href":"https:\/\/gpl-love.com\/fr\/wp-json\/wp\/v2\/media\/144123"}],"wp:attachment":[{"href":"https:\/\/gpl-love.com\/fr\/wp-json\/wp\/v2\/media?parent=120035"}],"wp:term":[{"taxonomy":"product_brand","embeddable":true,"href":"https:\/\/gpl-love.com\/fr\/wp-json\/wp\/v2\/product_brand?post=120035"},{"taxonomy":"product_cat","embeddable":true,"href":"https:\/\/gpl-love.com\/fr\/wp-json\/wp\/v2\/product_cat?post=120035"},{"taxonomy":"product_tag","embeddable":true,"href":"https:\/\/gpl-love.com\/fr\/wp-json\/wp\/v2\/product_tag?post=120035"}],"curies":[{"name":"wp","href":"https:\/\/api.w.org\/{rel}","templated":true}]}}