{"id":120030,"date":"2026-01-10T00:00:00","date_gmt":"2026-01-09T23:00:00","guid":{"rendered":"https:\/\/gpl-love.com\/fr\/produit\/wp-sheet-editor-edd-downloads-pro\/"},"modified":"2026-03-20T23:50:44","modified_gmt":"2026-03-20T22:50:44","slug":"wp-sheet-editor-edd-downloads-pro","status":"publish","type":"product","link":"https:\/\/gpl-love.com\/fr\/produit\/wp-sheet-editor-edd-downloads-pro\/","title":{"rendered":"WP Sheet Editor EDD Downloads Pro 1.0.78"},"content":{"rendered":"<h3>WP Sheet Editor EDD Downloads Pro Traits<\/h3>\n<p>L&rsquo;\u00e9diteur de feuilles WP EDD Downloads Pro est un plugin incroyablement robuste qui est sp\u00e9cialement con\u00e7u pour rationaliser et am\u00e9liorer le processus de gestion et de modification de vos t\u00e9l\u00e9chargements dans WordPress. En tirant parti de son interface incroyablement intuitive et conviviale, vous \u00eates en mesure de modifier et de mettre \u00e0 jour sans effort vos produits de t\u00e9l\u00e9chargement en vrac, vous \u00e9conomisant efficacement une quantit\u00e9 importante de temps et d&rsquo;effort pr\u00e9cieux. In addition to its remarkable efficiency, this plugin also boasts an array of advanced features, such as custom field mapping, filtering capabilities, and sorting functionalities, all of which combine to facilitate the seamless organization of your downloads and ensure the smooth and efficient operation of votre site web. En outre, il convient de noter que l&rsquo;\u00e9diteur de feuilles WP EDD T\u00e9l\u00e9chargements Pro s&rsquo;int\u00e8gre parfaitement aux t\u00e9l\u00e9chargements num\u00e9riques faciles, une plate-forme de commerce \u00e9lectronique tr\u00e8s acclam\u00e9e et largement utilis\u00e9e qui s&rsquo;adresse sp\u00e9cifiquement \u00e0 la vente de produits num\u00e9riques en ligne. Ainsi, que vous poss\u00e9diez une vaste exp\u00e9rience dans l&rsquo;utilisation de WordPress ou que vous vous embarquiez dans votre voyage avec ce syst\u00e8me de gestion de contenu exceptionnel, l&rsquo;acquisition de l&rsquo;\u00e9diteur de feuilles WP EDD Downloads Pro est une n\u00e9cessit\u00e9 absolue si vous aspirez \u00e0 g\u00e9rer efficacement vos t\u00e9l\u00e9chargements avec une facilit\u00e9 optimale et efficacit\u00e9.<\/p>\n<ul>\n<li>Un outil puissant pour g\u00e9rer et modifier les donn\u00e9es de t\u00e9l\u00e9chargements num\u00e9riques faciles dans WordPress.<\/li>\n<li>Rationalise le processus de gestion des produits num\u00e9riques tels que les livres \u00e9lectroniques, la musique, les logiciels, etc.<\/li>\n<li>Offre une interface transparente et intuitive pour la gestion des produits, des prix, des stocks et d&rsquo;autres donn\u00e9es cruciales.<\/li>\n<li>Permet aux utilisateurs de modifier facilement les prix, l&rsquo;inventaire et d&rsquo;autres informations sur le produit \u00e0 l&rsquo;aide d&rsquo;une interface de type de calcul.<\/li>\n<li>Fournit des options de recherche et de filtrage avanc\u00e9es pour trouver et mettre \u00e0 jour rapidement des produits sp\u00e9cifiques.<\/li>\n<li>Offre des capacit\u00e9s d&rsquo;importation \/ exportation flexibles pour transf\u00e9rer facilement des donn\u00e9es entre l&rsquo;\u00e9diteur de feuilles WP et les sources externes.<\/li>\n<li>Comprend des fonctionnalit\u00e9s de s\u00e9curit\u00e9 robustes pour prot\u00e9ger les informations sensibles du produit et \u00e9viter un acc\u00e8s non autoris\u00e9.<\/li>\n<li>Gave le temps et am\u00e9liore la productivit\u00e9 en \u00e9liminant le besoin de saisie manuelle des donn\u00e9es et de mises \u00e0 jour fastidieuses.<\/li>\n<\/ul>\n","protected":false},"excerpt":{"rendered":"<p>L&rsquo;\u00e9diteur de feuilles WP EDD Downloads Pro est un plugin incroyablement robuste et puissant qui a \u00e9t\u00e9 con\u00e7u de mani\u00e8re experte pour simplifier sans effort le processus souvent compliqu\u00e9 de gestion efficace des produits de t\u00e9l\u00e9chargement. Cet outil ing\u00e9nieux vous donne la capacit\u00e9 unique de modifier, importer, exporter, exporter et m\u00eame ex\u00e9cuter des mises \u00e0 jour en vrac pour tous vos t\u00e9l\u00e9chargements WordPress EDD en utilisant une interface de feuille de calcul incroyablement conviviale et simple. Avec cette capacit\u00e9 exceptionnelle de g\u00e9rer et de manipuler sans effort les quantit\u00e9s de donn\u00e9es les plus importantes et les plus volumineuses, vous pouvez rationaliser et optimiser sans effort votre strat\u00e9gie de gestion des t\u00e9l\u00e9chargements EDD, \u00e9conomisant ainsi efficacement une quantit\u00e9 inestimable de votre temps pr\u00e9cieux. Il est crucial de noter que ce plugin vraiment exceptionnel arrive \u00e9galement accompagn\u00e9 d&rsquo;une vaste gamme de fonctionnalit\u00e9s avanc\u00e9es et hautement sophistiqu\u00e9es, par exemple, la capacit\u00e9 in\u00e9gal\u00e9e \u00e0 cr\u00e9er et \u00e0 g\u00e9rer efficacement sans effort et \u00e0 g\u00e9rer efficacement les remises tr\u00e8s attrayantes, ainsi que de mani\u00e8re transparente et de mani\u00e8re transparente de mani\u00e8re transparente de mani\u00e8re transparente et de mani\u00e8re transparente de mani\u00e8re transparentie Activer ou d\u00e9sactiver les fichiers de t\u00e9l\u00e9chargement, parmi un assortiment d&rsquo;autres fonctionnalit\u00e9s incroyablement pratiques et facilitatives. Par cons\u00e9quent, si vous \u00eates actuellement \u00e0 la recherche d&rsquo;une m\u00e9thode incroyablement efficace et extr\u00eamement efficace pour g\u00e9rer avec succ\u00e8s et efficacement tous vos t\u00e9l\u00e9chargements EDD, alors c&rsquo;est avec la plus grande certitude que le r\u00e9dacteur en chef WP EDD Downloads Pro est la solution d\u00e9finitive et sans \u00e9quivoque que vous avez que vous avez cherch\u00e9 avec ferveur et vraiment besoin.<\/p>\n","protected":false},"featured_media":146212,"comment_status":"open","ping_status":"open","template":"","meta":[],"product_brand":[2733],"product_cat":[1187,1181,1186],"product_tag":[1545],"class_list":{"0":"post-120030","1":"product","2":"type-product","3":"status-publish","4":"has-post-thumbnail","6":"product_brand-wp-sheet-editor","7":"product_cat-administration-wordpress-plugins","8":"product_cat-plugins","9":"product_cat-wordpress-plugins","10":"product_tag-wp-sheet-editor","11":"member-discount","12":"discount-restricted","14":"first","15":"instock","16":"sale","17":"downloadable","18":"virtual","19":"sold-individually","20":"purchasable","21":"product-type-simple"},"_links":{"self":[{"href":"https:\/\/gpl-love.com\/fr\/wp-json\/wp\/v2\/product\/120030","targetHints":{"allow":["GET"]}}],"collection":[{"href":"https:\/\/gpl-love.com\/fr\/wp-json\/wp\/v2\/product"}],"about":[{"href":"https:\/\/gpl-love.com\/fr\/wp-json\/wp\/v2\/types\/product"}],"replies":[{"embeddable":true,"href":"https:\/\/gpl-love.com\/fr\/wp-json\/wp\/v2\/comments?post=120030"}],"wp:featuredmedia":[{"embeddable":true,"href":"https:\/\/gpl-love.com\/fr\/wp-json\/wp\/v2\/media\/146212"}],"wp:attachment":[{"href":"https:\/\/gpl-love.com\/fr\/wp-json\/wp\/v2\/media?parent=120030"}],"wp:term":[{"taxonomy":"product_brand","embeddable":true,"href":"https:\/\/gpl-love.com\/fr\/wp-json\/wp\/v2\/product_brand?post=120030"},{"taxonomy":"product_cat","embeddable":true,"href":"https:\/\/gpl-love.com\/fr\/wp-json\/wp\/v2\/product_cat?post=120030"},{"taxonomy":"product_tag","embeddable":true,"href":"https:\/\/gpl-love.com\/fr\/wp-json\/wp\/v2\/product_tag?post=120030"}],"curies":[{"name":"wp","href":"https:\/\/api.w.org\/{rel}","templated":true}]}}