{"id":120028,"date":"2025-12-04T00:00:00","date_gmt":"2025-12-03T23:00:00","guid":{"rendered":"https:\/\/gpl-love.com\/fr\/produit\/wp-301-redirects-pro\/"},"modified":"2026-03-20T23:49:22","modified_gmt":"2026-03-20T22:49:22","slug":"wp-301-redirects-pro","status":"publish","type":"product","link":"https:\/\/gpl-love.com\/fr\/produit\/wp-301-redirects-pro\/","title":{"rendered":"WP 301 Redirects Pro 6.25"},"content":{"rendered":"<h3>WP 301 Redirects Pro Traits<\/h3>\n<p>WP 301 Redirect Pro est un outil tr\u00e8s efficace et efficace qui sert \u00e0 rediriger vos anciennes URL vers de nouvelles, garantissant ainsi une exp\u00e9rience utilisateur transparente et emp\u00eachant la survenue de liens morts. Cet outil exceptionnel se vante d&rsquo;une interface remarquablement conviviale, ce qui facilite la cr\u00e9ation et la gestion rapides de plusieurs redirections dans un temps consid\u00e9rablement r\u00e9duit. Notamment, ce plugin ing\u00e9nieux s&rsquo;av\u00e8re particuli\u00e8rement b\u00e9n\u00e9fique pour les propri\u00e9taires de sites Web qui se retrouvent dans le processus de changement de marque, se lan\u00e7ant dans une migration de domaine, ou m\u00eame entreprenant une restructuration compl\u00e8te de leur site Web. En outre, il est important de souligner le fait que ce plugin est \u00e9galement dot\u00e9 d&rsquo;une pl\u00e9thore de fonctionnalit\u00e9s de suivi et de rapport, qui vous permettent de vous permettre de surveiller m\u00e9ticuleusement les performances de vos redirections et de faire les ajustements n\u00e9cessaires en cons\u00e9quence. Avec tous ces attributs extraordinaires combin\u00e9s, WP 301 redirige Pro appara\u00eet comme une n\u00e9cessit\u00e9 absolue pour les propri\u00e9taires de sites Web qui nourrissent un v\u00e9ritable d\u00e9sir de maintenir et de nourrir les prouesses de r\u00e9f\u00e9rence flux de trafic qu&rsquo;il attire constamment.<\/p>\n<ul>\n<li>Cr\u00e9ez et g\u00e9rez facilement les r\u00e8gles de redirection pour votre site WordPress.<\/li>\n<li>Redirigez rapidement les anciennes URL vers de nouvelles pour une exp\u00e9rience utilisateur transparente.<\/li>\n<li>Obtenir un meilleur contr\u00f4le sur le r\u00e9f\u00e9rencement de votre site en emp\u00eachant les liens cass\u00e9s et en maintenant les capitaux propres de liens.<\/li>\n<li>Utilisez les caract\u00e8res g\u00e9n\u00e9riques et les expressions r\u00e9guli\u00e8res pour cr\u00e9er des r\u00e8gles de redirection plus complexes.<\/li>\n<li>Acc\u00e9dez aux journaux d\u00e9taill\u00e9s de toutes les activit\u00e9s de redirection \u00e0 des fins de d\u00e9pannage et d&rsquo;optimisation.<\/li>\n<li>Personnalisez le message de redirection affich\u00e9 vers les utilisateurs lorsqu&rsquo;une redirection est d\u00e9clench\u00e9e.<\/li>\n<li>Choisissez de rediriger les pages et les publications, ou des types de contenu sp\u00e9cifiques.<\/li>\n<li>Compatible avec les installations multisites WordPress.<\/li>\n<\/ul>\n","protected":false},"excerpt":{"rendered":"<p>WP 301 Redirection Pro, un outil tr\u00e8s robuste, pr\u00e9sente aux utilisateurs la capacit\u00e9 sans effort de rediriger les pages Web dans leur site Web WordPress. Ce plugin permet la redirection rapide et efficace du trafic, que ce soit des pages obsol\u00e8tes vers des pages plus r\u00e9centes ou de l&rsquo;assainissement des liens cass\u00e9s. Gr\u00e2ce \u00e0 son interface conviviale et \u00e0 son vaste gamme de fonctionnalit\u00e9s avanc\u00e9es, les individus de toutes les aptitudes techniques peuvent facilement utiliser cet outil remarquable. Peu importe que vous vous retrouviez \u00e0 superviser une plate-forme de commerce \u00e9lectronique tentaculaire ou un blog personnel plus modeste, WP 301 Redirect Pro est ind\u00e9niablement la solution ultime pour maintenir une fonctionnalit\u00e9 optimale du site Web.<\/p>\n","protected":false},"featured_media":146125,"comment_status":"open","ping_status":"open","template":"","meta":[],"product_brand":[2496],"product_cat":[1335,1181,1186],"product_tag":[1683],"class_list":{"0":"post-120028","1":"product","2":"type-product","3":"status-publish","4":"has-post-thumbnail","6":"product_brand-web-factory","7":"product_cat-seo","8":"product_cat-plugins","9":"product_cat-wordpress-plugins","10":"product_tag-web-factory","11":"member-discount","12":"discount-restricted","14":"first","15":"instock","16":"sale","17":"downloadable","18":"virtual","19":"sold-individually","20":"purchasable","21":"product-type-simple"},"_links":{"self":[{"href":"https:\/\/gpl-love.com\/fr\/wp-json\/wp\/v2\/product\/120028","targetHints":{"allow":["GET"]}}],"collection":[{"href":"https:\/\/gpl-love.com\/fr\/wp-json\/wp\/v2\/product"}],"about":[{"href":"https:\/\/gpl-love.com\/fr\/wp-json\/wp\/v2\/types\/product"}],"replies":[{"embeddable":true,"href":"https:\/\/gpl-love.com\/fr\/wp-json\/wp\/v2\/comments?post=120028"}],"wp:featuredmedia":[{"embeddable":true,"href":"https:\/\/gpl-love.com\/fr\/wp-json\/wp\/v2\/media\/146125"}],"wp:attachment":[{"href":"https:\/\/gpl-love.com\/fr\/wp-json\/wp\/v2\/media?parent=120028"}],"wp:term":[{"taxonomy":"product_brand","embeddable":true,"href":"https:\/\/gpl-love.com\/fr\/wp-json\/wp\/v2\/product_brand?post=120028"},{"taxonomy":"product_cat","embeddable":true,"href":"https:\/\/gpl-love.com\/fr\/wp-json\/wp\/v2\/product_cat?post=120028"},{"taxonomy":"product_tag","embeddable":true,"href":"https:\/\/gpl-love.com\/fr\/wp-json\/wp\/v2\/product_tag?post=120028"}],"curies":[{"name":"wp","href":"https:\/\/api.w.org\/{rel}","templated":true}]}}