{"id":120026,"date":"2023-03-17T00:00:00","date_gmt":"2023-03-16T23:00:00","guid":{"rendered":"https:\/\/gpl-love.com\/fr\/produit\/thefour-business-theme\/"},"modified":"2026-04-10T18:42:27","modified_gmt":"2026-04-10T16:42:27","slug":"thefour-business-theme","status":"publish","type":"product","link":"https:\/\/gpl-love.com\/fr\/produit\/thefour-business-theme\/","title":{"rendered":"TheFour Business Theme 1.3.4"},"content":{"rendered":"<h3>TheFour Business Theme Traits<\/h3>\n<p>Le th\u00e8me de l&rsquo;entreprise, un th\u00e8me WordPress d\u00e9licieusement con\u00e7u, s&rsquo;adresse aux entreprises de toutes tailles avec sa conception professionnelle et \u00e9l\u00e9gante. B\u00e9n\u00e9ficiant d&rsquo;une disposition \u00e9l\u00e9gante et contemporaine, ce th\u00e8me est la plate-forme parfaite pour pr\u00e9senter votre large \u00e9ventail de produits et services, mettant en \u00e9vidence les talents exceptionnels poss\u00e9d\u00e9s par les membres de votre \u00e9quipe et racontant l&rsquo;histoire passionnante derri\u00e8re votre entreprise estim\u00e9e. Le Four s&rsquo;adapte sans effort aux appareils de bureau et mobiles, gracieuset\u00e9 de sa conception r\u00e9active, permettant aux utilisateurs de se d\u00e9lecter d&rsquo;une exp\u00e9rience de navigation transparente quel que soit l&rsquo;appareil qu&rsquo;ils choisissent d&#8217;employer. De plus, ce th\u00e8me vous offre une pl\u00e9thore d&rsquo;options de personnalisation robustes, vous accordant l&rsquo;opportunit\u00e9 d&rsquo;infuser votre site Web avec une touche d&rsquo;individualit\u00e9 qui refl\u00e8te parfaitement l&rsquo;identit\u00e9 de votre marque. Pour am\u00e9liorer davantage l&rsquo;efficacit\u00e9 de votre site Web, le Four est \u00e9quip\u00e9 de fonctionnalit\u00e9s d&rsquo;optimisation SEO exceptionnelles, garantissant ainsi des classements favorables sur des moteurs de recherche importants. De plus, il int\u00e8gre des fonctionnalit\u00e9s indispensables telles que les formulaires de contact, l&rsquo;int\u00e9gration transparente avec diverses plateformes de m\u00e9dias sociaux et une section de portefeuille impressionnante. En exploitant la puissance du th\u00e8me de l&rsquo;entreprise, vous poss\u00e9dez la capacit\u00e9 de forger une formidable pr\u00e9sence en ligne pour votre entreprise, celle qui est tenue de captiver et de saisir vos clients estim\u00e9s et les clients d\u00e9vou\u00e9s.<\/p>\n<ul>\n<li>Un th\u00e8me WordPress ax\u00e9 sur les entreprises polyvalents<\/li>\n<li>Design propre et professionnel<\/li>\n<li>Enti\u00e8rement personnalisable pour s&rsquo;adapter \u00e0 toute marque ou entreprise<\/li>\n<li>Plusieurs dispositions et sch\u00e9mas de couleurs pr\u00e9-con\u00e7us au choix<\/li>\n<li>Mobile r\u00e9actif pour une visualisation optimale sur n&rsquo;importe quel appareil<\/li>\n<li>Fonctionnalit\u00e9s int\u00e9gr\u00e9es pour pr\u00e9senter des produits, des services et des membres de l&rsquo;\u00e9quipe<\/li>\n<li>Int\u00e9gration facile avec des plugins populaires comme WooCommerce et le formulaire de contact 7<\/li>\n<li>Optimis\u00e9 pour la visibilit\u00e9 du moteur de recherche<\/li>\n<li>Excellent support client et mises \u00e0 jour r\u00e9guli\u00e8res<\/li>\n<li>Convient \u00e0 un large \u00e9ventail d&rsquo;industries, notamment la finance, le conseil et la technologie<\/li>\n<\/ul>\n","protected":false},"excerpt":{"rendered":"<p>Le th\u00e8me de l&rsquo;entreprise est un th\u00e8me WordPress exceptionnellement robuste et multiforme qui est exceptionnellement bien adapt\u00e9 \u00e0 la cr\u00e9ation de sites Web tr\u00e8s sophistiqu\u00e9s et contemporains qui s&rsquo;adressent \u00e0 un \u00e9ventail diversifi\u00e9 de secteurs d&rsquo;entreprise. Gr\u00e2ce \u00e0 sa conception immacul\u00e9e et rationalis\u00e9e, ainsi que sa vaste gamme d&rsquo;options personnalisables et d&rsquo;interface conviviale, le th\u00e8me de votre entreprise vous permet de pr\u00e9senter efficacement et \u00e9l\u00e9gamment votre identit\u00e9 de marque unique et vos offres de produits de grande envergure. Que vous op\u00e9riez comme une startup naissante, une agence tr\u00e8s cr\u00e9ative ou une soci\u00e9t\u00e9 bien \u00e9tablie, ce th\u00e8me vous fournit sans aucun doute toutes les caract\u00e9ristiques indispensables et fondamentales requises pour la cr\u00e9ation d&rsquo;une pr\u00e9sence en ligne impressionnante et visuellement \u00e9tonnante. Par cons\u00e9quent, si votre objectif ultime est de vous distinguer dans le paysage num\u00e9rique vaste et bond\u00e9, choisissez sans \u00e9quivoque le th\u00e8me de l&rsquo;entreprise afin de captiver et d&rsquo;\u00e9tonner vos clients exigeants avec l&rsquo;incarnation consomm\u00e9e et impeccablement polie d&rsquo;un site Web vraiment impeccable.<\/p>\n","protected":false},"featured_media":145484,"comment_status":"open","ping_status":"open","template":"","meta":[],"product_brand":[2528],"product_cat":[1516,1212,1213],"product_tag":[1281],"class_list":{"0":"post-120026","1":"product","2":"type-product","3":"status-publish","4":"has-post-thumbnail","6":"product_brand-greta-themes","7":"product_cat-entreprise","8":"product_cat-themes","9":"product_cat-wordpress-themes","10":"product_tag-greta-themes","11":"member-discount","12":"discount-restricted","14":"first","15":"instock","16":"sale","17":"downloadable","18":"virtual","19":"sold-individually","20":"purchasable","21":"product-type-simple"},"_links":{"self":[{"href":"https:\/\/gpl-love.com\/fr\/wp-json\/wp\/v2\/product\/120026","targetHints":{"allow":["GET"]}}],"collection":[{"href":"https:\/\/gpl-love.com\/fr\/wp-json\/wp\/v2\/product"}],"about":[{"href":"https:\/\/gpl-love.com\/fr\/wp-json\/wp\/v2\/types\/product"}],"replies":[{"embeddable":true,"href":"https:\/\/gpl-love.com\/fr\/wp-json\/wp\/v2\/comments?post=120026"}],"wp:featuredmedia":[{"embeddable":true,"href":"https:\/\/gpl-love.com\/fr\/wp-json\/wp\/v2\/media\/145484"}],"wp:attachment":[{"href":"https:\/\/gpl-love.com\/fr\/wp-json\/wp\/v2\/media?parent=120026"}],"wp:term":[{"taxonomy":"product_brand","embeddable":true,"href":"https:\/\/gpl-love.com\/fr\/wp-json\/wp\/v2\/product_brand?post=120026"},{"taxonomy":"product_cat","embeddable":true,"href":"https:\/\/gpl-love.com\/fr\/wp-json\/wp\/v2\/product_cat?post=120026"},{"taxonomy":"product_tag","embeddable":true,"href":"https:\/\/gpl-love.com\/fr\/wp-json\/wp\/v2\/product_tag?post=120026"}],"curies":[{"name":"wp","href":"https:\/\/api.w.org\/{rel}","templated":true}]}}