{"id":120024,"date":"2025-11-10T00:00:00","date_gmt":"2025-11-09T23:00:00","guid":{"rendered":"https:\/\/gpl-love.com\/fr\/produit\/jet-menu-for-elementor\/"},"modified":"2026-03-20T23:20:50","modified_gmt":"2026-03-20T22:20:50","slug":"jet-menu-for-elementor","status":"publish","type":"product","link":"https:\/\/gpl-love.com\/fr\/produit\/jet-menu-for-elementor\/","title":{"rendered":"Jet Menu For Elementor 2.4.17"},"content":{"rendered":"<h3>Jet Menu For Elementor Traits<\/h3>\n<p>Jet Menu pour Elementor est un outil extr\u00eamement puissant qui vous accorde la possibilit\u00e9 de fa\u00e7onner les menus sur mesure pour votre site Web. Ce plugin vous permet de concevoir et de coiffer sans effort vos menus, incorporant une myriade d&rsquo;effets et d&rsquo;animations pour \u00e9lever leur attrait visuel. Peu importe si vous d\u00e9sirez un menu d\u00e9roulant modeste ou un mega de m\u00e9ga grandiose, car Jet Menu comprend toutes les fonctionnalit\u00e9s n\u00e9cessaires pour construire un syst\u00e8me de navigation impeccable pour votre site Web. Arm\u00e9s d&rsquo;une interface intuitive et d&rsquo;attributs conviviaux, vous pouvez modeler rapidement et sans effort sans effort qui am\u00e9liorera l&rsquo;exp\u00e9rience utilisateur, offrant une aura de professionnalisme et de raffinement sur votre site Web. Essentiellement, le menu Jet pour Elementor est un actif indispensable qui ne devrait \u00eatre n\u00e9glig\u00e9 par aucun concepteur de site Web ou d\u00e9veloppeur aspirant \u00e0 \u00e9laborer des menus de haut niveau qui captiveront leurs visiteurs et favoriseront leur engagement continu.<\/p>\n<ul>\n<li>Builder de menu hautement personnalisable pour les sites Web WordPress aliment\u00e9s par Elementor<\/li>\n<li>Concevoir et cr\u00e9er de beaux menus sans aucune comp\u00e9tence de codage requise<\/li>\n<li>Plusieurs types de menu disponibles, y compris les menus verticaux, horizontaux, coulissants et m\u00e9ga<\/li>\n<li>Large gamme d&rsquo;options de style, y compris les polices, les couleurs, les ic\u00f4nes, les animations et plus encore<\/li>\n<li>D\u00e9finissez diff\u00e9rents \u00e9l\u00e9ments de menu Visibilit\u00e9 en fonction du r\u00f4le d&rsquo;utilisateur, du type de p\u00e9riph\u00e9rique et de l&#8217;emplacement<\/li>\n<li>Int\u00e9gre parfaitement les mod\u00e8les et les widgets Elementor Pro<\/li>\n<li>Enti\u00e8rement r\u00e9actif et adapt\u00e9 aux mobiles, garantir que votre menu a fi\u00e8re allure sur toutes les tailles d&rsquo;\u00e9cran<\/li>\n<li>Caract\u00e9ristiques des options avanc\u00e9es comme CSS personnalis\u00e9e, le chargement de l&rsquo;Ajax et les \u00e9l\u00e9ments de menu dynamique<\/li>\n<li>R\u00e9guli\u00e8rement mis \u00e0 jour et pris en charge, assurant une compatibilit\u00e9 avec les derni\u00e8res versions WordPress et Elementor<\/li>\n<li>Paiement unique avec des mises \u00e0 jour \u00e0 vie et une utilisation illimit\u00e9e du site Web.<\/li>\n<\/ul>\n","protected":false},"excerpt":{"rendered":"<p>Jet Menu pour Elementor est un plugin incroyablement puissant qui a \u00e9t\u00e9 m\u00e9ticuleusement con\u00e7u pour am\u00e9liorer consid\u00e9rablement le menu de navigation de votre site Web. Il offre une interface de glisser-d\u00e9poser remarquablement conviviale, vous permettant de fa\u00e7onner sans effort les menus personnalis\u00e9s qui pr\u00e9sentent du contenu dynamique, tels que des images captivantes, des ic\u00f4nes s\u00e9duisantes et des widgets engageants. Fournit une vaste gamme de mod\u00e8les et d&rsquo;animations pr\u00e9-con\u00e7us, ce plugin garantit que le processus de mode de mode d&rsquo;un menu impressionnant et d&rsquo;aspect professionnel pour votre site Web devient une brise absolue. De plus, ce qui distingue le menu de jet pour Elementor \u00e0 part est sa r\u00e9activit\u00e9 compl\u00e8te, garantissant que votre menu rayonnera l&rsquo;excellence et appara\u00eetra de mani\u00e8re exquise sur divers appareils, que ce soit des ordinateurs de bureau, des tablettes ou des appareils mobiles. Que vous vous lanciez dans un nouveau parcours de cr\u00e9ation de sites Web ou que vous visiez simplement \u00e0 revitaliser votre syst\u00e8me de navigation existant, le menu de jet tout compris pour Elementor appara\u00eet sans \u00e9quivoque comme la solution parfaite pour tous vos besoins.<\/p>\n","protected":false},"featured_media":144266,"comment_status":"open","ping_status":"open","template":"","meta":[],"product_brand":[2576],"product_cat":[1189,1181,1186],"product_tag":[2329],"class_list":{"0":"post-120024","1":"product","2":"type-product","3":"status-publish","4":"has-post-thumbnail","6":"product_brand-crocoblock","7":"product_cat-personnalisation","8":"product_cat-plugins","9":"product_cat-wordpress-plugins","10":"product_tag-crocoblock","11":"member-discount","12":"discount-restricted","14":"first","15":"instock","16":"sale","17":"downloadable","18":"virtual","19":"sold-individually","20":"purchasable","21":"product-type-simple"},"_links":{"self":[{"href":"https:\/\/gpl-love.com\/fr\/wp-json\/wp\/v2\/product\/120024","targetHints":{"allow":["GET"]}}],"collection":[{"href":"https:\/\/gpl-love.com\/fr\/wp-json\/wp\/v2\/product"}],"about":[{"href":"https:\/\/gpl-love.com\/fr\/wp-json\/wp\/v2\/types\/product"}],"replies":[{"embeddable":true,"href":"https:\/\/gpl-love.com\/fr\/wp-json\/wp\/v2\/comments?post=120024"}],"wp:featuredmedia":[{"embeddable":true,"href":"https:\/\/gpl-love.com\/fr\/wp-json\/wp\/v2\/media\/144266"}],"wp:attachment":[{"href":"https:\/\/gpl-love.com\/fr\/wp-json\/wp\/v2\/media?parent=120024"}],"wp:term":[{"taxonomy":"product_brand","embeddable":true,"href":"https:\/\/gpl-love.com\/fr\/wp-json\/wp\/v2\/product_brand?post=120024"},{"taxonomy":"product_cat","embeddable":true,"href":"https:\/\/gpl-love.com\/fr\/wp-json\/wp\/v2\/product_cat?post=120024"},{"taxonomy":"product_tag","embeddable":true,"href":"https:\/\/gpl-love.com\/fr\/wp-json\/wp\/v2\/product_tag?post=120024"}],"curies":[{"name":"wp","href":"https:\/\/api.w.org\/{rel}","templated":true}]}}