{"id":120022,"date":"2026-04-29T00:00:00","date_gmt":"2026-04-28T22:00:00","guid":{"rendered":"https:\/\/gpl-love.com\/fr\/produit\/jet-engine-for-elementor\/"},"modified":"2026-04-29T12:30:27","modified_gmt":"2026-04-29T10:30:27","slug":"jet-engine-for-elementor","status":"publish","type":"product","link":"https:\/\/gpl-love.com\/fr\/produit\/jet-engine-for-elementor\/","title":{"rendered":"Jet Engine For Elementor 3.8.8.2"},"content":{"rendered":"<h3>Jet Engine For Elementor Traits<\/h3>\n<p>Jet Engine for Elementor est un plugin incroyablement robuste qui amplifie consid\u00e9rablement la fonctionnalit\u00e9 du constructeur de page Elementor extr\u00eamement populaire. Ce plugin fournit aux utilisateurs une vaste gamme de fonctionnalit\u00e9s englobant des donn\u00e9es dynamiques, des types de messages personnalis\u00e9s et des champs personnalis\u00e9s, qui peuvent tous \u00eatre utilis\u00e9s de mani\u00e8re transparente pour construire des sites Web hautement personnalis\u00e9s avec la plus grande facilit\u00e9 et l&rsquo;efficacit\u00e9. En exploitant l&rsquo;immense puissance de Jet Engine, les individus peuvent fabriquer sans effort des formulaires de recherche avanc\u00e9s, int\u00e9grer de mani\u00e8re transparente les champs de produits WooCommerce personnalis\u00e9s, et m\u00eame concevoir des mod\u00e8les de publication sur mesure, impr\u00e9gnant ainsi leur contenu num\u00e9rique d&rsquo;une aura remarquablement distinctive et captivante. En outre, ce plugin poss\u00e8de \u00e9galement un constructeur de formulaires tr\u00e8s intuitif, accordant aux utilisateurs la possibilit\u00e9 d&rsquo;\u00e9laborer des formulaires tr\u00e8s personnalis\u00e9s, capables de servir des multiples fins, y compris, mais sans s&rsquo;y limiter, les inscriptions, les formulaires de contact, et bien plus encore. Essentiellement, Jet Engine for Elementor assume un r\u00f4le indispensable en tant qu&rsquo;instrument inestimable pour quiconque s&rsquo;efforce s\u00e9rieusement d&rsquo;\u00e9lever la conception et la fonctionnalit\u00e9 de leur site Web \u00e0 des sommets d&rsquo;excellence et de sophistication sans pr\u00e9c\u00e9dent.<\/p>\n<ul>\n<li>Permet aux utilisateurs d&rsquo;Elementor de concevoir et de personnaliser les sections et pages li\u00e9es au moteur \u00e0 r\u00e9action<\/li>\n<li>Livr\u00e9 avec une biblioth\u00e8que de mod\u00e8les et de widgets pr\u00e9-con\u00e7us pour une construction de pages faciles et rapide<\/li>\n<li>Interface glisser-d\u00e9poser intuitive pour la conception sans tracas<\/li>\n<li>Enti\u00e8rement r\u00e9actif et pr\u00eat pour la r\u00e9tine, garantissant que les conceptions sont superbes sur n&rsquo;importe quel appareil<\/li>\n<li>Compatible avec la plupart des principaux plugins et th\u00e8mes WordPress<\/li>\n<li>Fournit des options de personnalisation avanc\u00e9es, permettant aux utilisateurs d&rsquo;ajuster divers \u00e9l\u00e9ments et param\u00e8tres de conception<\/li>\n<li>Gave du temps et des efforts, \u00e9liminant le besoin de codage des connaissances ou de l&rsquo;expertise technique<\/li>\n<li>Offre des performances fiables et s\u00e9curis\u00e9es, garantissant que les conceptions se chargent rapidement et en douceur<\/li>\n<li>R\u00e9guli\u00e8rement mis \u00e0 jour avec de nouvelles fonctionnalit\u00e9s et am\u00e9liorations en fonction des commentaires et des demandes des utilisateurs<\/li>\n<li>Livr\u00e9 avec un support et des ressources d\u00e9di\u00e9s aux utilisateurs pour tirer le meilleur parti du plugin.<\/li>\n<\/ul>\n","protected":false},"excerpt":{"rendered":"<p>La conception de sites Web dynamiques et interactifs est devenu beaucoup plus pratique avec l&rsquo;av\u00e8nement du plugin d&rsquo;entr\u00e9e en moteur \u00e0 jet pour Elementor. Ce plugin exceptionnellement robuste poss\u00e8de une interface extr\u00eamement conviviale et une vaste collection de widgets, permettant aux utilisateurs de construire sans effort des pages de destination visuellement captivantes, des portefeuilles et des magasins en ligne en quelques minutes. Que vous ayez des comp\u00e9tences de d\u00e9veloppement novice ou avanc\u00e9es, le moteur \u00e0 r\u00e9action d&rsquo;entr\u00e9e sert sans \u00e9quivoque d&rsquo;instrument par excellence pour augmenter vos comp\u00e9tences de conception \u00e0 des hauteurs sans pr\u00e9c\u00e9dent.<\/p>\n","protected":false},"featured_media":144265,"comment_status":"open","ping_status":"open","template":"","meta":[],"product_brand":[2576],"product_cat":[1189,1181,1186],"product_tag":[2329],"class_list":{"0":"post-120022","1":"product","2":"type-product","3":"status-publish","4":"has-post-thumbnail","6":"product_brand-crocoblock","7":"product_cat-personnalisation","8":"product_cat-plugins","9":"product_cat-wordpress-plugins","10":"product_tag-crocoblock","11":"member-discount","12":"discount-restricted","14":"first","15":"instock","16":"sale","17":"downloadable","18":"virtual","19":"sold-individually","20":"purchasable","21":"product-type-simple"},"_links":{"self":[{"href":"https:\/\/gpl-love.com\/fr\/wp-json\/wp\/v2\/product\/120022","targetHints":{"allow":["GET"]}}],"collection":[{"href":"https:\/\/gpl-love.com\/fr\/wp-json\/wp\/v2\/product"}],"about":[{"href":"https:\/\/gpl-love.com\/fr\/wp-json\/wp\/v2\/types\/product"}],"replies":[{"embeddable":true,"href":"https:\/\/gpl-love.com\/fr\/wp-json\/wp\/v2\/comments?post=120022"}],"wp:featuredmedia":[{"embeddable":true,"href":"https:\/\/gpl-love.com\/fr\/wp-json\/wp\/v2\/media\/144265"}],"wp:attachment":[{"href":"https:\/\/gpl-love.com\/fr\/wp-json\/wp\/v2\/media?parent=120022"}],"wp:term":[{"taxonomy":"product_brand","embeddable":true,"href":"https:\/\/gpl-love.com\/fr\/wp-json\/wp\/v2\/product_brand?post=120022"},{"taxonomy":"product_cat","embeddable":true,"href":"https:\/\/gpl-love.com\/fr\/wp-json\/wp\/v2\/product_cat?post=120022"},{"taxonomy":"product_tag","embeddable":true,"href":"https:\/\/gpl-love.com\/fr\/wp-json\/wp\/v2\/product_tag?post=120022"}],"curies":[{"name":"wp","href":"https:\/\/api.w.org\/{rel}","templated":true}]}}