{"id":120020,"date":"2026-01-10T00:00:00","date_gmt":"2026-01-09T23:00:00","guid":{"rendered":"https:\/\/gpl-love.com\/fr\/produit\/jet-blog-best-blog-plugin-pour-elementor\/"},"modified":"2026-03-20T23:20:45","modified_gmt":"2026-03-20T22:20:45","slug":"jet-blog-best-blog-plugin-pour-elementor","status":"publish","type":"product","link":"https:\/\/gpl-love.com\/fr\/produit\/jet-blog-best-blog-plugin-pour-elementor\/","title":{"rendered":"Jet Blog Best Blog Plugin pour Elementor 2.4.8"},"content":{"rendered":"<h3>Jet Blog Best Blog Plugin pour Elementor Traits<\/h3>\n<p>Jet Blog est un plugin de blog hautement recommand\u00e9 qui est sp\u00e9cialement con\u00e7u pour les utilisateurs d&rsquo;Elementor qui sont \u00e0 la recherche d&rsquo;un outil remarquable et efficace pour cr\u00e9er des pages de blogs visuellement captivantes et hautement fonctionnelles. Ce plugin incroyablement polyvalent offre une large gamme d&rsquo;options de widgets, accordant ainsi aux blogueurs la libert\u00e9 de personnaliser leurs pages en fonction de leurs propres pr\u00e9f\u00e9rences et sp\u00e9cifications uniques. De plus, ce plugin poss\u00e8de un syst\u00e8me de disposition intelligent de pointe qui garantit la plus grande r\u00e9activit\u00e9 des pages de blog, garantissant qu&rsquo;ils apparaissent parfaitement sur tout type d&rsquo;appareil ou d&rsquo;\u00e9cran. En outre, les utilisateurs de Jet Blog peuvent \u00e9galement profiter des avantages de ses options de style avanc\u00e9es, qui englobent une gamme de typographie et de param\u00e8tres de couleur personnalisables, permettant ainsi une int\u00e9gration et une harmonie transparentes avec toute esth\u00e9tique souhait\u00e9e. En utilisant le blog de jet, les blogueurs peuvent cr\u00e9er sans effort des pages de blog captivantes et engageantes qui saisissent efficacement l&rsquo;attention de leur public et maintiennent leur implication active tout au long de leur exp\u00e9rience en ligne.<\/p>\n<ul>\n<li>Maximisez le potentiel de votre blog avec le plugin de blog Jet pour Elementor<\/li>\n<li>Profitez de fonctionnalit\u00e9s riches comme plusieurs mises en page, des filtres intelligents et des widgets puissants<\/li>\n<li>Cr\u00e9er des blogs superbes et dynamiques avec facilit\u00e9 \u00e0 l&rsquo;aide d&rsquo;une interface glisser-d\u00e9poser<\/li>\n<li>Acc\u00e9dez \u00e0 une vari\u00e9t\u00e9 de mod\u00e8les pr\u00e9-con\u00e7us pour acc\u00e9l\u00e9rer votre workflow<\/li>\n<li>Optimisez votre blog pour le r\u00e9f\u00e9rencement avec un balisage de sch\u00e9ma int\u00e9gr\u00e9 et des m\u00e9tadonn\u00e9es personnalisables<\/li>\n<li>Gardez les lecteurs engag\u00e9s avec des articles connexes et des options de partage des m\u00e9dias sociaux<\/li>\n<li>Personnalisez tous les aspects de votre blog, de la taille de la police \u00e0 la palette de couleurs<\/li>\n<li>Obtenez un support rapide et fiable et des mises \u00e0 jour de l&rsquo;\u00e9quipe derri\u00e8re le plugin<\/li>\n<li>Augmentez la cr\u00e9dibilit\u00e9 et la valeur de votre site Web avec un blog d&rsquo;apparence professionnelle<\/li>\n<\/ul>\n","protected":false},"excerpt":{"rendered":"<p>Jet Blog, qui est largement consid\u00e9r\u00e9 comme le plugin de blog de premier ordre pour Elementor, se d\u00e9marque en raison de sa gamme compl\u00e8te de widgets robustes et d&rsquo;outils conviviaux qui permettent aux utilisateurs d&rsquo;\u00e9laborer sans effort des articles de blog dynamiques et r\u00e9actifs. En employant un blog \u00e0 Jet, les individus sont autoris\u00e9s \u00e0 g\u00e9n\u00e9rer sans effort des types de publiques personnalis\u00e9s, afficher sans effort leur contenu dans des formats polis et esth\u00e9tiquement agr\u00e9ables, ainsi que de tirer parti des fonctionnalit\u00e9s avanc\u00e9es telles que le filtrage post-filtrage, la pagination et un \u00e9ventail d&rsquo;autres fonctionnalit\u00e9s de pointe. Que l&rsquo;on soit un blogueur exp\u00e9riment\u00e9 ou un novice qui se lance dans son parcours de blogs, Jet Blog appara\u00eet comme la solution id\u00e9ale pour organiser une exp\u00e9rience de blog professionnelle et captivante dans le cadre Elementor.<\/p>\n","protected":false},"featured_media":144261,"comment_status":"open","ping_status":"open","template":"","meta":[],"product_brand":[2576],"product_cat":[1189,1181,1186],"product_tag":[2329],"class_list":{"0":"post-120020","1":"product","2":"type-product","3":"status-publish","4":"has-post-thumbnail","6":"product_brand-crocoblock","7":"product_cat-personnalisation","8":"product_cat-plugins","9":"product_cat-wordpress-plugins","10":"product_tag-crocoblock","11":"member-discount","12":"discount-restricted","14":"first","15":"instock","16":"sale","17":"downloadable","18":"virtual","19":"sold-individually","20":"purchasable","21":"product-type-simple"},"_links":{"self":[{"href":"https:\/\/gpl-love.com\/fr\/wp-json\/wp\/v2\/product\/120020","targetHints":{"allow":["GET"]}}],"collection":[{"href":"https:\/\/gpl-love.com\/fr\/wp-json\/wp\/v2\/product"}],"about":[{"href":"https:\/\/gpl-love.com\/fr\/wp-json\/wp\/v2\/types\/product"}],"replies":[{"embeddable":true,"href":"https:\/\/gpl-love.com\/fr\/wp-json\/wp\/v2\/comments?post=120020"}],"wp:featuredmedia":[{"embeddable":true,"href":"https:\/\/gpl-love.com\/fr\/wp-json\/wp\/v2\/media\/144261"}],"wp:attachment":[{"href":"https:\/\/gpl-love.com\/fr\/wp-json\/wp\/v2\/media?parent=120020"}],"wp:term":[{"taxonomy":"product_brand","embeddable":true,"href":"https:\/\/gpl-love.com\/fr\/wp-json\/wp\/v2\/product_brand?post=120020"},{"taxonomy":"product_cat","embeddable":true,"href":"https:\/\/gpl-love.com\/fr\/wp-json\/wp\/v2\/product_cat?post=120020"},{"taxonomy":"product_tag","embeddable":true,"href":"https:\/\/gpl-love.com\/fr\/wp-json\/wp\/v2\/product_tag?post=120020"}],"curies":[{"name":"wp","href":"https:\/\/api.w.org\/{rel}","templated":true}]}}