{"id":120018,"date":"2025-06-03T00:00:00","date_gmt":"2025-06-02T22:00:00","guid":{"rendered":"https:\/\/gpl-love.com\/fr\/produit\/instagram-feed-pro\/"},"modified":"2026-03-20T23:20:21","modified_gmt":"2026-03-20T22:20:21","slug":"instagram-feed-pro","status":"publish","type":"product","link":"https:\/\/gpl-love.com\/fr\/produit\/instagram-feed-pro\/","title":{"rendered":"Custom Instagram Feeds Pro 6.8.1"},"content":{"rendered":"<h3>Custom Instagram Feeds Pro Traits<\/h3>\n<p>Instagram Feeds Pro personnalis\u00e9, un outil incroyablement robuste et formidable, accorde aux utilisateurs la capacit\u00e9 extraordinaire pour pr\u00e9senter sans effort leurs flux Instagram sur leurs sites Web. Son vaste \u00e9ventail d&rsquo;options de personnalisation incite les utilisateurs \u00e0 la possibilit\u00e9 de modeler des flux qui sont vraiment uniques et visuellement captivants, se m\u00e9langeant harmonieusement avec l&rsquo;esth\u00e9tique de conception globale de leurs sites Web. Dans le domaine de Instagram Feeds Pro personnalis\u00e9, les utilisateurs ont le luxe de s\u00e9lectionner parmi une multitude d&rsquo;options de mise en page, de personnaliser facilement le sch\u00e9ma de couleurs et la typographie en fonction de leurs pr\u00e9f\u00e9rences, et m\u00eame d&rsquo;avoir le pouvoir de g\u00e9rer s\u00e9lectivement des publications ou des hashtags sp\u00e9cifiques si vous le souhaitez. Cet outil in\u00e9gal\u00e9 change de jeu absolu pour les entreprises, les blogueurs et les individus qui aspirent \u00e0 int\u00e9grer de mani\u00e8re transparente leur contenu Instagram dans leur pr\u00e9sence en ligne. La pure facilit\u00e9 d&rsquo;utilisation, la flexibilit\u00e9 remarquable et les r\u00e9sultats impressionnants fournis par Instagram Feeds Pro personnalis\u00e9s sont tenus d&rsquo;\u00e9lever tout site Web \u00e0 des niveaux d&rsquo;excellence et de distinction sans pr\u00e9c\u00e9dent.<\/p>\n<ul>\n<li>Cr\u00e9ez de beaux flux Instagram hautement personnalisables pour votre site Web ou votre application<\/li>\n<li>Int\u00e9grez facilement votre contenu Instagram sur n&rsquo;importe quelle plate-forme avec nos vastes API et Otils de d\u00e9veloppeur<\/li>\n<li>Des options de conception personnalisables vous permettent de faire correspondre votre flux \u00e0 votre image de marque et \u00e0 votre site Web esth\u00e9tique<\/li>\n<li>Les options de filtrage avanc\u00e9 vous permettent de g\u00e9rer le contenu qui appara\u00eet dans votre flux en fonction des hashtags, des comptes d&rsquo;utilisateurs et plus<\/li>\n<li>Afficher les messages individuels ou les flux entiers et personnaliser le nombre de messages affich\u00e9s<\/li>\n<li>La conception r\u00e9active garantit que votre flux Instagram a fi\u00e8re allure sur n&rsquo;importe quel appareil ou taille d&rsquo;\u00e9cran<\/li>\n<li>Int\u00e9gration transparente avec des plates-formes CMS populaires comme WordPress et Drupal, ainsi que des plates-formes de commerce \u00e9lectronique comme Shopify<\/li>\n<li>Obtenez des mises \u00e0 jour en temps r\u00e9el et un soutien en direct de notre \u00e9quipe d&rsquo;experts pour vous assurer que votre flux Instagram est toujours \u00e0 jour et fonctionne en douceur<\/li>\n<\/ul>\n","protected":false},"excerpt":{"rendered":"<p>Custom Instagram Feeds Pro est un outil incroyablement robuste et tr\u00e8s efficace qui vous permet de fabriquer sans effort et de mani\u00e8re transparente des flux Instagram sur mesure qui sont parfaitement adapt\u00e9s \u00e0 votre site Web ou \u00e0 votre application. Ce plugin exceptionnel vous donne la possibilit\u00e9 de pr\u00e9senter du contenu Instagram \u00e0 partir de n&rsquo;importe quel compte ou hashtag d&rsquo;une mani\u00e8re tout \u00e0 fait personnalisable et personnalis\u00e9e. En vous profitant d&rsquo;une myriade d&rsquo;options englobant la mise en page, le style et l&rsquo;affichage, vous poss\u00e9dez les moyens de fa\u00e7onner de fa\u00e7on experte un flux Instagram extr\u00eamement captivant et arrestant visuellement qui s&rsquo;harmonise parfaitement avec l&rsquo;esth\u00e9tique unique de votre marque. Regardless of whether you aspire to showcase your own Instagram content or meticulously curate a feed teeming with captivating user-generated content, rest assured that Custom Instagram Feeds Pro contains an exhaustive array of indispensable features and resources, thereby enabling you to effortlessly fashion an extraordinary and Affichage Instagram tr\u00e8s percutant.<\/p>\n","protected":false},"featured_media":144233,"comment_status":"open","ping_status":"open","template":"","meta":[],"product_brand":[2500],"product_cat":[1207,1181,1186],"product_tag":[1349],"class_list":{"0":"post-120018","1":"product","2":"type-product","3":"status-publish","4":"has-post-thumbnail","6":"product_brand-smashballoon","7":"product_cat-commercialisation-wordpress-plugins","8":"product_cat-plugins","9":"product_cat-wordpress-plugins","10":"product_tag-smashballoon","11":"member-discount","12":"discount-restricted","14":"first","15":"instock","16":"sale","17":"downloadable","18":"virtual","19":"sold-individually","20":"purchasable","21":"product-type-simple"},"_links":{"self":[{"href":"https:\/\/gpl-love.com\/fr\/wp-json\/wp\/v2\/product\/120018","targetHints":{"allow":["GET"]}}],"collection":[{"href":"https:\/\/gpl-love.com\/fr\/wp-json\/wp\/v2\/product"}],"about":[{"href":"https:\/\/gpl-love.com\/fr\/wp-json\/wp\/v2\/types\/product"}],"replies":[{"embeddable":true,"href":"https:\/\/gpl-love.com\/fr\/wp-json\/wp\/v2\/comments?post=120018"}],"wp:featuredmedia":[{"embeddable":true,"href":"https:\/\/gpl-love.com\/fr\/wp-json\/wp\/v2\/media\/144233"}],"wp:attachment":[{"href":"https:\/\/gpl-love.com\/fr\/wp-json\/wp\/v2\/media?parent=120018"}],"wp:term":[{"taxonomy":"product_brand","embeddable":true,"href":"https:\/\/gpl-love.com\/fr\/wp-json\/wp\/v2\/product_brand?post=120018"},{"taxonomy":"product_cat","embeddable":true,"href":"https:\/\/gpl-love.com\/fr\/wp-json\/wp\/v2\/product_cat?post=120018"},{"taxonomy":"product_tag","embeddable":true,"href":"https:\/\/gpl-love.com\/fr\/wp-json\/wp\/v2\/product_tag?post=120018"}],"curies":[{"name":"wp","href":"https:\/\/api.w.org\/{rel}","templated":true}]}}