{"id":120016,"date":"2025-11-02T00:00:00","date_gmt":"2025-11-01T23:00:00","guid":{"rendered":"https:\/\/gpl-love.com\/fr\/produit\/impreza-multipurpose-wordpress-theme\/"},"modified":"2026-03-20T23:20:13","modified_gmt":"2026-03-20T22:20:13","slug":"impreza-multipurpose-wordpress-theme","status":"publish","type":"product","link":"https:\/\/gpl-love.com\/fr\/produit\/impreza-multipurpose-wordpress-theme\/","title":{"rendered":"Impreza MultiPurpose WordPress Theme 8.40.1"},"content":{"rendered":"<h3>Impreza MultiPurpose WordPress Theme Traits<\/h3>\n<p>Le th\u00e8me WordPress polyvalent Impreza offre une polyvalence et une flexibilit\u00e9, ce qui en fait une solution id\u00e9ale pour un large \u00e9ventail de besoins de site Web. Sa conception est \u00e0 la fois propre et moderne, ce qui le rend adapt\u00e9 aux entreprises commerciales, aux agences de cr\u00e9ation et aux blogs personnels. Ce qui distingue ce th\u00e8me, c&rsquo;est son \u00e9ventail diversifi\u00e9 de d\u00e9mos et de mod\u00e8les pr\u00e9fabriqu\u00e9s, qui peuvent tous \u00eatre personnalis\u00e9s sans effort pour s&rsquo;aligner sur votre marque ou votre message unique. De plus, le th\u00e8me est \u00e9quip\u00e9 d&rsquo;un puissant constructeur de glisser-d\u00e9poser, ce qui vous permet de fabriquer sans effort des pages et des dispositions captivantes visuellement. Notamment, Impreza priorise la vitesse et les performances, garantissant un fonctionnement transparent et efficace de votre site Web. De plus, il est enti\u00e8rement r\u00e9actif, garantissant un attrait visuel impeccable sur tout appareil. Tout bien consid\u00e9r\u00e9, le th\u00e8me WordPress polyvalent Impreza est un choix exceptionnel pour ceux qui recherchent une solution de site Web fiable, personnalisable et professionnelle.<\/p>\n<ul>\n<li>Th\u00e8me WordPress polyvalent con\u00e7u pour la flexibilit\u00e9 et la polyvalence<\/li>\n<li>Construit en utilisant les derni\u00e8res technologies WordPress<\/li>\n<li>Comprend plus de 20 variations de page d&rsquo;accueil au choix<\/li>\n<li>Compatible avec les plugins WordPress populaires comme WooCommerce et le formulaire de contact 7<\/li>\n<li>Disposition enti\u00e8rement r\u00e9active et conception de la r\u00e9tine pr\u00eate \u00e0 la r\u00e9tine<\/li>\n<li>Livr\u00e9 avec plus de 100 \u00e9l\u00e9ments de g\u00e9n\u00e9rateur de pages personnalis\u00e9s pour une personnalisation facile<\/li>\n<li>Panneau d&rsquo;options de th\u00e8me puissant pour un contr\u00f4le complet sur votre site<\/li>\n<li>Importation de d\u00e9monstration en 1 clic pour configurer votre site rapidement et facilement<\/li>\n<li>Traduction pr\u00eate et prend en charge les langues RTL<\/li>\n<li>Mises \u00e0 jour r\u00e9guli\u00e8res et support client gratuit inclus.<\/li>\n<\/ul>\n","protected":false},"excerpt":{"rendered":"<p>Transformez votre site Web en une plate-forme en ligne hautement fonctionnelle et visuellement attrayante en tirant parti de l&rsquo;incroyable th\u00e8me WordPress multipurpose Impreza. Ce th\u00e8me exceptionnel a \u00e9t\u00e9 m\u00e9ticuleusement con\u00e7u pour offrir une flexibilit\u00e9 in\u00e9gal\u00e9e, r\u00e9pondant \u00e0 un large \u00e9ventail de besoins et d&rsquo;exigences. Que vous soyez un entrepreneur, un blogueur ou un propri\u00e9taire d&rsquo;entreprise, ce th\u00e8me est la solution personnalisable ultime pour vous. Sa vaste collection de d\u00e9mos pr\u00e9-con\u00e7ues, combin\u00e9es \u00e0 un constructeur de pages de glisser-d\u00e9poser intuitif et \u00e0 une vaste gamme d&rsquo;options pour affiner la disposition, la typographie et le sch\u00e9ma de couleurs, vous permet de fa\u00e7onner sans effort votre site Web pour incarner votre marque personnalit\u00e9 unique. De plus, le th\u00e8me WordPress multipurpose Impreza est \u00e9quip\u00e9 d&rsquo;une suite impressionnante de fonctionnalit\u00e9s, y compris une int\u00e9gration transparente avec WooCommerce, une optimisation SEO impeccable et une r\u00e9activit\u00e9 sans faille dans tous les appareils. En investissant dans ce th\u00e8me remarquable aujourd&rsquo;hui, vous pouvez \u00e9lever votre site Web \u00e0 des hauteurs sans pr\u00e9c\u00e9dent et assurer une exp\u00e9rience utilisateur impeccable pour votre public.<\/p>\n","protected":false},"featured_media":144223,"comment_status":"open","ping_status":"open","template":"","meta":[],"product_brand":[2433],"product_cat":[1214,1212,1213],"product_tag":[1366],"class_list":{"0":"post-120016","1":"product","2":"type-product","3":"status-publish","4":"has-post-thumbnail","6":"product_brand-themeforest","7":"product_cat-polyvalent","8":"product_cat-themes","9":"product_cat-wordpress-themes","10":"product_tag-themeforest","11":"member-discount","12":"discount-restricted","14":"first","15":"instock","16":"sale","17":"downloadable","18":"virtual","19":"sold-individually","20":"purchasable","21":"product-type-simple"},"_links":{"self":[{"href":"https:\/\/gpl-love.com\/fr\/wp-json\/wp\/v2\/product\/120016","targetHints":{"allow":["GET"]}}],"collection":[{"href":"https:\/\/gpl-love.com\/fr\/wp-json\/wp\/v2\/product"}],"about":[{"href":"https:\/\/gpl-love.com\/fr\/wp-json\/wp\/v2\/types\/product"}],"replies":[{"embeddable":true,"href":"https:\/\/gpl-love.com\/fr\/wp-json\/wp\/v2\/comments?post=120016"}],"wp:featuredmedia":[{"embeddable":true,"href":"https:\/\/gpl-love.com\/fr\/wp-json\/wp\/v2\/media\/144223"}],"wp:attachment":[{"href":"https:\/\/gpl-love.com\/fr\/wp-json\/wp\/v2\/media?parent=120016"}],"wp:term":[{"taxonomy":"product_brand","embeddable":true,"href":"https:\/\/gpl-love.com\/fr\/wp-json\/wp\/v2\/product_brand?post=120016"},{"taxonomy":"product_cat","embeddable":true,"href":"https:\/\/gpl-love.com\/fr\/wp-json\/wp\/v2\/product_cat?post=120016"},{"taxonomy":"product_tag","embeddable":true,"href":"https:\/\/gpl-love.com\/fr\/wp-json\/wp\/v2\/product_tag?post=120016"}],"curies":[{"name":"wp","href":"https:\/\/api.w.org\/{rel}","templated":true}]}}