{"id":120014,"date":"2022-07-21T00:00:00","date_gmt":"2022-07-20T22:00:00","guid":{"rendered":"https:\/\/gpl-love.com\/fr\/produit\/ibid-multi-vendor-auctions-woocommerce-theme\/"},"modified":"2026-03-20T23:20:03","modified_gmt":"2026-03-20T22:20:03","slug":"ibid-multi-vendor-auctions-woocommerce-theme","status":"publish","type":"product","link":"https:\/\/gpl-love.com\/fr\/produit\/ibid-multi-vendor-auctions-woocommerce-theme\/","title":{"rendered":"iBid Multi Vendor Auctions WooCommerce Theme 3.5.5"},"content":{"rendered":"<h3>iBid Multi Vendor Auctions WooCommerce Theme Traits<\/h3>\n<p>Id\u00e9al pour les propri\u00e9taires de march\u00e9 en ligne cherchant \u00e0 \u00e9tablir une plate-forme de commerce \u00e9lectronique captivante et dynamique, le th\u00e8me des ench\u00e8res multi-vendeurs ibid \u00e9mettait une solution polyvalente et puissante. \u00c9quip\u00e9e d&rsquo;une interface intuitive et d&rsquo;un vaste \u00e9ventail de fonctionnalit\u00e9s, ce th\u00e8me permet aux fournisseurs, leur permettant de vendre sans effort leurs produits via un syst\u00e8me d&rsquo;ench\u00e8res comp\u00e9titif, accordant ainsi aux acheteurs la possibilit\u00e9 de participer \u00e0 des ench\u00e8res en temps r\u00e9el pour divers articles. En outre, ce th\u00e8me poss\u00e8de une r\u00e9activit\u00e9 compl\u00e8te et pr\u00e9sente aux utilisateurs une pl\u00e9thore d&rsquo;options personnalisables, englobant les param\u00e8tres avanc\u00e9s li\u00e9s aux ench\u00e8res, les passerelles de paiement, l&rsquo;exp\u00e9dition, etc. Peu importe que vous vous efforcez d&rsquo;inaugurer un nouveau site de vente aux ench\u00e8res ou d&rsquo;am\u00e9liorer un site existant, soyez assur\u00e9 que le th\u00e8me WooCommerce des ench\u00e8res multi-fournisseurs ibid sera le choix par excellence pour vos besoins commerciaux.<\/p>\n<ul>\n<li>Th\u00e8me enti\u00e8rement personnalisable pour h\u00e9berger des ench\u00e8res multi-vendeurs sur votre site woocommerce<\/li>\n<li>Un nombre illimit\u00e9 de fournisseurs peut participer et r\u00e9pertorier leurs produits pour les ench\u00e8res<\/li>\n<li>Plusieurs options d&rsquo;appel d&rsquo;offres disponibles, y compris les ench\u00e8res scell\u00e9es, ouvertes et incr\u00e9mentielles<\/li>\n<li>La fonction d&rsquo;ench\u00e8res en direct permet aux acheteurs de soumissionner en temps r\u00e9el et de visualiser les offres actuelles et l&rsquo;\u00e9tat d&rsquo;ench\u00e8res<\/li>\n<li>La fonction d&rsquo;appel d&rsquo;offres automatique permet aux acheteurs de d\u00e9finir une offre maximale et le syst\u00e8me continuera \u00e0 soumissionner en leur nom jusqu&rsquo;\u00e0 ce que le maximum soit atteint<\/li>\n<li>Syst\u00e8me de commission pour les propri\u00e9taires de sites pour facturer des frais de pourcentage de chaque vente aux ench\u00e8res r\u00e9ussie<\/li>\n<li>Interface conviviale et conception r\u00e9active pour une visualisation optimale sur tous les appareils<\/li>\n<li>Int\u00e9gration avec des passerelles de paiement populaires pour les transactions s\u00e9curis\u00e9es et transparentes<\/li>\n<li>Option pour que les fournisseurs personnalisent leurs pages de magasin et pr\u00e9sentent leur identit\u00e9 de marque<\/li>\n<li>Documentation compl\u00e8te et support inclus pour une configuration et une utilisation faciles<\/li>\n<\/ul>\n","protected":false},"excerpt":{"rendered":"<p>Le th\u00e8me WooCommerce Ibid Multi Vendor est un th\u00e8me incroyablement robuste et adaptable qui a \u00e9t\u00e9 m\u00e9ticuleusement con\u00e7u pour vous aider \u00e0 construire un march\u00e9 en ligne florissant. B\u00e9n\u00e9ficiant d&rsquo;un design \u00e9l\u00e9gant et contemporain, de capacit\u00e9s d&rsquo;ench\u00e8res de pointe et d&rsquo;une int\u00e9gration sans faille avec WooCommerce, Ibid est sans aucun doute le rythme ultime pour les personnes cherchant \u00e0 forger une plate-forme de commerce \u00e9lectronique engageante et supr\u00eamement efficace. Que vous vous lanciez dans la cr\u00e9ation de votre propre entreprise de vente aux ench\u00e8res virtuelle ou que vous ayez envie d&rsquo;une solution globale pour nourrir votre march\u00e9 en ligne pr\u00e9existant, ibid englobe toutes les composantes vitales n\u00e9cessaires au triomphe. Par cons\u00e9quent, pourquoi retarder davantage? Immenez votre voyage aujourd&rsquo;hui et commencez \u00e0 \u00eatre t\u00e9moin de la fruit de vos aspirations de longue date!<\/p>\n","protected":false},"featured_media":144212,"comment_status":"open","ping_status":"open","template":"","meta":[],"product_brand":[2433],"product_cat":[1238,1851,1212],"product_tag":[1366],"class_list":{"0":"post-120014","1":"product","2":"type-product","3":"status-publish","4":"has-post-thumbnail","6":"product_brand-themeforest","7":"product_cat-commerce-electronique-themes","8":"product_cat-entreprise-commerce-electronique-themes","9":"product_cat-themes","10":"product_tag-themeforest","11":"member-discount","12":"discount-restricted","14":"first","15":"instock","16":"sale","17":"downloadable","18":"virtual","19":"sold-individually","20":"purchasable","21":"product-type-simple"},"_links":{"self":[{"href":"https:\/\/gpl-love.com\/fr\/wp-json\/wp\/v2\/product\/120014","targetHints":{"allow":["GET"]}}],"collection":[{"href":"https:\/\/gpl-love.com\/fr\/wp-json\/wp\/v2\/product"}],"about":[{"href":"https:\/\/gpl-love.com\/fr\/wp-json\/wp\/v2\/types\/product"}],"replies":[{"embeddable":true,"href":"https:\/\/gpl-love.com\/fr\/wp-json\/wp\/v2\/comments?post=120014"}],"wp:featuredmedia":[{"embeddable":true,"href":"https:\/\/gpl-love.com\/fr\/wp-json\/wp\/v2\/media\/144212"}],"wp:attachment":[{"href":"https:\/\/gpl-love.com\/fr\/wp-json\/wp\/v2\/media?parent=120014"}],"wp:term":[{"taxonomy":"product_brand","embeddable":true,"href":"https:\/\/gpl-love.com\/fr\/wp-json\/wp\/v2\/product_brand?post=120014"},{"taxonomy":"product_cat","embeddable":true,"href":"https:\/\/gpl-love.com\/fr\/wp-json\/wp\/v2\/product_cat?post=120014"},{"taxonomy":"product_tag","embeddable":true,"href":"https:\/\/gpl-love.com\/fr\/wp-json\/wp\/v2\/product_tag?post=120014"}],"curies":[{"name":"wp","href":"https:\/\/api.w.org\/{rel}","templated":true}]}}