{"id":120013,"date":"2025-05-21T00:00:00","date_gmt":"2025-05-20T22:00:00","guid":{"rendered":"https:\/\/gpl-love.com\/fr\/produit\/happy-forms-pro-drag-et-drop-contact-form-builder\/"},"modified":"2026-04-02T12:30:25","modified_gmt":"2026-04-02T10:30:25","slug":"happy-forms-pro-drag-et-drop-contact-form-builder","status":"publish","type":"product","link":"https:\/\/gpl-love.com\/fr\/produit\/happy-forms-pro-drag-et-drop-contact-form-builder\/","title":{"rendered":"Happyforms Pro Form Builder 1.38.9"},"content":{"rendered":"<h3>Happyforms Pro Form Builder Traits<\/h3>\n<p>Happy Forms Pro Form Builder est une application logicielle tr\u00e8s efficace et conviviale qui offre aux utilisateurs la possibilit\u00e9 de g\u00e9n\u00e9rer sans effort des formulaires personnalis\u00e9s pour leur site Web. En offrant une gamme diversifi\u00e9e de mod\u00e8les pr\u00e9\u00e9tablis et d&rsquo;alternatives de conception, les individus peuvent g\u00e9n\u00e9rer rapidement des formulaires qui sont adapt\u00e9s pour r\u00e9pondre \u00e0 leurs besoins sp\u00e9cifiques. L&rsquo;inclusion d&rsquo;une interface de glisser-d\u00e9poser simplifie le processus d&rsquo;ajout de champs et de modification de la disposition du formulaire, tandis que l&rsquo;incorporation de fonctionnalit\u00e9s et d&rsquo;int\u00e9gations avanc\u00e9es ouvre des perspectives sans fin pour la collecte et l&rsquo;analyse des donn\u00e9es. Par cons\u00e9quent, Happy Forms Pro Form Builder repr\u00e9sente la r\u00e9solution ultime pour les personnes cherchant \u00e0 optimiser leur proc\u00e9dure de cr\u00e9ation de formulaire et \u00e0 am\u00e9liorer la fonctionnalit\u00e9 globale de leur site Web.<\/p>\n<ul>\n<li>Caract\u00e9ristiques d&rsquo;alimentation qui vous permettent de cr\u00e9er des formulaires personnalis\u00e9s rapidement et facilement<\/li>\n<li>Compatibilit\u00e9 avec une large gamme de plates-formes CMS, y compris WordPress et Shopify<\/li>\n<li>Une interface de glisser-d\u00e9poser conviviale qui ne n\u00e9cessite aucune comp\u00e9tence de codage<\/li>\n<li>Options de style compl\u00e8tes, y compris les CSS personnalis\u00e9s et les mod\u00e8les pr\u00e9d\u00e9finis<\/li>\n<li>Options de champ avanc\u00e9es, y compris la logique conditionnelle et les formulaires de plusieurs pages<\/li>\n<li>Stockage et chiffrement des donn\u00e9es s\u00e9curis\u00e9es pour garantir que les donn\u00e9es sensibles sont prot\u00e9g\u00e9es<\/li>\n<li>Options d&rsquo;int\u00e9gration avec des services tiers populaires, tels que Stripe et Salesforce<\/li>\n<li>Notifications par e-mail automatis\u00e9es pour vous tenir au courant avec les soumissions de formulaires<\/li>\n<li>Analytiques d\u00e9taill\u00e9es pour vous aider \u00e0 suivre les performances du formulaire et \u00e0 affiner votre strat\u00e9gie<\/li>\n<li>Conception r\u00e9active qui permet \u00e0 vos formulaires de para\u00eetre superbes sur tous les appareils.<\/li>\n<\/ul>\n","protected":false},"excerpt":{"rendered":"<p>Happy Forms Pro Form Builder est un outil tr\u00e8s sophistiqu\u00e9 pour construire des formulaires qui poss\u00e8dent la capacit\u00e9 de g\u00e9n\u00e9rer des formes visuellement attrayantes et personnalis\u00e9es m\u00eame si vous manquez d&rsquo;expertise de codage. Avec l&rsquo;utilisation de Happy Forms Pro, vous pouvez conceptualiser et publier sans effort divers formulaires, notamment des enqu\u00eates, des formulaires de r\u00e9troaction, des formulaires de contact, et plus encore en quelques clics. Ce logiciel fournit une interface conviviale accompagn\u00e9e de fonctionnalit\u00e9s de glisser-d\u00e9poser pratiques, de mod\u00e8les pr\u00e9-con\u00e7us et de plugins int\u00e9gr\u00e9s qui permettent les paiements transparents, l&rsquo;int\u00e9gration des m\u00e9dias sociaux et le marketing par e-mail. En outre, il int\u00e8gre des fonctionnalit\u00e9s avanc\u00e9es telles que la logique conditionnelle, les t\u00e9l\u00e9chargements de fichiers et la cr\u00e9ation de formulaires de plusieurs pages. De plus, Happy Forms Pro assure un niveau \u00e9lev\u00e9 de s\u00e9curit\u00e9 et de conformit\u00e9 avec les r\u00e9glementations du RGPD, garantissant la plus grande protection et la confidentialit\u00e9 de vos donn\u00e9es. En utilisant Happy Forms Pro Form Builder, vous avez la possibilit\u00e9 d&rsquo;am\u00e9liorer l&rsquo;exp\u00e9rience utilisateur de votre site Web et de rationaliser votre communication avec votre public.<\/p>\n","protected":false},"featured_media":144169,"comment_status":"open","ping_status":"open","template":"","meta":[],"product_brand":[2570],"product_cat":[1189,1181,1186],"product_tag":[1285],"class_list":{"0":"post-120013","1":"product","2":"type-product","3":"status-publish","4":"has-post-thumbnail","6":"product_brand-happyforms","7":"product_cat-personnalisation","8":"product_cat-plugins","9":"product_cat-wordpress-plugins","10":"product_tag-happyforms","11":"member-discount","12":"discount-restricted","14":"first","15":"instock","16":"sale","17":"downloadable","18":"virtual","19":"sold-individually","20":"purchasable","21":"product-type-simple"},"_links":{"self":[{"href":"https:\/\/gpl-love.com\/fr\/wp-json\/wp\/v2\/product\/120013","targetHints":{"allow":["GET"]}}],"collection":[{"href":"https:\/\/gpl-love.com\/fr\/wp-json\/wp\/v2\/product"}],"about":[{"href":"https:\/\/gpl-love.com\/fr\/wp-json\/wp\/v2\/types\/product"}],"replies":[{"embeddable":true,"href":"https:\/\/gpl-love.com\/fr\/wp-json\/wp\/v2\/comments?post=120013"}],"wp:featuredmedia":[{"embeddable":true,"href":"https:\/\/gpl-love.com\/fr\/wp-json\/wp\/v2\/media\/144169"}],"wp:attachment":[{"href":"https:\/\/gpl-love.com\/fr\/wp-json\/wp\/v2\/media?parent=120013"}],"wp:term":[{"taxonomy":"product_brand","embeddable":true,"href":"https:\/\/gpl-love.com\/fr\/wp-json\/wp\/v2\/product_brand?post=120013"},{"taxonomy":"product_cat","embeddable":true,"href":"https:\/\/gpl-love.com\/fr\/wp-json\/wp\/v2\/product_cat?post=120013"},{"taxonomy":"product_tag","embeddable":true,"href":"https:\/\/gpl-love.com\/fr\/wp-json\/wp\/v2\/product_tag?post=120013"}],"curies":[{"name":"wp","href":"https:\/\/api.w.org\/{rel}","templated":true}]}}