{"id":120009,"date":"2022-02-18T00:00:00","date_gmt":"2022-02-17T23:00:00","guid":{"rendered":"https:\/\/gpl-love.com\/fr\/produit\/groovy-mega-menu-responsive-mega-menu-plugin-pour-wordpress\/"},"modified":"2026-03-20T23:19:10","modified_gmt":"2026-03-20T22:19:10","slug":"groovy-mega-menu-responsive-mega-menu-plugin-pour-wordpress","status":"publish","type":"product","link":"https:\/\/gpl-love.com\/fr\/produit\/groovy-mega-menu-responsive-mega-menu-plugin-pour-wordpress\/","title":{"rendered":"Groovy Mega Menu Responsive Mega Menu Plugin pour WordPress 2.6.3"},"content":{"rendered":"<h3>Groovy Mega Menu Responsive Mega Menu Plugin pour WordPress Traits<\/h3>\n<p>Le mega Groovy Mega est un plugin Mega Menu exceptionnellement r\u00e9actif, m\u00e9ticuleusement con\u00e7u pour optimiser la navigation de votre site WordPress, le rendant remarquablement plus convivial et efficace. En utilisant ce plugin extraordinaire, vous pouvez cr\u00e9er sans effort des menus remarquablement \u00e9l\u00e9gants et hautement personnalisables qui fonctionnent et s&rsquo;adaptent de mani\u00e8re transparente aux appareils de bureau et mobiles. La vaste gamme de mod\u00e8les pr\u00e9-con\u00e7us et d&rsquo;options de personnalisation \u00e0 votre disposition vous permet aux menus de mode qui s&rsquo;alignent parfaitement avec l&rsquo;esth\u00e9tique de conception exquise de votre site. De plus, son interface utilisateur remarquablement intuitive facilite l&rsquo;ajout sans effort d&rsquo;images captivantes, de texte engageant et d&rsquo;autres contenus captivants \u00e0 vos menus. En substance, le mega Groovy Mega sert d&rsquo;instrument formidable, simplifiant le processus d&rsquo;enrichissement des capacit\u00e9s de navigation de votre site et d&rsquo;\u00e9l\u00e9vation de l&rsquo;exp\u00e9rience utilisateur globale \u00e0 des hauteurs sans pr\u00e9c\u00e9dent.<\/p>\n<ul>\n<li>Mega menu enti\u00e8rement r\u00e9actif pour les sites Web WordPress<\/li>\n<li>Interface de glisser-d\u00e9poser intuitive pour une personnalisation de menu facile<\/li>\n<li>Plusieurs colonnes et lignes avec des tailles et styles personnalisables<\/li>\n<li>Animations et transitions personnalisables pour un attrait visuel suppl\u00e9mentaire<\/li>\n<li>Capacit\u00e9 \u00e0 ajouter des ic\u00f4nes, des images et d&rsquo;autres m\u00e9dias aux \u00e9l\u00e9ments de menu<\/li>\n<li>Prend en charge l&rsquo;orientation du menu horizontal et vertical<\/li>\n<li>Diverses options de style pour l&rsquo;apparence du menu, y compris les polices, les couleurs et les arri\u00e8re-plans<\/li>\n<li>Conception conviviale pour la navigation sans couture sur tous les appareils<\/li>\n<li>Plugin l\u00e9ger optimis\u00e9 pour les temps de chargement rapide<\/li>\n<li>Documentation compl\u00e8te et \u00e9quipe de soutien d\u00e9di\u00e9e disponible pour l&rsquo;aide.<\/li>\n<\/ul>\n","protected":false},"excerpt":{"rendered":"<p>Groovy Mega Menu, un plugin de menu Mega exceptionnel sp\u00e9cifiquement con\u00e7u pour les sites Web WordPress, appara\u00eet comme un choix exceptionnel. Arm\u00e9 de sa conception r\u00e9active, il s&rsquo;harmonise parfaitement avec divers appareils mobiles, offrant une exp\u00e9rience utilisateur sans compromis. La fabrication de m\u00e9ga menus exquis n&rsquo;a jamais \u00e9t\u00e9 aussi simple avec le mega groovy, car il pr\u00e9sente un \u00e9ventail d&rsquo;options de personnalisation, comprenant plus de 10 mod\u00e8les pr\u00e9-con\u00e7us m\u00e9ticuleusement con\u00e7us, plus de 20 effets d&rsquo;animation captivants et un \u00e9diteur de glisser-d\u00e9poser exceptionnellement convivial. Des menus d\u00e9roulants simplistes aux m\u00e9ga menus complexes orn\u00e9s de colonnes, d&rsquo;images captivantes et de vid\u00e9os fascinantes, la polyvalence du mega Groovy Mega ne conna\u00eet pas de limites. Bid Adieu aux menus de navigation banale et adoptez les possibilit\u00e9s illimit\u00e9es offertes par Groovy Mega Menu sans d\u00e9lai!<\/p>\n","protected":false},"featured_media":144155,"comment_status":"open","ping_status":"open","template":"","meta":[],"product_brand":[2435],"product_cat":[1191,1181,1186],"product_tag":[1231],"class_list":{"0":"post-120009","1":"product","2":"type-product","3":"status-publish","4":"has-post-thumbnail","6":"product_brand-codecanyon","7":"product_cat-formes","8":"product_cat-plugins","9":"product_cat-wordpress-plugins","10":"product_tag-codecanyon","11":"member-discount","12":"discount-restricted","14":"first","15":"instock","16":"sale","17":"downloadable","18":"virtual","19":"sold-individually","20":"purchasable","21":"product-type-simple"},"_links":{"self":[{"href":"https:\/\/gpl-love.com\/fr\/wp-json\/wp\/v2\/product\/120009","targetHints":{"allow":["GET"]}}],"collection":[{"href":"https:\/\/gpl-love.com\/fr\/wp-json\/wp\/v2\/product"}],"about":[{"href":"https:\/\/gpl-love.com\/fr\/wp-json\/wp\/v2\/types\/product"}],"replies":[{"embeddable":true,"href":"https:\/\/gpl-love.com\/fr\/wp-json\/wp\/v2\/comments?post=120009"}],"wp:featuredmedia":[{"embeddable":true,"href":"https:\/\/gpl-love.com\/fr\/wp-json\/wp\/v2\/media\/144155"}],"wp:attachment":[{"href":"https:\/\/gpl-love.com\/fr\/wp-json\/wp\/v2\/media?parent=120009"}],"wp:term":[{"taxonomy":"product_brand","embeddable":true,"href":"https:\/\/gpl-love.com\/fr\/wp-json\/wp\/v2\/product_brand?post=120009"},{"taxonomy":"product_cat","embeddable":true,"href":"https:\/\/gpl-love.com\/fr\/wp-json\/wp\/v2\/product_cat?post=120009"},{"taxonomy":"product_tag","embeddable":true,"href":"https:\/\/gpl-love.com\/fr\/wp-json\/wp\/v2\/product_tag?post=120009"}],"curies":[{"name":"wp","href":"https:\/\/api.w.org\/{rel}","templated":true}]}}