{"id":120007,"date":"2026-04-18T00:00:00","date_gmt":"2026-04-17T22:00:00","guid":{"rendered":"https:\/\/gpl-love.com\/fr\/produit\/gravity-view-wordpress-plugin\/"},"modified":"2026-04-19T00:30:39","modified_gmt":"2026-04-18T22:30:39","slug":"gravity-view-wordpress-plugin","status":"publish","type":"product","link":"https:\/\/gpl-love.com\/fr\/produit\/gravity-view-wordpress-plugin\/","title":{"rendered":"Gravity View 2.57.0"},"content":{"rendered":"<h3>Gravity View Traits<\/h3>\n<p>Gravity View est un outil de pointe et r\u00e9volutionnaire qui offre un affichage global et complet de donn\u00e9es de formulaires de gravit\u00e9, r\u00e9volutionnant ainsi la fa\u00e7on dont les donn\u00e9es sont pr\u00e9sent\u00e9es. Ce plugin remarquable permet aux utilisateurs de g\u00e9n\u00e9rer sans effort des vues personnalis\u00e9es des soumissions de formulaires, permettant ainsi une gamme de repr\u00e9sentations visuellement attrayantes et informatives, y compris des tables, des r\u00e9pertoires, des calendriers, etc. En outre, il offre la commodit\u00e9 suppl\u00e9mentaire de la filtration, du tri et de la recherche de fonctionnalit\u00e9s, permettant aux utilisateurs de localiser rapidement et efficacement les informations sp\u00e9cifiques dont ils ont besoin. En tirant parti des immenses capacit\u00e9s de la vue de gravit\u00e9, les utilisateurs peuvent g\u00e9n\u00e9rer dynamiquement du contenu convaincant pour leurs sites Web, allant des r\u00e9pertoires d&rsquo;utilisateurs et des calendriers d&rsquo;\u00e9v\u00e9nements \u00e0 m\u00eame des listes de produits. L&rsquo;interface conviviale associ\u00e9e aux caract\u00e9ristiques exceptionnellement puissantes de la vue de gravit\u00e9 le rend un outil indispensable et indispensable pour les personnes qui comptent sur des formulaires de gravit\u00e9 pour la collecte de donn\u00e9es et sont impatients de le pr\u00e9senter de mani\u00e8re engageante et significative.<\/p>\n<ul>\n<li>Un plugin puissant pour WordPress qui permet aux utilisateurs d&rsquo;afficher et de manipuler les donn\u00e9es collect\u00e9es via des formulaires de gravit\u00e9<\/li>\n<li>Offre une vari\u00e9t\u00e9 de dispositions et de vues personnalisables, y compris des tables, des calendriers et des \u00e9crans de carte<\/li>\n<li>Permet aux utilisateurs de filtrer, trier et rechercher des donn\u00e9es, ainsi que d&rsquo;ajouter ou de modifier les entr\u00e9es directement \u00e0 partir de la frontale de leur site Web<\/li>\n<li>S&rsquo;int\u00e8gre \u00e0 une large gamme d&rsquo;outils et de services tiers, tels que WooCommerce, Zapier et MailChimp<\/li>\n<li>Propose des fonctionnalit\u00e9s avanc\u00e9es, telles que le formatage conditionnel, la pagination et les actions en vrac, pour aider les utilisateurs \u00e0 g\u00e9rer et \u00e0 organiser leurs donn\u00e9es plus efficacement<\/li>\n<li>Fournit des ressources approfondies de documentation et de support, y compris des guides utilisateur, des tutoriels vid\u00e9o et une \u00e9quipe d&rsquo;assistance d\u00e9di\u00e9e<\/li>\n<\/ul>\n","protected":false},"excerpt":{"rendered":"<p>Gravity View est un plugin remarquablement polyvalent sp\u00e9cialement con\u00e7u pour WordPress, offrant aux utilisateurs la commodit\u00e9 ultime de pr\u00e9senter sans effort leurs donn\u00e9es de forme de gravit\u00e9 directement sur leur site Web. De plus, ce plugin exceptionnel offre une pl\u00e9thore de vues \u00e9l\u00e9gantes et d&rsquo;options d&rsquo;affichage personnalisables, permettant aux utilisateurs de pr\u00e9senter leurs donn\u00e9es de mani\u00e8re captivante et compr\u00e9hensible. Que l&rsquo;objectif soit d&rsquo;\u00e9tablir des r\u00e9pertoires complexes, d&rsquo;effectuer des enqu\u00eates de satisfaction des clients ou de faciliter le suivi des commandes, la vue de gravit\u00e9 permet aux individus de transformer leurs donn\u00e9es de formes de gravit\u00e9 en affichages visuellement attrayants et enti\u00e8rement fonctionnels qui sont garantis de captiver et d&rsquo;\u00e9tonner les visiteurs du site Web. En tirant parti des immenses capacit\u00e9s de la vue de gravit\u00e9, les utilisateurs peuvent optimiser efficacement le potentiel de leurs donn\u00e9es de formes de gravit\u00e9 tout en augmentant simultan\u00e9ment la qualit\u00e9 et la fonctionnalit\u00e9 globales de leur site Web vers des hauteurs in\u00e9gal\u00e9es.<\/p>\n","protected":false},"featured_media":144129,"comment_status":"open","ping_status":"open","template":"","meta":[],"product_brand":[2565],"product_cat":[1191,1181,1186],"product_tag":[1275],"class_list":{"0":"post-120007","1":"product","2":"type-product","3":"status-publish","4":"has-post-thumbnail","6":"product_brand-gravityforms","7":"product_cat-formes","8":"product_cat-plugins","9":"product_cat-wordpress-plugins","10":"product_tag-gravityforms","11":"member-discount","12":"discount-restricted","14":"first","15":"instock","16":"sale","17":"downloadable","18":"virtual","19":"sold-individually","20":"purchasable","21":"product-type-simple"},"_links":{"self":[{"href":"https:\/\/gpl-love.com\/fr\/wp-json\/wp\/v2\/product\/120007","targetHints":{"allow":["GET"]}}],"collection":[{"href":"https:\/\/gpl-love.com\/fr\/wp-json\/wp\/v2\/product"}],"about":[{"href":"https:\/\/gpl-love.com\/fr\/wp-json\/wp\/v2\/types\/product"}],"replies":[{"embeddable":true,"href":"https:\/\/gpl-love.com\/fr\/wp-json\/wp\/v2\/comments?post=120007"}],"wp:featuredmedia":[{"embeddable":true,"href":"https:\/\/gpl-love.com\/fr\/wp-json\/wp\/v2\/media\/144129"}],"wp:attachment":[{"href":"https:\/\/gpl-love.com\/fr\/wp-json\/wp\/v2\/media?parent=120007"}],"wp:term":[{"taxonomy":"product_brand","embeddable":true,"href":"https:\/\/gpl-love.com\/fr\/wp-json\/wp\/v2\/product_brand?post=120007"},{"taxonomy":"product_cat","embeddable":true,"href":"https:\/\/gpl-love.com\/fr\/wp-json\/wp\/v2\/product_cat?post=120007"},{"taxonomy":"product_tag","embeddable":true,"href":"https:\/\/gpl-love.com\/fr\/wp-json\/wp\/v2\/product_tag?post=120007"}],"curies":[{"name":"wp","href":"https:\/\/api.w.org\/{rel}","templated":true}]}}