{"id":120005,"date":"2026-05-02T00:00:00","date_gmt":"2026-05-01T22:00:00","guid":{"rendered":"https:\/\/gpl-love.com\/fr\/produit\/gravity-forms-wordpress-plugin\/"},"modified":"2026-05-13T00:30:32","modified_gmt":"2026-05-12T22:30:32","slug":"gravity-forms-wordpress-plugin","status":"publish","type":"product","link":"https:\/\/gpl-love.com\/fr\/produit\/gravity-forms-wordpress-plugin\/","title":{"rendered":"Gravity Forms WordPress Plugin 2.10.1.1"},"content":{"rendered":"<h3>Gravity Forms WordPress Plugin Traits<\/h3>\n<p>Le plugin WordPress des formulaires Gravity est un constructeur de formulaires incroyablement robuste et tr\u00e8s efficace qui donne aux utilisateurs la possibilit\u00e9 de construire sans effort des formulaires personnalis\u00e9s pour leurs sites Web respectifs. Gr\u00e2ce \u00e0 l&rsquo;utilisation d&rsquo;une interface de glisser-d\u00e9poser simple et conviviale, les individus ont la capacit\u00e9 d&rsquo;incorporer de mani\u00e8re transparente une myriade de champs distincts dans leurs formes, y compris, mais sans s&rsquo;y limiter . Ce plugin particulier accorde en outre \u00e0 ses utilisateurs une multitude de fonctionnalit\u00e9s avanc\u00e9es, dont une logique conditionnelle, permettant aux individus d&rsquo;exposer s\u00e9lectivement ou de cacher des champs de formulaire sp\u00e9cifiques en fonction de l&rsquo;entr\u00e9e fournie par les utilisateurs. En outre, il convient de noter que les formulaires de gravit\u00e9 poss\u00e8dent la capacit\u00e9 de s&rsquo;int\u00e9grer de mani\u00e8re transparente avec diverses passerelles de paiement et des services de marketing par e-mail, ce qui en fait par la suite un outil exceptionnellement avantageux pour les entreprises qui cherchent avec ferveur \u00e0 am\u00e9liorer leur pr\u00e9sence num\u00e9rique. Peu importe que son objectif tourne autour de la cr\u00e9ation d&rsquo;un formulaire de contact de base ou d&rsquo;une enqu\u00eate plus complexe et multiforme, le plugin de WordPress de gravit\u00e9 repr\u00e9sente un choix exemplaire pour toute personne aspirant \u00e0 rationaliser son processus de cr\u00e9ation de forme.<\/p>\n<ul>\n<li>Plugin WordPress facile \u00e0 utiliser pour cr\u00e9er des formulaires sur votre site Web<\/li>\n<li>Permet la personnalisation des champs de formulaire, le style et la mise en page<\/li>\n<li>S&rsquo;int\u00e8gre aux services de marketing par e-mail populaires comme MailChimp et Aweber<\/li>\n<li>Fournit une logique conditionnelle pour afficher ou masquer les champs de formulaire en fonction de l&rsquo;entr\u00e9e utilisateur<\/li>\n<li>Offre une protection du spam via Recaptcha et la possibilit\u00e9 de limiter les soumissions de formulaires<\/li>\n<li>Fournit des analyses d\u00e9taill\u00e9es sur les soumissions de formulaires et le comportement des utilisateurs<\/li>\n<li>Permet des notifications de soumission de formulaires multiples par e-mail ou SMS<\/li>\n<li>Comprend des outils de d\u00e9veloppeur pour personnaliser les fonctions et les crochets<\/li>\n<li>Offre une vari\u00e9t\u00e9 de modules compl\u00e9mentaires pour des fonctionnalit\u00e9s suppl\u00e9mentaires, telles que les int\u00e9grations PayPal et Stripe.<\/li>\n<\/ul>\n","protected":false},"excerpt":{"rendered":"<p>Gravity Forms WordPress Plugin est une solution incroyablement robuste et conviviale qui vous permet de g\u00e9n\u00e9rer sans effort des formulaires personnalis\u00e9s sur votre site Web. Offrant une pl\u00e9thore de fonctionnalit\u00e9s impressionnantes, notamment une fonction de construction de formulaire de glisser-d\u00e9poser sans couture, la possibilit\u00e9 d&rsquo;appliquer une logique conditionnelle et une int\u00e9gration transparente avec des services de marketing par e-mail bien connus ainsi que des passerelles de paiement, les formulaires de gravit\u00e9 fournissent un moyen fluide et efficace de La collecte d&rsquo;informations pr\u00e9cieuses aupr\u00e8s des visiteurs de votre site Web et les transformant efficacement en prospects, clients ou abonn\u00e9s. L&rsquo;un des aspects les plus remarquables de ce plugin est sa personnalisation compl\u00e8te, vous permettant de modeler des formes qui s&rsquo;alignent parfaitement avec votre marque et d\u00e9gagent votre style unique. Que votre objectif soit d&rsquo;\u00e9tablir des formulaires de contact de base ou des enqu\u00eates de plusieurs pages complexes, les formulaires de gravit\u00e9 sont votre solution ultime, r\u00e9pondant \u00e0 tous vos besoins.<\/p>\n","protected":false},"featured_media":144101,"comment_status":"open","ping_status":"open","template":"","meta":[],"product_brand":[2565],"product_cat":[1191,1181,1186],"product_tag":[1275],"class_list":{"0":"post-120005","1":"product","2":"type-product","3":"status-publish","4":"has-post-thumbnail","6":"product_brand-gravityforms","7":"product_cat-formes","8":"product_cat-plugins","9":"product_cat-wordpress-plugins","10":"product_tag-gravityforms","11":"member-discount","12":"discount-restricted","14":"first","15":"instock","16":"sale","17":"downloadable","18":"virtual","19":"sold-individually","20":"purchasable","21":"product-type-simple"},"_links":{"self":[{"href":"https:\/\/gpl-love.com\/fr\/wp-json\/wp\/v2\/product\/120005","targetHints":{"allow":["GET"]}}],"collection":[{"href":"https:\/\/gpl-love.com\/fr\/wp-json\/wp\/v2\/product"}],"about":[{"href":"https:\/\/gpl-love.com\/fr\/wp-json\/wp\/v2\/types\/product"}],"replies":[{"embeddable":true,"href":"https:\/\/gpl-love.com\/fr\/wp-json\/wp\/v2\/comments?post=120005"}],"wp:featuredmedia":[{"embeddable":true,"href":"https:\/\/gpl-love.com\/fr\/wp-json\/wp\/v2\/media\/144101"}],"wp:attachment":[{"href":"https:\/\/gpl-love.com\/fr\/wp-json\/wp\/v2\/media?parent=120005"}],"wp:term":[{"taxonomy":"product_brand","embeddable":true,"href":"https:\/\/gpl-love.com\/fr\/wp-json\/wp\/v2\/product_brand?post=120005"},{"taxonomy":"product_cat","embeddable":true,"href":"https:\/\/gpl-love.com\/fr\/wp-json\/wp\/v2\/product_cat?post=120005"},{"taxonomy":"product_tag","embeddable":true,"href":"https:\/\/gpl-love.com\/fr\/wp-json\/wp\/v2\/product_tag?post=120005"}],"curies":[{"name":"wp","href":"https:\/\/api.w.org\/{rel}","templated":true}]}}