{"id":120003,"date":"2021-02-09T00:00:00","date_gmt":"2021-02-08T23:00:00","guid":{"rendered":"https:\/\/gpl-love.com\/fr\/produit\/gravity-forms-paypal-payments-pro-addon\/"},"modified":"2026-03-20T23:18:01","modified_gmt":"2026-03-20T22:18:01","slug":"gravity-forms-paypal-payments-pro-addon","status":"publish","type":"product","link":"https:\/\/gpl-love.com\/fr\/produit\/gravity-forms-paypal-payments-pro-addon\/","title":{"rendered":"Gravity Forms Paypal Payments Pro Addon 2.5.1"},"content":{"rendered":"<h3>Gravity Forms Paypal Payments Pro Addon Traits<\/h3>\n<p>La gravit\u00e9 forme Paypal Payments Pro Addon, r\u00e9put\u00e9 pour sa fonctionnalit\u00e9 remarquable, appara\u00eet comme un outil in\u00e9gal\u00e9 pour les entreprises et les particuliers qui cherchent \u00e0 rationaliser et \u00e0 am\u00e9liorer leur syst\u00e8me de traitement des paiements. Ce plugin remarquable int\u00e8gre de mani\u00e8re transparente PayPal Payments Pro dans la plate-forme des formulaires Gravity, facilitant ainsi le traitement des paiements sans faille et hautement s\u00e9curis\u00e9. Son impressionnante gamme de fonctionnalit\u00e9s, y compris la possibilit\u00e9 de g\u00e9rer les paiements r\u00e9currents et les champs de facturation de tailleur pour r\u00e9pondre aux besoins individuels, rend cet addon un actif indispensable pour ceux qui visaient \u00e0 automatiser leurs processus de paiement et \u00e0 \u00e9lever l&rsquo;exp\u00e9rience client globale. En effet, la gravit\u00e9 Forms Paypal Payments Pro Addon est un outil imp\u00e9ratif pour quiconque s&rsquo;efforce d&rsquo;optimiser son syst\u00e8me de traitement des paiements et de renforcer leur efficacit\u00e9 commerciale globale.<\/p>\n<ul>\n<li>Int\u00e9gration transparente du traitement des paiements PayPal avec des formulaires de gravit\u00e9<\/li>\n<li>Possibilit\u00e9 de personnaliser les options de paiement et les champs sur les formulaires de paiement<\/li>\n<li>Fournit une solution de paiement s\u00e9curis\u00e9e avec le syst\u00e8me de traitement des paiements de PayPal<\/li>\n<li>Permet des paiements et des abonnements r\u00e9currents via PayPal<\/li>\n<li>Compatible avec tous les modules compl\u00e9mentaires et int\u00e9grations des formulaires de gravit\u00e9<\/li>\n<li>Met automatiquement \u00e0 jour l&rsquo;\u00e9tat de paiement et les notifications dans les formulaires de gravit\u00e9<\/li>\n<li>Facile \u00e0 configurer avec des options de configuration simples<\/li>\n<li>Fournit des journaux de transaction d\u00e9taill\u00e9s pour un suivi et une gestion faciles<\/li>\n<li>Comprend la prise en charge de plusieurs devises et langues<\/li>\n<li>Excellent support client avec des mises \u00e0 jour gratuites et des corrections de bogues<\/li>\n<\/ul>\n","protected":false},"excerpt":{"rendered":"<p>En utilisant les formulaires de gravit\u00e9 remarquables Paypal Payments Pro Addon, vous \u00eates effectivement en mesure de recevoir des paiements en toute s\u00e9curit\u00e9 sur votre site Web via la formidable passerelle de paiement PayPal. Cet addon exceptionnel s&rsquo;int\u00e8gre parfaitement \u00e0 vos formulaires de gravit\u00e9, vous permettant d&rsquo;\u00e9tablir sans effort des formulaires de paiement personnalis\u00e9s et de rassembler sans effort les paiements sans rencontrer de g\u00eane. \u00c9quip\u00e9 de fonctionnalit\u00e9s de pointe telles que la facturation d&rsquo;abonnement et la capacit\u00e9 de conserver les donn\u00e9es des clients pour les transactions ult\u00e9rieures, cet addon rationalise sans effort vos efforts de gestion des paiements en ligne, favorisant ainsi l&rsquo;expansion de votre entreprise. Avec cette solution de paiement incroyablement puissante \u00e0 votre disposition, vous pouvez superviser de mani\u00e8re transparente votre processus de paiement et assurer une exp\u00e9rience client transparente.<\/p>\n","protected":false},"featured_media":144083,"comment_status":"open","ping_status":"open","template":"","meta":[],"product_brand":[2565],"product_cat":[1253,1181,1186],"product_tag":[1275],"class_list":{"0":"post-120003","1":"product","2":"type-product","3":"status-publish","4":"has-post-thumbnail","6":"product_brand-gravityforms","7":"product_cat-paiement","8":"product_cat-plugins","9":"product_cat-wordpress-plugins","10":"product_tag-gravityforms","11":"member-discount","12":"discount-restricted","14":"first","15":"instock","16":"sale","17":"downloadable","18":"virtual","19":"sold-individually","20":"purchasable","21":"product-type-simple"},"_links":{"self":[{"href":"https:\/\/gpl-love.com\/fr\/wp-json\/wp\/v2\/product\/120003","targetHints":{"allow":["GET"]}}],"collection":[{"href":"https:\/\/gpl-love.com\/fr\/wp-json\/wp\/v2\/product"}],"about":[{"href":"https:\/\/gpl-love.com\/fr\/wp-json\/wp\/v2\/types\/product"}],"replies":[{"embeddable":true,"href":"https:\/\/gpl-love.com\/fr\/wp-json\/wp\/v2\/comments?post=120003"}],"wp:featuredmedia":[{"embeddable":true,"href":"https:\/\/gpl-love.com\/fr\/wp-json\/wp\/v2\/media\/144083"}],"wp:attachment":[{"href":"https:\/\/gpl-love.com\/fr\/wp-json\/wp\/v2\/media?parent=120003"}],"wp:term":[{"taxonomy":"product_brand","embeddable":true,"href":"https:\/\/gpl-love.com\/fr\/wp-json\/wp\/v2\/product_brand?post=120003"},{"taxonomy":"product_cat","embeddable":true,"href":"https:\/\/gpl-love.com\/fr\/wp-json\/wp\/v2\/product_cat?post=120003"},{"taxonomy":"product_tag","embeddable":true,"href":"https:\/\/gpl-love.com\/fr\/wp-json\/wp\/v2\/product_tag?post=120003"}],"curies":[{"name":"wp","href":"https:\/\/api.w.org\/{rel}","templated":true}]}}