{"id":120001,"date":"2025-12-11T00:00:00","date_gmt":"2025-12-10T23:00:00","guid":{"rendered":"https:\/\/gpl-love.com\/fr\/produit\/gravity-forms-paypal-commerce-platform-addon\/"},"modified":"2026-03-20T23:18:00","modified_gmt":"2026-03-20T22:18:00","slug":"gravity-forms-paypal-commerce-platform-addon","status":"publish","type":"product","link":"https:\/\/gpl-love.com\/fr\/produit\/gravity-forms-paypal-commerce-platform-addon\/","title":{"rendered":"Gravity Forms PayPal Checkout Addon 4.0.1"},"content":{"rendered":"<h3>Gravity Forms PayPal Checkout Addon Traits<\/h3>\n<p>L&rsquo;addition de paiement PayPal des formulaires Gravity est un outil exceptionnellement robuste et dynamique qui permet aux utilisateurs d&rsquo;int\u00e9grer de mani\u00e8re transparente la fonctionnalit\u00e9 de paiement PayPal tr\u00e8s recherch\u00e9e directement dans leurs formulaires de gravit\u00e9. En tirant parti de cet addon incroyablement innovant, les utilisateurs sont autoris\u00e9s \u00e0 cr\u00e9er et \u00e0 personnaliser sans effort des formulaires \u00e9quip\u00e9s d&rsquo;options de paiement PayPal, offrant ainsi \u00e0 leurs clients estim\u00e9s la commodit\u00e9 et la tranquillit\u00e9 d&rsquo;esprit sans pr\u00e9c\u00e9dent de l&#8217;embarcation dans des transactions s\u00e9curis\u00e9es et exp\u00e9di\u00e9es \u00e0 travers quelques clics. Impeccablement con\u00e7u pour rationaliser le processus complexe de traitement des paiements, cet addon inestimable garantit une exp\u00e9rience de paiement sans faille et gratifiant pour les clients tout en fournissant simultan\u00e9ment aux entreprises une solution de gestion de paiement exceptionnellement efficace. Notamment, cet addon de pointe poss\u00e8de une impressionnante gamme d&rsquo;options de paiement personnalisables, la capacit\u00e9 de g\u00e9rer efficacement plusieurs sc\u00e9narios de paiement et une richesse de mesures de s\u00e9curit\u00e9 avanc\u00e9es m\u00e9ticuleusement mises en \u0153uvre pour prot\u00e9ger et fortifier m\u00e9ticuleusement un sens inestimable de confiance et de confiance et de confiance iNieu chez les clients et les entreprises. Il est sans aucun doute que la gravit\u00e9 des formulaires Paypal \u00e0 la caisse est d\u00e9finitivement une ressource indispensable et non n\u00e9gociable pour les entreprises avec avide \u00e0 favoriser la fid\u00e9lit\u00e9 \u00e0 long terme de la client\u00e8le et \u00e0 offrir \u00e0 leurs clients estim\u00e9s une alternative de paiement sans effort sans effort sans effort et sans effort.<\/p>\n<ul>\n<li>Int\u00e9grez de mani\u00e8re transparente les paiements PayPal dans vos formulaires de gravit\u00e9<\/li>\n<li>Offrez \u00e0 vos clients un moyen rapide et facile de payer pour vos produits ou services<\/li>\n<li>Personnalisez votre processus de paiement avec divers param\u00e8tres et options<\/li>\n<li>Gardez une trace des informations de paiement et des d\u00e9tails de la transaction dans vos formulaires de gravit\u00e9 Tableau de bord<\/li>\n<li>Assurer le traitement des paiements s\u00e9curis\u00e9s gr\u00e2ce \u00e0 des mesures de cryptage et de protection contre la fraude de PayPal<\/li>\n<li>Configurez et g\u00e9rez facilement les paiements r\u00e9currents pour les services d&rsquo;abonnement ou les plans de versement<\/li>\n<li>Obtenez le soutien et les mises \u00e0 jour de l&rsquo;\u00e9quipe d&rsquo;experts d\u00e9di\u00e9e de Gravity Forms.<\/li>\n<\/ul>\n","protected":false},"excerpt":{"rendered":"<p>L&rsquo;addon de paiement PayPal Forms Gravity est une solution id\u00e9ale pour les entreprises visant \u00e0 am\u00e9liorer l&rsquo;efficacit\u00e9 de leur proc\u00e9dure de paiement. En incorporant cet addon simple, mais remarquablement puissant, vous pouvez assommer sans effort vos formulaires de gravit\u00e9 avec PayPal, simplifiant ainsi l&rsquo;exp\u00e9rience transactionnelle pour votre client\u00e8le estim\u00e9e. Cet addon pr\u00e9sente une passerelle de paiement tr\u00e8s fiable et s\u00e9curis\u00e9e, assurant la plus grande confidentialit\u00e9 et protection des donn\u00e9es sensibles de vos clients. En outre, son processus d&rsquo;installation et de configuration est sans tracas, vous permettant d&rsquo;initier rapidement l&rsquo;acceptation des paiements sans aucun retard.<\/p>\n","protected":false},"featured_media":144082,"comment_status":"open","ping_status":"open","template":"","meta":[],"product_brand":[2565],"product_cat":[1191,1181,1186],"product_tag":[1275],"class_list":{"0":"post-120001","1":"product","2":"type-product","3":"status-publish","4":"has-post-thumbnail","6":"product_brand-gravityforms","7":"product_cat-formes","8":"product_cat-plugins","9":"product_cat-wordpress-plugins","10":"product_tag-gravityforms","11":"member-discount","12":"discount-restricted","14":"first","15":"instock","16":"sale","17":"downloadable","18":"virtual","19":"sold-individually","20":"purchasable","21":"product-type-simple"},"_links":{"self":[{"href":"https:\/\/gpl-love.com\/fr\/wp-json\/wp\/v2\/product\/120001","targetHints":{"allow":["GET"]}}],"collection":[{"href":"https:\/\/gpl-love.com\/fr\/wp-json\/wp\/v2\/product"}],"about":[{"href":"https:\/\/gpl-love.com\/fr\/wp-json\/wp\/v2\/types\/product"}],"replies":[{"embeddable":true,"href":"https:\/\/gpl-love.com\/fr\/wp-json\/wp\/v2\/comments?post=120001"}],"wp:featuredmedia":[{"embeddable":true,"href":"https:\/\/gpl-love.com\/fr\/wp-json\/wp\/v2\/media\/144082"}],"wp:attachment":[{"href":"https:\/\/gpl-love.com\/fr\/wp-json\/wp\/v2\/media?parent=120001"}],"wp:term":[{"taxonomy":"product_brand","embeddable":true,"href":"https:\/\/gpl-love.com\/fr\/wp-json\/wp\/v2\/product_brand?post=120001"},{"taxonomy":"product_cat","embeddable":true,"href":"https:\/\/gpl-love.com\/fr\/wp-json\/wp\/v2\/product_cat?post=120001"},{"taxonomy":"product_tag","embeddable":true,"href":"https:\/\/gpl-love.com\/fr\/wp-json\/wp\/v2\/product_tag?post=120001"}],"curies":[{"name":"wp","href":"https:\/\/api.w.org\/{rel}","templated":true}]}}