{"id":119998,"date":"2025-12-07T00:00:00","date_gmt":"2025-12-06T23:00:00","guid":{"rendered":"https:\/\/gpl-love.com\/fr\/produit\/filebird-pro-easy-media-library-folders\/"},"modified":"2026-03-20T23:05:50","modified_gmt":"2026-03-20T22:05:50","slug":"filebird-pro-easy-media-library-folders","status":"publish","type":"product","link":"https:\/\/gpl-love.com\/fr\/produit\/filebird-pro-easy-media-library-folders\/","title":{"rendered":"FileBird Pro Easy Media Library Folders 6.5.2"},"content":{"rendered":"<h3>FileBird Pro Easy Media Library Folders Traits<\/h3>\n<p>FileBird Pro Easy Media Library Biblioth\u00e8que est un produit innovant et r\u00e9volutionnaire qui simplifie le processus d&rsquo;organisation et de gestion des fichiers multim\u00e9dias de mani\u00e8re sans effort. Cet outil exceptionnellement robuste vous permet de cr\u00e9er sans effort des dossiers et des sous-dossiers personnalis\u00e9s dans votre biblioth\u00e8que de m\u00e9dias WordPress, rationalisant ainsi le processus de cat\u00e9gorisation et de localisation rapidement de vos fichiers. En tirant parti des capacit\u00e9s remarquables de FileBird Pro, vous gagnez la possibilit\u00e9 de faire glisser et d\u00e9poser de mani\u00e8re transparente les fichiers dans vos dossiers et de les r\u00e9organiser sans effort selon les besoins. L&rsquo;interface utilisateur est incroyablement conviviale et intrins\u00e8quement intuitive, ce qui la rend facilement accessible aux individus \u00e0 tous les niveaux de comp\u00e9tence. De plus, FileBird Pro offre une compatibilit\u00e9 avec la majorit\u00e9 des th\u00e8mes et plugins WordPress, cimentant son statut de solution exceptionnellement polyvalente pour tout site Web. Offrez des adieux \u00e0 la t\u00e2che exasp\u00e9rante et chronophage de parcourir vos fichiers multim\u00e9dias et d&rsquo;uiter une nouvelle \u00e8re d&rsquo;organisation et d&rsquo;efficacit\u00e9 avec les dossiers de biblioth\u00e8que de m\u00e9dias FileBird Remarque Easy Easy.<\/p>\n<ul>\n<li>Organiser et g\u00e9rer sans effort vos fichiers multim\u00e9dias<\/li>\n<li>Cr\u00e9er des dossiers illimit\u00e9s pour une cat\u00e9gorisation transparente<\/li>\n<li>Faites glisser et d\u00e9posez vos fichiers dans les dossiers d\u00e9sign\u00e9s<\/li>\n<li>Rechercher et localiser facilement des fichiers sp\u00e9cifiques<\/li>\n<li>Am\u00e9liorez votre flux de travail et gagnez du temps avec une organisation simplifi\u00e9e<\/li>\n<li>Compatible avec une vari\u00e9t\u00e9 de types de fichiers multim\u00e9dias<\/li>\n<li>Interface conviviale pour la gestion des fichiers intuitifs<\/li>\n<li>Am\u00e9liorez votre site Web ou votre projet avec la gestion des m\u00e9dias polis<\/li>\n<li>Explorez les fonctionnalit\u00e9s de luxe avec la version PRO, y compris la synchronisation automatique et l&rsquo;acc\u00e8s \u00e0 des dossiers distants.<\/li>\n<\/ul>\n","protected":false},"excerpt":{"rendered":"<p>FileBird Pro Easy Media Library Biblioth\u00e8que est un outil de gestion de fichiers global et complet sp\u00e9cialement con\u00e7u pour WordPress, visant \u00e0 simplifier le processus d&rsquo;organisation et de gestion de vos fichiers multim\u00e9dias. Ce plugin remarquable permet aux utilisateurs de cr\u00e9er sans effort des dossiers et des cat\u00e9gories personnalis\u00e9s, garantissant ainsi un syst\u00e8me de stockage organis\u00e9 pour tous leurs fichiers. Par cons\u00e9quent, la localisation et la r\u00e9cup\u00e9ration des fichiers souhait\u00e9s devient une entreprise sans effort pr\u00e9cis\u00e9ment si n\u00e9cessaire. L&rsquo;interface glisser-d\u00e9poser conviviale facilite en outre le mouvement et le r\u00e9arrangement transparents des fichiers dans la biblioth\u00e8que, permettant une r\u00e9organisation efficace selon les pr\u00e9f\u00e9rences individuelles. De plus, l&rsquo;inclusion de fonctionnalit\u00e9s avanc\u00e9es telles que la gestion des fichiers en vrac et l&rsquo;organisation automatique des fichiers \u00e9l\u00e8vent ce plugin \u00e0 un statut indispensable pour les personnes impliqu\u00e9es dans une gestion approfondie des fichiers multim\u00e9dias. Pour saisir pleinement les avantages offerts par les dossiers de biblioth\u00e8que de m\u00e9dias FileBird Pro Easy, il est fortement recommand\u00e9 d&rsquo;essayer et de vivre l&rsquo;efficacit\u00e9 et d&rsquo;optimisation am\u00e9lior\u00e9es qu&rsquo;il apporte \u00e0 votre biblioth\u00e8que de m\u00e9dias WordPress.<\/p>\n","protected":false},"featured_media":143865,"comment_status":"open","ping_status":"open","template":"","meta":[],"product_brand":[2435],"product_cat":[1187,1181,1186],"product_tag":[1231],"class_list":{"0":"post-119998","1":"product","2":"type-product","3":"status-publish","4":"has-post-thumbnail","6":"product_brand-codecanyon","7":"product_cat-administration-wordpress-plugins","8":"product_cat-plugins","9":"product_cat-wordpress-plugins","10":"product_tag-codecanyon","11":"member-discount","12":"discount-restricted","14":"first","15":"instock","16":"sale","17":"downloadable","18":"virtual","19":"sold-individually","20":"purchasable","21":"product-type-simple"},"_links":{"self":[{"href":"https:\/\/gpl-love.com\/fr\/wp-json\/wp\/v2\/product\/119998","targetHints":{"allow":["GET"]}}],"collection":[{"href":"https:\/\/gpl-love.com\/fr\/wp-json\/wp\/v2\/product"}],"about":[{"href":"https:\/\/gpl-love.com\/fr\/wp-json\/wp\/v2\/types\/product"}],"replies":[{"embeddable":true,"href":"https:\/\/gpl-love.com\/fr\/wp-json\/wp\/v2\/comments?post=119998"}],"wp:featuredmedia":[{"embeddable":true,"href":"https:\/\/gpl-love.com\/fr\/wp-json\/wp\/v2\/media\/143865"}],"wp:attachment":[{"href":"https:\/\/gpl-love.com\/fr\/wp-json\/wp\/v2\/media?parent=119998"}],"wp:term":[{"taxonomy":"product_brand","embeddable":true,"href":"https:\/\/gpl-love.com\/fr\/wp-json\/wp\/v2\/product_brand?post=119998"},{"taxonomy":"product_cat","embeddable":true,"href":"https:\/\/gpl-love.com\/fr\/wp-json\/wp\/v2\/product_cat?post=119998"},{"taxonomy":"product_tag","embeddable":true,"href":"https:\/\/gpl-love.com\/fr\/wp-json\/wp\/v2\/product_tag?post=119998"}],"curies":[{"name":"wp","href":"https:\/\/api.w.org\/{rel}","templated":true}]}}